{"id":618,"date":"2025-04-12T20:05:58","date_gmt":"2025-04-12T23:05:58","guid":{"rendered":"https:\/\/system360.com.br\/home\/condiciones-de-uso\/"},"modified":"2025-05-11T09:45:23","modified_gmt":"2025-05-11T12:45:23","slug":"condiciones-de-uso","status":"publish","type":"page","link":"https:\/\/system360.com.br\/home\/es\/condiciones-de-uso\/","title":{"rendered":"Condiciones de uso"},"content":{"rendered":"\t\t<div data-elementor-type=\"wp-page\" data-elementor-id=\"618\" class=\"elementor elementor-618\" data-elementor-post-type=\"page\">\n\t\t\t\t<div class=\"elementor-element elementor-element-36d8421 e-flex e-con-boxed e-con e-parent\" data-id=\"36d8421\" data-element_type=\"container\" data-e-type=\"container\">\n\t\t\t\t\t<div class=\"e-con-inner\">\n\t\t\t\t<div class=\"elementor-element elementor-element-e03e478 elementor-widget elementor-widget-heading\" data-id=\"e03e478\" data-element_type=\"widget\" data-e-type=\"widget\" data-widget_type=\"heading.default\">\n\t\t\t\t<div class=\"elementor-widget-container\">\n\t\t\t\t\t<h2 class=\"elementor-heading-title elementor-size-default\">Condiciones de uso de System360 CRM<\/h2>\t\t\t\t<\/div>\n\t\t\t\t<\/div>\n\t\t\t\t<div class=\"elementor-element elementor-element-8b9fd93 elementor-widget elementor-widget-text-editor\" data-id=\"8b9fd93\" data-element_type=\"widget\" data-e-type=\"widget\" data-widget_type=\"text-editor.default\">\n\t\t\t\t<div class=\"elementor-widget-container\">\n\t\t\t\t\t\t\t\t\t<p class=\"\" data-start=\"329\" data-end=\"569\"><strong data-start=\"329\" data-end=\"353\"><span><span class=\"\">Entrada en vigor:<\/span><\/span><\/strong><span><span class=\"\">\u00a012\/04\/2025<\/span><\/span><br data-start=\"374\" data-end=\"377\" \/><strong data-start=\"377\" data-end=\"406\"><span><span class=\"\">Raz\u00f3n social responsable:<\/span><\/span><\/strong><span><span class=\"\">\u00a0TXR Solu\u00e7\u00f5es e Tecnologia Ltda<\/span><\/span><br data-start=\"437\" data-end=\"440\" \/><strong data-start=\"440\" data-end=\"449\"><span><span class=\"\">CNPJ:<\/span><\/span><\/strong><span><span class=\"\">\u00a012.661.465\/0001-72<\/span><\/span><br data-start=\"468\" data-end=\"471\" \/><strong data-start=\"471\" data-end=\"484\"><span><span class=\"\">Direcci\u00f3n:<\/span><\/span><\/strong><span><span class=\"\">\u00a0Marechal Deodoro, Alagoas \u2013 Brasil<\/span><\/span><br data-start=\"519\" data-end=\"522\" \/><strong data-start=\"522\" data-end=\"542\"><span><span class=\"\">Contacto oficial:\u00a0<\/span><\/span><\/strong><a rel=\"noopener\" data-start=\"543\" data-end=\"567\"><span><span class=\"\">contato@system360.com.br<\/span><\/span><\/a><\/p><hr class=\"\" data-start=\"571\" data-end=\"574\" \/><h2 class=\"\" data-start=\"576\" data-end=\"602\"><span>1. Aceptaci\u00f3n de los T\u00e9rminos<\/span><\/h2><p class=\"\" data-start=\"604\" data-end=\"789\"><span>Al utilizar System360 CRM, el usuario declara haber le\u00eddo, comprendido y aceptado \u00edntegramente los presentes T\u00e9rminos de Uso, siendo responsable de cumplir con todas las condiciones aqu\u00ed descritas.<\/span><\/p><hr class=\"\" data-start=\"791\" data-end=\"794\" \/><h2 class=\"\" data-start=\"796\" data-end=\"808\"><span>2. Objeto<\/span><\/h2><p class=\"\" data-start=\"810\" data-end=\"1008\"><span>System360 CRM es una plataforma de gesti\u00f3n empresarial basada en la nube que ofrece CRM, automatizaci\u00f3n de procesos, gesti\u00f3n de ventas, propuestas, contratos, tareas, atenci\u00f3n al cliente y capacidades de informes.<\/span><\/p><p class=\"\" data-start=\"1010\" data-end=\"1122\"><span>El servicio est\u00e1 disponible mediante suscripci\u00f3n y accesible a trav\u00e9s del navegador web, con una prueba gratuita de 14 d\u00edas.<\/span><\/p><hr class=\"\" data-start=\"1124\" data-end=\"1127\" \/><h2 class=\"\" data-start=\"1129\" data-end=\"1165\"><span>3. Responsabilidades del usuario<\/span><\/h2><ul data-start=\"1167\" data-end=\"1639\"><li class=\"\" data-start=\"1167\" data-end=\"1314\"><p class=\"\" data-start=\"1169\" data-end=\"1314\"><span>El usuario es\u00a0<\/span><strong data-start=\"1181\" data-end=\"1261\"><span>enteramente responsable de la informaci\u00f3n y datos registrados en la plataforma<\/span><\/strong><span>\u00a0, incluidos datos personales y comerciales de terceros.<\/span><\/p><\/li><li class=\"\" data-start=\"1315\" data-end=\"1490\"><p class=\"\" data-start=\"1317\" data-end=\"1490\"><span>El usuario debe garantizar la seguridad de sus credenciales de acceso, as\u00ed como\u00a0<\/span><strong data-start=\"1394\" data-end=\"1473\"><span>evaluar cuidadosamente los niveles de permisos asignados a otros usuarios<\/span><\/strong><span>\u00a0dentro de la cuenta.<\/span><\/p><\/li><li class=\"\" data-start=\"1491\" data-end=\"1639\"><p class=\"\" data-start=\"1493\" data-end=\"1639\"><span>TXR Solu\u00e7\u00f5es e Tecnologia Ltda\u00a0<\/span><strong data-start=\"1526\" data-end=\"1639\"><span>no se responsabiliza por el acceso indebido o uso incorrecto causado por fallas de gesti\u00f3n interna por parte del cliente.<\/span><\/strong><\/p><\/li><\/ul><hr class=\"\" data-start=\"1641\" data-end=\"1644\" \/><h2 class=\"\" data-start=\"1646\" data-end=\"1675\"><span>4. Seguridad de la informaci\u00f3n<\/span><\/h2><ul data-start=\"1677\" data-end=\"1989\"><li class=\"\" data-start=\"1677\" data-end=\"1868\"><p class=\"\" data-start=\"1679\" data-end=\"1747\"><span>System360 adopta estrictas medidas de protecci\u00f3n de datos, que incluyen:<\/span><\/p><ul data-start=\"1750\" data-end=\"1868\"><li class=\"\" data-start=\"1750\" data-end=\"1777\"><p class=\"\" data-start=\"1752\" data-end=\"1777\"><strong data-start=\"1752\" data-end=\"1777\"><span>Cifrado de datos<\/span><\/strong><\/p><\/li><li class=\"\" data-start=\"1780\" data-end=\"1817\"><p class=\"\" data-start=\"1782\" data-end=\"1817\"><strong data-start=\"1782\" data-end=\"1817\"><span>Copias de seguridad autom\u00e1ticas y peri\u00f3dicas<\/span><\/strong><\/p><\/li><li class=\"\" data-start=\"1820\" data-end=\"1868\"><p class=\"\" data-start=\"1822\" data-end=\"1868\"><strong data-start=\"1822\" data-end=\"1868\"><span>Alojamiento seguro en servidores protegidos<\/span><\/strong><\/p><\/li><\/ul><\/li><li class=\"\" data-start=\"1869\" data-end=\"1989\"><p class=\"\" data-start=\"1871\" data-end=\"1989\"><span>Aun as\u00ed,\u00a0<\/span><strong data-start=\"1884\" data-end=\"1919\"><span>ning\u00fan sistema es 100% infalible<\/span><\/strong><span>\u00a0y el usuario reconoce los riesgos inherentes al uso de sistemas en l\u00ednea.<\/span><\/p><\/li><\/ul><hr class=\"\" data-start=\"1991\" data-end=\"1994\" \/><h2 class=\"\" data-start=\"1996\" data-end=\"2035\"><span>5. Pagos y Condiciones Comerciales<\/span><\/h2><ul data-start=\"2037\" data-end=\"2459\"><li class=\"\" data-start=\"2037\" data-end=\"2179\"><p class=\"\" data-start=\"2039\" data-end=\"2179\"><span>El pago de servicios se realiza a trav\u00e9s de\u00a0<\/span><strong data-start=\"2086\" data-end=\"2178\"><span>intermediarios (gateways) como Stripe, Mercado Pago, Google Pay, Apple Pay, EFI y ASAAS<\/span><\/strong><span>\u00a0.<\/span><\/p><\/li><li class=\"\" data-start=\"2180\" data-end=\"2318\"><p class=\"\" data-start=\"2182\" data-end=\"2318\"><span>La facturaci\u00f3n se realiza seg\u00fan el plan elegido por el usuario y sigue las condiciones y frecuencia pactadas en el momento de la contrataci\u00f3n.<\/span><\/p><\/li><li class=\"\" data-start=\"2319\" data-end=\"2459\"><p class=\"\" data-start=\"2321\" data-end=\"2459\"><span>La\u00a0<\/span><strong data-start=\"2323\" data-end=\"2352\"><span>prueba gratuita de 14 d\u00edas<\/span><\/strong><span>\u00a0est\u00e1 disponible solo para nuevos usuarios y no requiere detalles de pago durante el per\u00edodo de prueba.<\/span><\/p><\/li><\/ul><hr class=\"\" data-start=\"2461\" data-end=\"2464\" \/><h2 class=\"\" data-start=\"2466\" data-end=\"2506\"><span>6. Predeterminado y eliminaci\u00f3n de cuenta<\/span><\/h2><ul data-start=\"2508\" data-end=\"2923\"><li class=\"\" data-start=\"2508\" data-end=\"2596\"><p class=\"\" data-start=\"2510\" data-end=\"2596\"><span>En caso de\u00a0<\/span><strong data-start=\"2521\" data-end=\"2557\"><span>incumplimiento de m\u00e1s de 45 d\u00edas<\/span><\/strong><span>\u00a0, la cuenta ser\u00e1 considerada\u00a0<\/span><strong data-start=\"2584\" data-end=\"2595\"><span>inactiva<\/span><\/strong><span>\u00a0.<\/span><\/p><\/li><li class=\"\" data-start=\"2597\" data-end=\"2809\"><p class=\"\" data-start=\"2599\" data-end=\"2615\"><span>Despu\u00e9s de esta fecha l\u00edmite:<\/span><\/p><ul data-start=\"2618\" data-end=\"2809\"><li class=\"\" data-start=\"2618\" data-end=\"2731\"><p class=\"\" data-start=\"2620\" data-end=\"2731\"><span>La cuenta podr\u00e1 ser\u00a0<\/span><strong data-start=\"2639\" data-end=\"2681\"><span>suspendida y\/o eliminada autom\u00e1ticamente<\/span><\/strong><span>\u00a0, con\u00a0<\/span><strong data-start=\"2687\" data-end=\"2719\"><span>la eliminaci\u00f3n permanente de los datos vinculados<\/span><\/strong><span>\u00a0.<\/span><\/p><\/li><li class=\"\" data-start=\"2734\" data-end=\"2809\"><p class=\"\" data-start=\"2736\" data-end=\"2809\"><span>Antes de la eliminaci\u00f3n,\u00a0<\/span><strong data-start=\"2772\" data-end=\"2808\"><span>se intentar\u00e1 comunicarnos con usted por correo electr\u00f3nico<\/span><\/strong><span>\u00a0.<\/span><\/p><\/li><\/ul><\/li><li class=\"\" data-start=\"2810\" data-end=\"2923\"><p class=\"\" data-start=\"2812\" data-end=\"2923\"><span>El usuario es el \u00fanico responsable de realizar copias de seguridad o exportaciones de datos antes de la terminaci\u00f3n definitiva.<\/span><\/p><\/li><\/ul><hr class=\"\" data-start=\"2925\" data-end=\"2928\" \/><h2 class=\"\" data-start=\"2930\" data-end=\"2957\"><span>7. Cancelaci\u00f3n de la cuenta<\/span><\/h2><ul data-start=\"2959\" data-end=\"3310\"><li class=\"\" data-start=\"2959\" data-end=\"3080\"><p class=\"\" data-start=\"2961\" data-end=\"3080\"><span>El usuario podr\u00e1 solicitar la cancelaci\u00f3n de su cuenta en cualquier momento a trav\u00e9s del soporte en\u00a0<\/span><a rel=\"noopener\" data-start=\"3055\" data-end=\"3079\"><span>contacto@system360.com.br<\/span><\/a><span>\u00a0.<\/span><\/p><\/li><li class=\"\" data-start=\"3081\" data-end=\"3310\"><p class=\"\" data-start=\"3083\" data-end=\"3103\"><span>Despu\u00e9s de la cancelaci\u00f3n:<\/span><\/p><ul data-start=\"3106\" data-end=\"3310\"><li class=\"\" data-start=\"3106\" data-end=\"3131\"><p class=\"\" data-start=\"3108\" data-end=\"3131\"><span>Se revocar\u00e1 el acceso.<\/span><\/p><\/li><li class=\"\" data-start=\"3134\" data-end=\"3241\"><p class=\"\" data-start=\"3136\" data-end=\"3241\"><span>Los datos almacenados se conservar\u00e1n\u00a0<\/span><strong data-start=\"3176\" data-end=\"3191\"><span>hasta 30 d\u00edas<\/span><\/strong><span>\u00a0para su posible recuperaci\u00f3n previa solicitud formal.<\/span><\/p><\/li><li class=\"\" data-start=\"3244\" data-end=\"3310\"><p class=\"\" data-start=\"3246\" data-end=\"3310\"><span>Despu\u00e9s de este per\u00edodo, los datos ser\u00e1n\u00a0<\/span><strong data-start=\"3280\" data-end=\"3309\"><span>eliminados definitivamente<\/span><\/strong><span>\u00a0.<\/span><\/p><\/li><\/ul><\/li><\/ul><hr class=\"\" data-start=\"3312\" data-end=\"3315\" \/><h2 class=\"\" data-start=\"3317\" data-end=\"3353\"><span>8. Soporte, Quejas y Contacto<\/span><\/h2><ul data-start=\"3355\" data-end=\"3473\"><li class=\"\" data-start=\"3355\" data-end=\"3473\"><p class=\"\" data-start=\"3357\" data-end=\"3473\"><span>Soporte t\u00e9cnico, dudas, sugerencias y reclamaciones deben dirigirse a:<\/span><br data-start=\"3437\" data-end=\"3440\" \/><span>\ud83d\udce7\u00a0<\/span><strong data-start=\"3445\" data-end=\"3473\"><a rel=\"noopener\" data-start=\"3447\" data-end=\"3471\"><span>contato@system360.com.br<\/span><\/a><\/strong><\/p><\/li><\/ul><hr class=\"\" data-start=\"3475\" data-end=\"3478\" \/><h2 class=\"\" data-start=\"3480\" data-end=\"3507\"><span>9. Cambios en los T\u00e9rminos<\/span><\/h2><p class=\"\" data-start=\"3509\" data-end=\"3760\"><span>TXR Solu\u00e7\u00f5es e Tecnologia Ltda se reserva el derecho de modificar estos T\u00e9rminos en cualquier momento. Los cambios entrar\u00e1n en vigor a partir de la fecha de publicaci\u00f3n. El uso continuado de la Plataforma despu\u00e9s de esa fecha constituye la aceptaci\u00f3n de los nuevos t\u00e9rminos.<\/span><\/p><hr class=\"\" data-start=\"3762\" data-end=\"3765\" \/><h2 class=\"\" data-start=\"3767\" data-end=\"3778\"><span>10. Foro<\/span><\/h2><p class=\"\" data-start=\"3780\" data-end=\"3983\"><span>Se elige la jurisdicci\u00f3n del distrito de\u00a0<\/span><strong data-start=\"3813\" data-end=\"3851\"><span>Marechal Deodoro, Alagoas \u2013 Brasil<\/span><\/strong><span>\u00a0, para resolver cualquier disputa derivada de estos T\u00e9rminos de Uso, con renuncia a cualquier otra, por privilegiada que sea.<\/span><\/p><hr class=\"\" data-start=\"3985\" data-end=\"3988\" \/><p class=\"\" data-start=\"3990\" data-end=\"4078\"><strong data-start=\"3990\" data-end=\"4024\"><span>TXR Soluciones y Tecnolog\u00eda Ltda<\/span><\/strong><br data-start=\"4024\" data-end=\"4027\" \/><span>System360 CRM \u2014 Tecnolog\u00eda para que tu gesti\u00f3n crezca.<\/span><\/p>\t\t\t\t\t\t\t\t<\/div>\n\t\t\t\t<\/div>\n\t\t\t\t\t<\/div>\n\t\t\t\t<\/div>\n\t\t\t\t<section class=\"elementor-section elementor-top-section elementor-element elementor-element-4af41d6 elementor-section-boxed elementor-section-height-default elementor-section-height-default\" data-id=\"4af41d6\" data-element_type=\"section\" data-e-type=\"section\" data-settings=\"{&quot;background_background&quot;:&quot;classic&quot;}\">\n\t\t\t\t\t\t\t<div class=\"elementor-background-overlay\"><\/div>\n\t\t\t\t\t\t\t<div class=\"elementor-container elementor-column-gap-default\">\n\t\t\t\t\t<div class=\"elementor-column elementor-col-100 elementor-top-column elementor-element elementor-element-209be59 elementor-invisible\" data-id=\"209be59\" data-element_type=\"column\" data-e-type=\"column\" data-settings=\"{&quot;animation&quot;:&quot;zoomIn&quot;}\">\n\t\t\t<div class=\"elementor-widget-wrap elementor-element-populated\">\n\t\t\t\t\t\t<div class=\"elementor-element elementor-element-37e398b elementor-widget elementor-widget-heading\" data-id=\"37e398b\" data-element_type=\"widget\" data-e-type=\"widget\" data-widget_type=\"heading.default\">\n\t\t\t\t<div class=\"elementor-widget-container\">\n\t\t\t\t\t<h2 class=\"elementor-heading-title elementor-size-default\">Pruebe System360 CRM gratis: \u00a1sin riesgos y sin necesidad de tarjeta!<\/h2>\t\t\t\t<\/div>\n\t\t\t\t<\/div>\n\t\t\t\t<div class=\"elementor-element elementor-element-c500d1a elementor-widget elementor-widget-text-editor\" data-id=\"c500d1a\" data-element_type=\"widget\" data-e-type=\"widget\" data-widget_type=\"text-editor.default\">\n\t\t\t\t<div class=\"elementor-widget-container\">\n\t\t\t\t\t\t\t\t\t<p><span>Descubre todo el potencial de nuestro CRM con una prueba 100% gratuita.<\/span><br data-start=\"218\" data-end=\"221\" \/><span>No requiere tarjeta de cr\u00e9dito, sin compromiso: t\u00f3mese su tiempo para probarlo, explorar todas las funciones y ver c\u00f3mo System360 puede transformar la gesti\u00f3n de su empresa antes de tomar cualquier decisi\u00f3n.<\/span><\/p>\t\t\t\t\t\t\t\t<\/div>\n\t\t\t\t<\/div>\n\t\t\t\t<div class=\"elementor-element elementor-element-053fcfe elementor-align-center elementor-widget elementor-widget-button\" data-id=\"053fcfe\" data-element_type=\"widget\" data-e-type=\"widget\" data-widget_type=\"button.default\">\n\t\t\t\t<div class=\"elementor-widget-container\">\n\t\t\t\t\t\t\t\t\t<div class=\"elementor-button-wrapper\">\n\t\t\t\t\t<a class=\"elementor-button elementor-button-link elementor-size-md\" href=\"https:\/\/system360.com.br\/home\/es\/servicos\">\n\t\t\t\t\t\t<span class=\"elementor-button-content-wrapper\">\n\t\t\t\t\t\t\t\t\t<span class=\"elementor-button-text\">testar por 14 dias<\/span>\n\t\t\t\t\t<\/span>\n\t\t\t\t\t<\/a>\n\t\t\t\t<\/div>\n\t\t\t\t\t\t\t\t<\/div>\n\t\t\t\t<\/div>\n\t\t\t\t\t<\/div>\n\t\t<\/div>\n\t\t\t\t\t<\/div>\n\t\t<\/section>\n\t\t\t\t<\/div>\n\t\t","protected":false},"excerpt":{"rendered":"<p>Condiciones de uso de System360 CRM Entrada en vigor:\u00a012\/04\/2025Raz\u00f3n social responsable:\u00a0TXR Solu\u00e7\u00f5es e Tecnologia LtdaCNPJ:\u00a012.661.465\/0001-72Direcci\u00f3n:\u00a0Marechal Deodoro, Alagoas \u2013 BrasilContacto oficial:\u00a0contato@system360.com.br 1. Aceptaci\u00f3n de los T\u00e9rminos Al utilizar System360 CRM, el usuario declara haber le\u00eddo, comprendido y aceptado \u00edntegramente los presentes T\u00e9rminos de Uso, siendo responsable de cumplir con todas las condiciones aqu\u00ed descritas. 2. Objeto [&hellip;]<\/p>\n","protected":false},"author":1,"featured_media":0,"parent":0,"menu_order":0,"comment_status":"closed","ping_status":"closed","template":"","meta":{"_monsterinsights_skip_tracking":false,"_monsterinsights_sitenote_active":false,"_monsterinsights_sitenote_note":"","_monsterinsights_sitenote_category":0,"_uf_show_specific_survey":0,"_uf_disable_surveys":false,"footnotes":""},"class_list":["post-618","page","type-page","status-publish","hentry"],"aioseo_notices":[],"_links":{"self":[{"href":"https:\/\/system360.com.br\/home\/es\/wp-json\/wp\/v2\/pages\/618","targetHints":{"allow":["GET"]}}],"collection":[{"href":"https:\/\/system360.com.br\/home\/es\/wp-json\/wp\/v2\/pages"}],"about":[{"href":"https:\/\/system360.com.br\/home\/es\/wp-json\/wp\/v2\/types\/page"}],"author":[{"embeddable":true,"href":"https:\/\/system360.com.br\/home\/es\/wp-json\/wp\/v2\/users\/1"}],"replies":[{"embeddable":true,"href":"https:\/\/system360.com.br\/home\/es\/wp-json\/wp\/v2\/comments?post=618"}],"version-history":[{"count":6,"href":"https:\/\/system360.com.br\/home\/es\/wp-json\/wp\/v2\/pages\/618\/revisions"}],"predecessor-version":[{"id":1085,"href":"https:\/\/system360.com.br\/home\/es\/wp-json\/wp\/v2\/pages\/618\/revisions\/1085"}],"wp:attachment":[{"href":"https:\/\/system360.com.br\/home\/es\/wp-json\/wp\/v2\/media?parent=618"}],"curies":[{"name":"wp","href":"https:\/\/api.w.org\/{rel}","templated":true}]}}