{"id":627,"date":"2025-04-12T20:06:02","date_gmt":"2025-04-12T23:06:02","guid":{"rendered":"https:\/\/system360.com.br\/home\/politica-de-privacidad\/"},"modified":"2025-05-11T09:45:33","modified_gmt":"2025-05-11T12:45:33","slug":"politica-de-privacidad","status":"publish","type":"page","link":"https:\/\/system360.com.br\/home\/es\/politica-de-privacidad\/","title":{"rendered":"Pol\u00edtica de privacidad"},"content":{"rendered":"\t\t<div data-elementor-type=\"wp-page\" data-elementor-id=\"627\" class=\"elementor elementor-627\" data-elementor-post-type=\"page\">\n\t\t\t\t<div class=\"elementor-element elementor-element-36d8421 e-flex e-con-boxed e-con e-parent\" data-id=\"36d8421\" data-element_type=\"container\" data-e-type=\"container\">\n\t\t\t\t\t<div class=\"e-con-inner\">\n\t\t\t\t<div class=\"elementor-element elementor-element-e03e478 elementor-widget elementor-widget-heading\" data-id=\"e03e478\" data-element_type=\"widget\" data-e-type=\"widget\" data-widget_type=\"heading.default\">\n\t\t\t\t<div class=\"elementor-widget-container\">\n\t\t\t\t\t<h2 class=\"elementor-heading-title elementor-size-default\">\ud83d\udcc4 Pol\u00edtica de privacidad \u2013 System360 CRM<\/h2>\t\t\t\t<\/div>\n\t\t\t\t<\/div>\n\t\t\t\t<div class=\"elementor-element elementor-element-8b9fd93 elementor-widget elementor-widget-text-editor\" data-id=\"8b9fd93\" data-element_type=\"widget\" data-e-type=\"widget\" data-widget_type=\"text-editor.default\">\n\t\t\t\t<div class=\"elementor-widget-container\">\n\t\t\t\t\t\t\t\t\t<p class=\"\" data-start=\"479\" data-end=\"709\"><strong data-start=\"479\" data-end=\"502\"><span>\u00daltima actualizaci\u00f3n:<\/span><\/strong><span>\u00a012\/04\/2025<\/span><br data-start=\"517\" data-end=\"520\" \/><strong data-start=\"520\" data-end=\"542\"><span>Representante legal:<\/span><\/strong><span>\u00a0TXR Solu\u00e7\u00f5es e Tecnologia Ltda<\/span><br data-start=\"573\" data-end=\"576\" \/><strong data-start=\"576\" data-end=\"585\"><span>CNPJ:<\/span><\/strong><span>\u00a012.661.465\/0001-72<\/span><br data-start=\"604\" data-end=\"607\" \/><strong data-start=\"607\" data-end=\"620\"><span>Direcci\u00f3n:<\/span><\/strong><span>\u00a0Marechal Deodoro \u2013 Alagoas, Brasil<\/span><br data-start=\"655\" data-end=\"658\" \/><strong data-start=\"658\" data-end=\"682\"><span>Correo electr\u00f3nico de contacto:\u00a0<\/span><\/strong><a rel=\"noopener\" data-start=\"683\" data-end=\"707\"><span>contato@system360.com.br<\/span><\/a><\/p><hr class=\"\" data-start=\"711\" data-end=\"714\" \/><h2 class=\"\" data-start=\"716\" data-end=\"751\"><span>1. Compromiso con la privacidad<\/span><\/h2><p class=\"\" data-start=\"753\" data-end=\"1094\"><span>TXR\u00a0<\/span><strong data-start=\"755\" data-end=\"789\"><span>Solu\u00e7\u00f5es e Tecnologia Ltda<\/span><\/strong><span>\u00a0, desarrollador y responsable de\u00a0<\/span><strong data-start=\"825\" data-end=\"842\"><span>System360 CRM<\/span><\/strong><span>\u00a0, respeta y protege los datos personales y comerciales de todos sus usuarios, clientes, socios y visitantes. Esta pol\u00edtica tiene como objetivo explicar, de forma clara y transparente, c\u00f3mo se recopilan, procesan, almacenan y protegen los datos.<\/span><\/p><p class=\"\" data-start=\"1096\" data-end=\"1221\"><span>Nuestras operaciones\u00a0<\/span><strong data-start=\"1117\" data-end=\"1209\"><span>cumplen plenamente con la legislaci\u00f3n nacional e internacional de protecci\u00f3n de datos<\/span><\/strong><span>\u00a0, incluyendo:<\/span><\/p><ul data-start=\"1223\" data-end=\"1445\"><li class=\"\" data-start=\"1223\" data-end=\"1302\"><p class=\"\" data-start=\"1225\" data-end=\"1302\"><strong data-start=\"1225\" data-end=\"1302\"><span>Ley General de Protecci\u00f3n de Datos Personales (LGPD \u2013 Brasil, Ley n.\u00ba 13.709\/18)<\/span><\/strong><\/p><\/li><li class=\"\" data-start=\"1303\" data-end=\"1376\"><p class=\"\" data-start=\"1305\" data-end=\"1376\"><strong data-start=\"1305\" data-end=\"1376\"><span>Reglamento General de Protecci\u00f3n de Datos (RGPD \u2013 Uni\u00f3n Europea)<\/span><\/strong><\/p><\/li><li class=\"\" data-start=\"1377\" data-end=\"1445\"><p class=\"\" data-start=\"1379\" data-end=\"1445\"><strong data-start=\"1379\" data-end=\"1445\"><span>Ley de Privacidad del Consumidor de California (CCPA \u2013 EE. UU.), cuando corresponda<\/span><\/strong><\/p><\/li><\/ul><hr class=\"\" data-start=\"1447\" data-end=\"1450\" \/><h2 class=\"\" data-start=\"1452\" data-end=\"1473\"><span>2. Datos recopilados<\/span><\/h2><p class=\"\" data-start=\"1475\" data-end=\"1548\"><span>Durante el uso de la plataforma, podremos recopilar los siguientes tipos de datos:<\/span><\/p><h3 class=\"\" data-start=\"1550\" data-end=\"1573\"><span>a) Datos de registro<\/span><\/h3><ul data-start=\"1574\" data-end=\"1687\"><li class=\"\" data-start=\"1574\" data-end=\"1627\"><p class=\"\" data-start=\"1576\" data-end=\"1627\"><span>Nombre completo, correo electr\u00f3nico, tel\u00e9fono, CPF\/CNPJ, direcci\u00f3n<\/span><\/p><\/li><li class=\"\" data-start=\"1628\" data-end=\"1687\"><p class=\"\" data-start=\"1630\" data-end=\"1687\"><span>Nombre de la empresa, dominio personalizado, usuarios internos<\/span><\/p><\/li><\/ul><h3 class=\"\" data-start=\"1689\" data-end=\"1723\"><span>b) Datos de acceso y navegaci\u00f3n<\/span><\/h3><ul data-start=\"1724\" data-end=\"1820\"><li class=\"\" data-start=\"1724\" data-end=\"1820\"><p class=\"\" data-start=\"1726\" data-end=\"1820\"><span>IP, tipo de navegador, sistema operativo, fecha y hora de acceso, acciones realizadas en el sistema<\/span><\/p><\/li><\/ul><h3 class=\"\" data-start=\"1822\" data-end=\"1847\"><span>c) Detalles del pago<\/span><\/h3><ul data-start=\"1848\" data-end=\"2056\"><li class=\"\" data-start=\"1848\" data-end=\"2056\"><p class=\"\" data-start=\"1850\" data-end=\"2056\"><span>Informaci\u00f3n de pago procesada a trav\u00e9s de\u00a0<\/span><strong data-start=\"1891\" data-end=\"1964\"><span>pasarelas como Stripe, Mercado Pago, Google Pay, Apple Pay, Asaas, EFI<\/span><\/strong><span>\u00a0, entre otras.\u00a0<\/span><em data-start=\"1980\" data-end=\"2056\"><span>Estos datos son tratados exclusivamente por los respectivos intermediarios.<\/span><\/em><\/p><\/li><\/ul><h3 class=\"\" data-start=\"2058\" data-end=\"2093\"><span>d) Datos ingresados \u200b\u200bpor el usuario<\/span><\/h3><ul data-start=\"2094\" data-end=\"2254\"><li class=\"\" data-start=\"2094\" data-end=\"2254\"><p class=\"\" data-start=\"2096\" data-end=\"2254\"><span>Toda la informaci\u00f3n almacenada voluntariamente en el CRM (por ejemplo, datos de clientes, propuestas, contratos, tareas, etc.) es responsabilidad exclusiva del contratista.<\/span><\/p><\/li><\/ul><hr class=\"\" data-start=\"2256\" data-end=\"2259\" \/><h2 class=\"\" data-start=\"2261\" data-end=\"2300\"><span>3. Finalidad del Tratamiento de Datos<\/span><\/h2><p class=\"\" data-start=\"2302\" data-end=\"2331\"><span>Los datos se utilizan para:<\/span><\/p><ul data-start=\"2333\" data-end=\"2609\"><li class=\"\" data-start=\"2333\" data-end=\"2382\"><p class=\"\" data-start=\"2335\" data-end=\"2382\"><span>Ejecuci\u00f3n de los servicios contratados en la plataforma<\/span><\/p><\/li><li class=\"\" data-start=\"2383\" data-end=\"2433\"><p class=\"\" data-start=\"2385\" data-end=\"2433\"><span>Garantizar la seguridad e integridad de las aplicaciones<\/span><\/p><\/li><li class=\"\" data-start=\"2434\" data-end=\"2476\"><p class=\"\" data-start=\"2436\" data-end=\"2476\"><span>Soporte t\u00e9cnico y servicio al cliente<\/span><\/p><\/li><li class=\"\" data-start=\"2477\" data-end=\"2550\"><p class=\"\" data-start=\"2479\" data-end=\"2550\"><span>Comunicaci\u00f3n institucional, promociones y actualizaciones (con consentimiento)<\/span><\/p><\/li><li class=\"\" data-start=\"2551\" data-end=\"2609\"><p class=\"\" data-start=\"2553\" data-end=\"2609\"><span>Cumplimiento de obligaciones legales, fiscales y regulatorias<\/span><\/p><\/li><\/ul><hr class=\"\" data-start=\"2611\" data-end=\"2614\" \/><h2 class=\"\" data-start=\"2616\" data-end=\"2648\"><span>4. Base legal para el tratamiento<\/span><\/h2><p class=\"\" data-start=\"2650\" data-end=\"2713\"><span>El tratamiento de datos se basa en las siguientes bases legales:<\/span><\/p><ul data-start=\"2715\" data-end=\"2929\"><li class=\"\" data-start=\"2715\" data-end=\"2765\"><p class=\"\" data-start=\"2717\" data-end=\"2765\"><strong data-start=\"2717\" data-end=\"2741\"><span>Ejecuci\u00f3n de contrato<\/span><\/strong><span>\u00a0(utilizaci\u00f3n de plataforma CRM)<\/span><\/p><\/li><li class=\"\" data-start=\"2766\" data-end=\"2821\"><p class=\"\" data-start=\"2768\" data-end=\"2821\"><strong data-start=\"2768\" data-end=\"2785\"><span>Consentimiento<\/span><\/strong><span>\u00a0(env\u00edo de comunicaciones y marketing)<\/span><\/p><\/li><li class=\"\" data-start=\"2822\" data-end=\"2877\"><p class=\"\" data-start=\"2824\" data-end=\"2877\"><strong data-start=\"2824\" data-end=\"2846\"><span>Inter\u00e9s leg\u00edtimo<\/span><\/strong><span>\u00a0(mejora continua del servicio)<\/span><\/p><\/li><li class=\"\" data-start=\"2878\" data-end=\"2929\"><p class=\"\" data-start=\"2880\" data-end=\"2929\"><strong data-start=\"2880\" data-end=\"2929\"><span>Cumplimiento de obligaci\u00f3n legal o reglamentaria<\/span><\/strong><\/p><\/li><\/ul><hr class=\"\" data-start=\"2931\" data-end=\"2934\" \/><h2 class=\"\" data-start=\"2936\" data-end=\"2967\"><span>5. Intercambio de datos<\/span><\/h2><p class=\"\" data-start=\"2969\" data-end=\"3059\"><span>System360 CRM\u00a0<\/span><strong data-start=\"2985\" data-end=\"3051\"><span>no vende ni comparte datos con terceros sin consentimiento<\/span><\/strong><span>\u00a0, excepto:<\/span><\/p><ul data-start=\"3061\" data-end=\"3233\"><li class=\"\" data-start=\"3061\" data-end=\"3176\"><p class=\"\" data-start=\"3063\" data-end=\"3176\"><span>Con servicios esenciales de terceros (pasarelas de pago, env\u00edo de correos electr\u00f3nicos transaccionales, alojamiento en la nube)<\/span><\/p><\/li><li class=\"\" data-start=\"3177\" data-end=\"3233\"><p class=\"\" data-start=\"3179\" data-end=\"3233\"><span>En cumplimiento de obligaciones legales u \u00f3rdenes judiciales<\/span><\/p><\/li><\/ul><hr class=\"\" data-start=\"3235\" data-end=\"3238\" \/><h2 class=\"\" data-start=\"3240\" data-end=\"3269\"><span>6. Seguridad de la informaci\u00f3n<\/span><\/h2><p class=\"\" data-start=\"3271\" data-end=\"3363\"><span>Implementamos rigurosas medidas\u00a0<\/span><strong data-start=\"3306\" data-end=\"3351\"><span>de seguridad f\u00edsicas, l\u00f3gicas y administrativas<\/span><\/strong><span>\u00a0, incluyendo:<\/span><\/p><ul data-start=\"3365\" data-end=\"3609\"><li class=\"\" data-start=\"3365\" data-end=\"3427\"><p class=\"\" data-start=\"3367\" data-end=\"3427\"><strong data-start=\"3367\" data-end=\"3427\"><span>Cifrado de datos en tr\u00e1nsito (SSL\/TLS) y en reposo<\/span><\/strong><\/p><\/li><li class=\"\" data-start=\"3428\" data-end=\"3478\"><p class=\"\" data-start=\"3430\" data-end=\"3478\"><strong data-start=\"3430\" data-end=\"3478\"><span>Copias de seguridad autom\u00e1ticas y redundancia geogr\u00e1fica<\/span><\/strong><\/p><\/li><li class=\"\" data-start=\"3479\" data-end=\"3539\"><p class=\"\" data-start=\"3481\" data-end=\"3539\"><strong data-start=\"3481\" data-end=\"3539\"><span>Cortafuegos, monitorizaci\u00f3n continua y control de acceso<\/span><\/strong><\/p><\/li><li class=\"\" data-start=\"3540\" data-end=\"3609\"><p class=\"\" data-start=\"3542\" data-end=\"3609\"><strong data-start=\"3542\" data-end=\"3609\"><span>Pol\u00edticas internas de privacidad y seguridad con los empleados<\/span><\/strong><\/p><\/li><\/ul><p class=\"\" data-start=\"3611\" data-end=\"3719\"><span>El acceso a los datos est\u00e1 restringido a profesionales autorizados y capacitados, bajo compromiso de confidencialidad.<\/span><\/p><hr class=\"\" data-start=\"3721\" data-end=\"3724\" \/><h2 class=\"\" data-start=\"3726\" data-end=\"3760\"><span>7. Derechos del titular de los datos<\/span><\/h2><p class=\"\" data-start=\"3762\" data-end=\"3831\"><span>El interesado tiene los siguientes derechos, garantizados por la ley:<\/span><\/p><ul data-start=\"3833\" data-end=\"4023\"><li class=\"\" data-start=\"3833\" data-end=\"3883\"><p class=\"\" data-start=\"3835\" data-end=\"3883\"><span>Acceder, corregir o eliminar sus datos personales<\/span><\/p><\/li><li class=\"\" data-start=\"3884\" data-end=\"3921\"><p class=\"\" data-start=\"3886\" data-end=\"3921\"><span>Solicitar portabilidad de datos<\/span><\/p><\/li><li class=\"\" data-start=\"3922\" data-end=\"3969\"><p class=\"\" data-start=\"3924\" data-end=\"3969\"><span>Revocar consentimientos previamente otorgados<\/span><\/p><\/li><li class=\"\" data-start=\"3970\" data-end=\"4023\"><p class=\"\" data-start=\"3972\" data-end=\"4023\"><span>Ser informado sobre el uso y tratamiento de sus datos<\/span><\/p><\/li><\/ul><p class=\"\" data-start=\"4025\" data-end=\"4122\"><span>Para ejercer cualquiera de estos derechos, p\u00f3ngase en contacto con nosotros a trav\u00e9s del correo electr\u00f3nico:\u00a0<\/span><strong data-start=\"4094\" data-end=\"4122\"><a rel=\"noopener\" data-start=\"4096\" data-end=\"4120\"><span>contato@system360.com.br<\/span><\/a><\/strong><\/p><hr class=\"\" data-start=\"4124\" data-end=\"4127\" \/><h2 class=\"\" data-start=\"4129\" data-end=\"4163\"><span>8. Retenci\u00f3n y eliminaci\u00f3n de datos<\/span><\/h2><ul data-start=\"4165\" data-end=\"4548\"><li class=\"\" data-start=\"4165\" data-end=\"4222\"><p class=\"\" data-start=\"4167\" data-end=\"4222\"><span>Los datos se conservar\u00e1n mientras la cuenta est\u00e9 activa.<\/span><\/p><\/li><li class=\"\" data-start=\"4223\" data-end=\"4382\"><p class=\"\" data-start=\"4225\" data-end=\"4382\"><span>En caso de\u00a0<\/span><strong data-start=\"4236\" data-end=\"4272\"><span>incumplimiento por m\u00e1s de 45 d\u00edas<\/span><\/strong><span>\u00a0, la cuenta podr\u00e1 ser\u00a0<\/span><strong data-start=\"4293\" data-end=\"4321\"><span>eliminada definitivamente<\/span><\/strong><span>\u00a0, con\u00a0<\/span><strong data-start=\"4327\" data-end=\"4381\"><span>eliminaci\u00f3n irreversible de todos los datos registrados<\/span><\/strong><span>\u00a0.<\/span><\/p><\/li><li class=\"\" data-start=\"4383\" data-end=\"4548\"><p class=\"\" data-start=\"4385\" data-end=\"4548\"><span>Tras la cancelaci\u00f3n, los datos se conservar\u00e1n hasta\u00a0<\/span><strong data-start=\"4436\" data-end=\"4473\"><span>30 d\u00edas para su posible recuperaci\u00f3n<\/span><\/strong><span>\u00a0, previa solicitud. Despu\u00e9s de esto, ser\u00e1n\u00a0<\/span><strong data-start=\"4517\" data-end=\"4547\"><span>eliminados definitivamente<\/span><\/strong><span>\u00a0.<\/span><\/p><\/li><\/ul><hr class=\"\" data-start=\"4550\" data-end=\"4553\" \/><h2 class=\"\" data-start=\"4555\" data-end=\"4598\"><span>9. Cookies y tecnolog\u00edas de seguimiento<\/span><\/h2><p class=\"\" data-start=\"4600\" data-end=\"4648\"><span>Utilizamos cookies y tecnolog\u00edas similares para:<\/span><\/p><ul data-start=\"4650\" data-end=\"4772\"><li class=\"\" data-start=\"4650\" data-end=\"4685\"><p class=\"\" data-start=\"4652\" data-end=\"4685\"><span>Mejorar la experiencia del usuario<\/span><\/p><\/li><li class=\"\" data-start=\"4686\" data-end=\"4729\"><p class=\"\" data-start=\"4688\" data-end=\"4729\"><span>Realizar an\u00e1lisis de navegaci\u00f3n y m\u00e9tricas<\/span><\/p><\/li><li class=\"\" data-start=\"4730\" data-end=\"4772\"><p class=\"\" data-start=\"4732\" data-end=\"4772\"><span>Personalizar el contenido y la funcionalidad<\/span><\/p><\/li><\/ul><p class=\"\" data-start=\"4774\" data-end=\"4845\"><span>El usuario puede controlar o desactivar las cookies directamente en el navegador.<\/span><\/p><hr class=\"\" data-start=\"4847\" data-end=\"4850\" \/><h2 class=\"\" data-start=\"4852\" data-end=\"4895\"><span>10. Transferencia internacional de datos<\/span><\/h2><p class=\"\" data-start=\"4897\" data-end=\"5156\"><span>Algunos servicios utilizados pueden operar fuera del territorio brasile\u00f1o. En estos casos,\u00a0<\/span><strong data-start=\"4982\" data-end=\"5143\"><span>nos aseguramos de que los datos est\u00e9n protegidos mediante cl\u00e1usulas contractuales apropiadas, niveles de seguridad adecuados y cumplimiento de leyes internacionales<\/span><\/strong><span>\u00a0como GDPR.<\/span><\/p><hr class=\"\" data-start=\"5158\" data-end=\"5161\" \/><h2 class=\"\" data-start=\"5163\" data-end=\"5207\"><span>11. Cambios en la Pol\u00edtica de Privacidad<\/span><\/h2><p class=\"\" data-start=\"5209\" data-end=\"5404\"><span>Nos reservamos el derecho de cambiar esta pol\u00edtica en cualquier momento. Las actualizaciones se comunicar\u00e1n por correo electr\u00f3nico o mediante notificaci\u00f3n en la plataforma. Recomendamos la revisi\u00f3n peri\u00f3dica de este documento.<\/span><\/p><hr class=\"\" data-start=\"5406\" data-end=\"5409\" \/><h2 class=\"\" data-start=\"5411\" data-end=\"5435\"><span>12. Contacto y preguntas<\/span><\/h2><p class=\"\" data-start=\"5437\" data-end=\"5531\"><span>Para consultas, solicitudes o para ejercer sus derechos, por favor contacte con nuestro canal oficial:<\/span><\/p><p class=\"\" data-start=\"5533\" data-end=\"5564\"><span>\ud83d\udce7\u00a0<\/span><strong data-start=\"5536\" data-end=\"5564\"><a rel=\"noopener\" data-start=\"5538\" data-end=\"5562\"><span>contacto@system360.com.br<\/span><\/a><\/strong><\/p><hr class=\"\" data-start=\"5566\" data-end=\"5569\" \/><p class=\"\" data-start=\"5571\" data-end=\"5683\"><strong data-start=\"5571\" data-end=\"5605\"><span>TXR Solutions and Technology Ltda<\/span><\/strong><br data-start=\"5605\" data-end=\"5608\" \/><strong data-start=\"5608\" data-end=\"5683\"><span>System360 CRM \u2013 Gesti\u00f3n Segura y Transparente para Empresas Inteligentes<\/span><\/strong><\/p>\t\t\t\t\t\t\t\t<\/div>\n\t\t\t\t<\/div>\n\t\t\t\t\t<\/div>\n\t\t\t\t<\/div>\n\t\t\t\t<section class=\"elementor-section elementor-top-section elementor-element elementor-element-b994994 elementor-section-boxed elementor-section-height-default elementor-section-height-default\" data-id=\"b994994\" data-element_type=\"section\" data-e-type=\"section\" data-settings=\"{&quot;background_background&quot;:&quot;classic&quot;}\">\n\t\t\t\t\t\t\t<div class=\"elementor-background-overlay\"><\/div>\n\t\t\t\t\t\t\t<div class=\"elementor-container elementor-column-gap-default\">\n\t\t\t\t\t<div class=\"elementor-column elementor-col-100 elementor-top-column elementor-element elementor-element-b0542c3 elementor-invisible\" data-id=\"b0542c3\" data-element_type=\"column\" data-e-type=\"column\" data-settings=\"{&quot;animation&quot;:&quot;zoomIn&quot;}\">\n\t\t\t<div class=\"elementor-widget-wrap elementor-element-populated\">\n\t\t\t\t\t\t<div class=\"elementor-element elementor-element-c5f76d9 elementor-widget elementor-widget-heading\" data-id=\"c5f76d9\" data-element_type=\"widget\" data-e-type=\"widget\" data-widget_type=\"heading.default\">\n\t\t\t\t<div class=\"elementor-widget-container\">\n\t\t\t\t\t<h2 class=\"elementor-heading-title elementor-size-default\">Pruebe System360 CRM gratis: \u00a1sin riesgos y sin necesidad de tarjeta!<\/h2>\t\t\t\t<\/div>\n\t\t\t\t<\/div>\n\t\t\t\t<div class=\"elementor-element elementor-element-4a1de87 elementor-widget elementor-widget-text-editor\" data-id=\"4a1de87\" data-element_type=\"widget\" data-e-type=\"widget\" data-widget_type=\"text-editor.default\">\n\t\t\t\t<div class=\"elementor-widget-container\">\n\t\t\t\t\t\t\t\t\t<p><span>Descubre todo el potencial de nuestro CRM con una prueba 100% gratuita.<\/span><br data-start=\"218\" data-end=\"221\" \/><span>No requiere tarjeta de cr\u00e9dito, sin compromiso: t\u00f3mese su tiempo para probarlo, explorar todas las funciones y ver c\u00f3mo System360 puede transformar la gesti\u00f3n de su empresa antes de tomar cualquier decisi\u00f3n.<\/span><\/p>\t\t\t\t\t\t\t\t<\/div>\n\t\t\t\t<\/div>\n\t\t\t\t<div class=\"elementor-element elementor-element-9a85b02 elementor-align-center elementor-widget elementor-widget-button\" data-id=\"9a85b02\" data-element_type=\"widget\" data-e-type=\"widget\" data-widget_type=\"button.default\">\n\t\t\t\t<div class=\"elementor-widget-container\">\n\t\t\t\t\t\t\t\t\t<div class=\"elementor-button-wrapper\">\n\t\t\t\t\t<a class=\"elementor-button elementor-button-link elementor-size-md\" href=\"https:\/\/system360.com.br\/home\/es\/servicos\">\n\t\t\t\t\t\t<span class=\"elementor-button-content-wrapper\">\n\t\t\t\t\t\t\t\t\t<span class=\"elementor-button-text\">testar por 14 dias<\/span>\n\t\t\t\t\t<\/span>\n\t\t\t\t\t<\/a>\n\t\t\t\t<\/div>\n\t\t\t\t\t\t\t\t<\/div>\n\t\t\t\t<\/div>\n\t\t\t\t\t<\/div>\n\t\t<\/div>\n\t\t\t\t\t<\/div>\n\t\t<\/section>\n\t\t\t\t<\/div>\n\t\t","protected":false},"excerpt":{"rendered":"<p>\ud83d\udcc4 Pol\u00edtica de privacidad \u2013 System360 CRM \u00daltima actualizaci\u00f3n:\u00a012\/04\/2025Representante legal:\u00a0TXR Solu\u00e7\u00f5es e Tecnologia LtdaCNPJ:\u00a012.661.465\/0001-72Direcci\u00f3n:\u00a0Marechal Deodoro \u2013 Alagoas, BrasilCorreo electr\u00f3nico de contacto:\u00a0contato@system360.com.br 1. Compromiso con la privacidad TXR\u00a0Solu\u00e7\u00f5es e Tecnologia Ltda\u00a0, desarrollador y responsable de\u00a0System360 CRM\u00a0, respeta y protege los datos personales y comerciales de todos sus usuarios, clientes, socios y visitantes. Esta pol\u00edtica tiene como [&hellip;]<\/p>\n","protected":false},"author":1,"featured_media":0,"parent":0,"menu_order":0,"comment_status":"closed","ping_status":"closed","template":"","meta":{"_monsterinsights_skip_tracking":false,"_monsterinsights_sitenote_active":false,"_monsterinsights_sitenote_note":"","_monsterinsights_sitenote_category":0,"_uf_show_specific_survey":0,"_uf_disable_surveys":false,"footnotes":""},"class_list":["post-627","page","type-page","status-publish","hentry"],"aioseo_notices":[],"_links":{"self":[{"href":"https:\/\/system360.com.br\/home\/es\/wp-json\/wp\/v2\/pages\/627","targetHints":{"allow":["GET"]}}],"collection":[{"href":"https:\/\/system360.com.br\/home\/es\/wp-json\/wp\/v2\/pages"}],"about":[{"href":"https:\/\/system360.com.br\/home\/es\/wp-json\/wp\/v2\/types\/page"}],"author":[{"embeddable":true,"href":"https:\/\/system360.com.br\/home\/es\/wp-json\/wp\/v2\/users\/1"}],"replies":[{"embeddable":true,"href":"https:\/\/system360.com.br\/home\/es\/wp-json\/wp\/v2\/comments?post=627"}],"version-history":[{"count":6,"href":"https:\/\/system360.com.br\/home\/es\/wp-json\/wp\/v2\/pages\/627\/revisions"}],"predecessor-version":[{"id":1088,"href":"https:\/\/system360.com.br\/home\/es\/wp-json\/wp\/v2\/pages\/627\/revisions\/1088"}],"wp:attachment":[{"href":"https:\/\/system360.com.br\/home\/es\/wp-json\/wp\/v2\/media?parent=627"}],"curies":[{"name":"wp","href":"https:\/\/api.w.org\/{rel}","templated":true}]}}