{"id":384,"date":"2025-04-12T16:12:02","date_gmt":"2025-04-12T19:12:02","guid":{"rendered":"https:\/\/system360.com.br\/home\/?page_id=384"},"modified":"2025-04-12T18:06:55","modified_gmt":"2025-04-12T21:06:55","slug":"experiencia-em-gestao-ha-mais-25-anos","status":"publish","type":"page","link":"https:\/\/system360.com.br\/home\/experiencia-em-gestao-ha-mais-25-anos\/","title":{"rendered":"Experi\u00eancia em Gest\u00e3o h\u00e1 mais 25 anos"},"content":{"rendered":"\t\t<div data-elementor-type=\"wp-page\" data-elementor-id=\"384\" class=\"elementor elementor-384\" data-elementor-post-type=\"page\">\n\t\t\t\t<div class=\"elementor-element elementor-element-36d8421 e-flex e-con-boxed e-con e-parent\" data-id=\"36d8421\" data-element_type=\"container\" data-e-type=\"container\">\n\t\t\t\t\t<div class=\"e-con-inner\">\n\t\t\t\t<div class=\"elementor-element elementor-element-e03e478 elementor-widget elementor-widget-heading\" data-id=\"e03e478\" data-element_type=\"widget\" data-e-type=\"widget\" data-widget_type=\"heading.default\">\n\t\t\t\t<div class=\"elementor-widget-container\">\n\t\t\t\t\t<h2 class=\"elementor-heading-title elementor-size-default\">+25 Anos de Gest\u00e3o Empresarial: A Experi\u00eancia por Tr\u00e1s do CRM System360<\/h2>\t\t\t\t<\/div>\n\t\t\t\t<\/div>\n\t\t\t\t<div class=\"elementor-element elementor-element-8b9fd93 elementor-widget elementor-widget-text-editor\" data-id=\"8b9fd93\" data-element_type=\"widget\" data-e-type=\"widget\" data-widget_type=\"text-editor.default\">\n\t\t\t\t<div class=\"elementor-widget-container\">\n\t\t\t\t\t\t\t\t\t<p class=\"\" data-start=\"351\" data-end=\"855\">Em um mercado onde a tecnologia avan\u00e7a rapidamente, e a competitividade exige inova\u00e7\u00e3o constante, contar com solu\u00e7\u00f5es desenvolvidas por quem <strong data-start=\"492\" data-end=\"536\">viveu a realidade empresarial na pr\u00e1tica<\/strong> faz toda a diferen\u00e7a. O <strong data-start=\"561\" data-end=\"578\">CRM System360<\/strong> \u00e9 mais do que uma ferramenta tecnol\u00f3gica: \u00e9 o reflexo de <strong data-start=\"636\" data-end=\"692\">mais de 25 anos de experi\u00eancia em gest\u00e3o empresarial<\/strong> de seu CEO, que canalizou d\u00e9cadas de viv\u00eancia em processos, lideran\u00e7a e performance para entregar um sistema que realmente entende as necessidades de uma empresa.<\/p><hr class=\"\" data-start=\"857\" data-end=\"860\" \/><h3 class=\"\" data-start=\"862\" data-end=\"925\">\ud83c\udfaf Uma Vis\u00e3o Estrat\u00e9gica Baseada na Realidade do Empres\u00e1rio<\/h3><p class=\"\" data-start=\"927\" data-end=\"1045\">Ao longo de sua jornada como gestor, o CEO do CRM System360 enfrentou de perto os desafios do dia a dia corporativo:<\/p><ul data-start=\"1046\" data-end=\"1314\"><li class=\"\" data-start=\"1046\" data-end=\"1083\"><p class=\"\" data-start=\"1048\" data-end=\"1083\">Falta de integra\u00e7\u00e3o entre setores<\/p><\/li><li class=\"\" data-start=\"1084\" data-end=\"1136\"><p class=\"\" data-start=\"1086\" data-end=\"1136\">Dificuldade no acompanhamento do funil de vendas<\/p><\/li><li class=\"\" data-start=\"1137\" data-end=\"1182\"><p class=\"\" data-start=\"1139\" data-end=\"1182\">Inefici\u00eancias na comunica\u00e7\u00e3o com clientes<\/p><\/li><li class=\"\" data-start=\"1183\" data-end=\"1242\"><p class=\"\" data-start=\"1185\" data-end=\"1242\">Processos manuais que comprometem tempo e produtividade<\/p><\/li><li class=\"\" data-start=\"1243\" data-end=\"1314\"><p class=\"\" data-start=\"1245\" data-end=\"1314\">Dificuldade em gerar relat\u00f3rios gerenciais confi\u00e1veis em tempo real<\/p><\/li><\/ul><p class=\"\" data-start=\"1316\" data-end=\"1556\">Essas experi\u00eancias n\u00e3o s\u00f3 moldaram sua atua\u00e7\u00e3o como gestor, mas foram fundamentais na <strong data-start=\"1402\" data-end=\"1453\">concep\u00e7\u00e3o de um CRM que resolve problemas reais<\/strong>, com funcionalidades criadas para tornar a rotina mais simples, automatizada e orientada a resultados.<\/p><hr class=\"\" data-start=\"1558\" data-end=\"1561\" \/><h3 class=\"\" data-start=\"1563\" data-end=\"1628\">\ud83d\ude80 Impactos Diretos da Experi\u00eancia na Melhoria de Performance<\/h3><p class=\"\" data-start=\"1630\" data-end=\"1796\">A bagagem de quem conhece profundamente a din\u00e2mica empresarial \u00e9 vis\u00edvel em cada m\u00f3dulo do CRM System360. Veja alguns diferenciais impulsionados por essa experi\u00eancia:<\/p><h4 class=\"\" data-start=\"1798\" data-end=\"1844\">1. <strong data-start=\"1806\" data-end=\"1844\">Foco em Produtividade e Efici\u00eancia<\/strong><\/h4><p class=\"\" data-start=\"1845\" data-end=\"2093\">Com base em sua viv\u00eancia em ambientes corporativos diversos, o CEO priorizou funcionalidades que <strong data-start=\"1942\" data-end=\"1965\">eliminam retrabalho<\/strong>, <strong data-start=\"1967\" data-end=\"1990\">automatizam rotinas<\/strong> e <strong data-start=\"1993\" data-end=\"2024\">reduzem o tempo de resposta<\/strong>, aumentando a performance dos times de vendas, atendimento e gest\u00e3o.<\/p><h4 class=\"\" data-start=\"2095\" data-end=\"2141\">2. <strong data-start=\"2103\" data-end=\"2141\">Integra\u00e7\u00e3o Estrat\u00e9gica entre \u00c1reas<\/strong><\/h4><p class=\"\" data-start=\"2142\" data-end=\"2366\">Um dos grandes gargalos em empresas \u00e9 a falta de conex\u00e3o entre os setores. O CRM System360 foi arquitetado para ser o <strong data-start=\"2260\" data-end=\"2291\">c\u00e9rebro central da opera\u00e7\u00e3o<\/strong>, conectando marketing, vendas, financeiro e p\u00f3s-venda em um \u00fanico sistema.<\/p><h4 class=\"\" data-start=\"2368\" data-end=\"2414\">3. <strong data-start=\"2376\" data-end=\"2414\">Indicadores que Realmente Importam<\/strong><\/h4><p class=\"\" data-start=\"2415\" data-end=\"2663\">Mais do que dashboards bonitos, o CRM oferece <strong data-start=\"2461\" data-end=\"2490\">KPIs pr\u00e1ticos e objetivos<\/strong>, que facilitam a an\u00e1lise de performance e a tomada de decis\u00e3o. Tudo isso gra\u00e7as \u00e0 sensibilidade de quem passou anos lidando com relat\u00f3rios sem profundidade ou sem contexto.<\/p><h4 class=\"\" data-start=\"2665\" data-end=\"2704\">4. <strong data-start=\"2673\" data-end=\"2704\">Ado\u00e7\u00e3o R\u00e1pida e Usabilidade<\/strong><\/h4><p class=\"\" data-start=\"2705\" data-end=\"2973\">Sabendo que resist\u00eancia \u00e0 tecnologia \u00e9 um dos principais entraves na implanta\u00e7\u00e3o de CRMs, o System360 foi desenhado para ser <strong data-start=\"2830\" data-end=\"2854\">intuitivo e amig\u00e1vel<\/strong> desde o primeiro acesso \u2014 caracter\u00edstica pensada por quem j\u00e1 liderou equipes com diferentes n\u00edveis de dom\u00ednio digital.<\/p><hr class=\"\" data-start=\"2975\" data-end=\"2978\" \/><h3 class=\"\" data-start=\"2980\" data-end=\"3031\">\ud83d\udd10 Comprometimento com Seguran\u00e7a e Conformidade<\/h3><p class=\"\" data-start=\"3033\" data-end=\"3267\">Al\u00e9m da experi\u00eancia em gest\u00e3o, o CEO tamb\u00e9m promove uma <strong data-start=\"3089\" data-end=\"3130\">cultura de responsabilidade com dados<\/strong>, fundamental no contexto atual da <strong data-start=\"3165\" data-end=\"3206\">LGPD (Lei Geral de Prote\u00e7\u00e3o de Dados)<\/strong>. O CRM System360 incorpora rotinas e controles que garantem:<\/p><ul data-start=\"3268\" data-end=\"3476\"><li class=\"\" data-start=\"3268\" data-end=\"3325\"><p class=\"\" data-start=\"3270\" data-end=\"3325\">Armazenamento seguro e criptografado de dados sens\u00edveis<\/p><\/li><li class=\"\" data-start=\"3326\" data-end=\"3384\"><p class=\"\" data-start=\"3328\" data-end=\"3384\">Gest\u00e3o de consentimento e rastreabilidade de informa\u00e7\u00f5es<\/p><\/li><li class=\"\" data-start=\"3385\" data-end=\"3476\"><p class=\"\" data-start=\"3387\" data-end=\"3476\">Funcionalidades para exclus\u00e3o, anonimiza\u00e7\u00e3o e portabilidade de dados conforme a lei exige<\/p><\/li><\/ul><hr class=\"\" data-start=\"3478\" data-end=\"3481\" \/><h3 class=\"\" data-start=\"3483\" data-end=\"3531\">\ud83d\udca1 Um CRM Criado por um Gestor Para Gestores<\/h3><p class=\"\" data-start=\"3533\" data-end=\"3837\">A principal diferen\u00e7a do System360 est\u00e1 em sua origem: <strong data-start=\"3588\" data-end=\"3728\">n\u00e3o foi criado por desenvolvedores distantes da realidade, mas sim por um gestor experiente que conhece cada dor do ambiente corporativo<\/strong>. Esse diferencial humano, aliado \u00e0 tecnologia, se traduz em uma ferramenta pr\u00e1tica, eficiente e estrat\u00e9gica.<\/p><hr class=\"\" data-start=\"3839\" data-end=\"3842\" \/><h3 class=\"\" data-start=\"3844\" data-end=\"3860\">\ud83c\udfc1 Conclus\u00e3o<\/h3><p class=\"\" data-start=\"3862\" data-end=\"4154\">A expertise de mais de 25 anos do CEO do CRM System360 se reflete diretamente nos resultados entregues pela plataforma. Com um olhar treinado para performance, produtividade e gest\u00e3o inteligente, o sistema foi desenhado para ser mais do que um CRM: <strong data-start=\"4111\" data-end=\"4153\">um parceiro na evolu\u00e7\u00e3o da sua empresa<\/strong>.<\/p><p class=\"\" data-start=\"4156\" data-end=\"4306\">Se sua organiza\u00e7\u00e3o busca efici\u00eancia real, foco em resultados e uma solu\u00e7\u00e3o criada por quem realmente entende de gest\u00e3o, o System360 \u00e9 o caminho certo.<\/p>\t\t\t\t\t\t\t\t<\/div>\n\t\t\t\t<\/div>\n\t\t\t\t\t<\/div>\n\t\t\t\t<\/div>\n\t\t\t\t<section class=\"elementor-section elementor-top-section elementor-element elementor-element-4dd39b2 elementor-section-boxed elementor-section-height-default elementor-section-height-default\" data-id=\"4dd39b2\" data-element_type=\"section\" data-e-type=\"section\" data-settings=\"{&quot;background_background&quot;:&quot;classic&quot;}\">\n\t\t\t\t\t\t\t<div class=\"elementor-background-overlay\"><\/div>\n\t\t\t\t\t\t\t<div class=\"elementor-container elementor-column-gap-default\">\n\t\t\t\t\t<div class=\"elementor-column elementor-col-100 elementor-top-column elementor-element elementor-element-bfa1d2d elementor-invisible\" data-id=\"bfa1d2d\" data-element_type=\"column\" data-e-type=\"column\" data-settings=\"{&quot;animation&quot;:&quot;zoomIn&quot;}\">\n\t\t\t<div class=\"elementor-widget-wrap elementor-element-populated\">\n\t\t\t\t\t\t<div class=\"elementor-element elementor-element-1a92076 elementor-widget elementor-widget-heading\" data-id=\"1a92076\" data-element_type=\"widget\" data-e-type=\"widget\" data-widget_type=\"heading.default\">\n\t\t\t\t<div class=\"elementor-widget-container\">\n\t\t\t\t\t<h2 class=\"elementor-heading-title elementor-size-default\">Experimente o System360 CRM Gratuitamente \u2013 Sem Riscos, Sem Cart\u00e3o!<\/h2>\t\t\t\t<\/div>\n\t\t\t\t<\/div>\n\t\t\t\t<div class=\"elementor-element elementor-element-6a2144c elementor-widget elementor-widget-text-editor\" data-id=\"6a2144c\" data-element_type=\"widget\" data-e-type=\"widget\" data-widget_type=\"text-editor.default\">\n\t\t\t\t<div class=\"elementor-widget-container\">\n\t\t\t\t\t\t\t\t\t<p>Descubra todo o potencial do nosso CRM com um teste 100% gratuito.<br data-start=\"218\" data-end=\"221\" \/>Sem necessidade de cart\u00e3o de cr\u00e9dito, sem compromisso \u2013 teste com calma, explore todos os recursos e veja como o System360 pode transformar a gest\u00e3o da sua empresa antes de tomar qualquer decis\u00e3o.<\/p>\t\t\t\t\t\t\t\t<\/div>\n\t\t\t\t<\/div>\n\t\t\t\t<div class=\"elementor-element elementor-element-8a626df elementor-align-center elementor-widget elementor-widget-button\" data-id=\"8a626df\" data-element_type=\"widget\" data-e-type=\"widget\" data-widget_type=\"button.default\">\n\t\t\t\t<div class=\"elementor-widget-container\">\n\t\t\t\t\t\t\t\t\t<div class=\"elementor-button-wrapper\">\n\t\t\t\t\t<a class=\"elementor-button elementor-button-link elementor-size-md\" href=\"https:\/\/system360.com.br\/home\/servicos\">\n\t\t\t\t\t\t<span class=\"elementor-button-content-wrapper\">\n\t\t\t\t\t\t\t\t\t<span class=\"elementor-button-text\">testar por 14 dias<\/span>\n\t\t\t\t\t<\/span>\n\t\t\t\t\t<\/a>\n\t\t\t\t<\/div>\n\t\t\t\t\t\t\t\t<\/div>\n\t\t\t\t<\/div>\n\t\t\t\t\t<\/div>\n\t\t<\/div>\n\t\t\t\t\t<\/div>\n\t\t<\/section>\n\t\t\t\t<\/div>\n\t\t","protected":false},"excerpt":{"rendered":"<p>+25 Anos de Gest\u00e3o Empresarial: A Experi\u00eancia por Tr\u00e1s do CRM System360 Em um mercado onde a tecnologia avan\u00e7a rapidamente, e a competitividade exige inova\u00e7\u00e3o constante, contar com solu\u00e7\u00f5es desenvolvidas por quem viveu a realidade empresarial na pr\u00e1tica faz toda a diferen\u00e7a. O CRM System360 \u00e9 mais do que uma ferramenta tecnol\u00f3gica: \u00e9 o reflexo [&hellip;]<\/p>\n","protected":false},"author":1,"featured_media":0,"parent":0,"menu_order":0,"comment_status":"closed","ping_status":"closed","template":"","meta":{"_monsterinsights_skip_tracking":false,"_monsterinsights_sitenote_active":false,"_monsterinsights_sitenote_note":"","_monsterinsights_sitenote_category":0,"_uf_show_specific_survey":0,"_uf_disable_surveys":false,"footnotes":""},"class_list":["post-384","page","type-page","status-publish","hentry"],"aioseo_notices":[],"_links":{"self":[{"href":"https:\/\/system360.com.br\/home\/wp-json\/wp\/v2\/pages\/384","targetHints":{"allow":["GET"]}}],"collection":[{"href":"https:\/\/system360.com.br\/home\/wp-json\/wp\/v2\/pages"}],"about":[{"href":"https:\/\/system360.com.br\/home\/wp-json\/wp\/v2\/types\/page"}],"author":[{"embeddable":true,"href":"https:\/\/system360.com.br\/home\/wp-json\/wp\/v2\/users\/1"}],"replies":[{"embeddable":true,"href":"https:\/\/system360.com.br\/home\/wp-json\/wp\/v2\/comments?post=384"}],"version-history":[{"count":6,"href":"https:\/\/system360.com.br\/home\/wp-json\/wp\/v2\/pages\/384\/revisions"}],"predecessor-version":[{"id":485,"href":"https:\/\/system360.com.br\/home\/wp-json\/wp\/v2\/pages\/384\/revisions\/485"}],"wp:attachment":[{"href":"https:\/\/system360.com.br\/home\/wp-json\/wp\/v2\/media?parent=384"}],"curies":[{"name":"wp","href":"https:\/\/api.w.org\/{rel}","templated":true}]}}