{"id":388,"date":"2025-04-12T16:16:34","date_gmt":"2025-04-12T19:16:34","guid":{"rendered":"https:\/\/system360.com.br\/home\/?page_id=388"},"modified":"2025-04-12T18:16:22","modified_gmt":"2025-04-12T21:16:22","slug":"o-que-um-bom-crm-faz-e-como-ele-melhora-a-performance-da-sua-empresa","status":"publish","type":"page","link":"https:\/\/system360.com.br\/home\/o-que-um-bom-crm-faz-e-como-ele-melhora-a-performance-da-sua-empresa\/","title":{"rendered":"O Que um Bom CRM Faz e Como Ele Melhora a Performance da Sua Empresa"},"content":{"rendered":"\t\t<div data-elementor-type=\"wp-page\" data-elementor-id=\"388\" class=\"elementor elementor-388\" data-elementor-post-type=\"page\">\n\t\t\t\t<div class=\"elementor-element elementor-element-36d8421 e-flex e-con-boxed e-con e-parent\" data-id=\"36d8421\" data-element_type=\"container\" data-e-type=\"container\">\n\t\t\t\t\t<div class=\"e-con-inner\">\n\t\t\t\t<div class=\"elementor-element elementor-element-e03e478 elementor-widget elementor-widget-heading\" data-id=\"e03e478\" data-element_type=\"widget\" data-e-type=\"widget\" data-widget_type=\"heading.default\">\n\t\t\t\t<div class=\"elementor-widget-container\">\n\t\t\t\t\t<h2 class=\"elementor-heading-title elementor-size-default\">O Que um Bom CRM Faz e Como Ele Melhora a Performance da Sua Empresa<\/h2>\t\t\t\t<\/div>\n\t\t\t\t<\/div>\n\t\t\t\t<div class=\"elementor-element elementor-element-8b9fd93 elementor-widget elementor-widget-text-editor\" data-id=\"8b9fd93\" data-element_type=\"widget\" data-e-type=\"widget\" data-widget_type=\"text-editor.default\">\n\t\t\t\t<div class=\"elementor-widget-container\">\n\t\t\t\t\t\t\t\t\t<p class=\"\" data-start=\"269\" data-end=\"626\">No ambiente corporativo atual, altamente competitivo e orientado por dados, contar com um <strong data-start=\"359\" data-end=\"412\">sistema de CRM (Customer Relationship Management)<\/strong> eficiente \u00e9 mais do que uma op\u00e7\u00e3o \u2014 \u00e9 uma necessidade estrat\u00e9gica. Mas afinal, o que um bom CRM realmente faz? E como ele contribui para <strong data-start=\"550\" data-end=\"576\">melhorar a performance<\/strong> da sua empresa de forma mensur\u00e1vel e sustent\u00e1vel?<\/p><p class=\"\" data-start=\"628\" data-end=\"860\">Neste artigo, voc\u00ea vai entender os <strong data-start=\"663\" data-end=\"709\">principais recursos de um CRM de qualidade<\/strong>, os <strong data-start=\"714\" data-end=\"748\">benef\u00edcios que ele proporciona<\/strong> e como ele pode transformar a <strong data-start=\"779\" data-end=\"859\">produtividade, o relacionamento com o cliente e os resultados do seu neg\u00f3cio<\/strong>.<\/p><hr class=\"\" data-start=\"862\" data-end=\"865\" \/><h3 class=\"\" data-start=\"867\" data-end=\"905\">\u2705 O Que Um Bom CRM Faz na Pr\u00e1tica?<\/h3><p class=\"\" data-start=\"907\" data-end=\"1171\">Um <strong data-start=\"910\" data-end=\"921\">bom CRM<\/strong> vai muito al\u00e9m de apenas armazenar dados de clientes. Ele \u00e9 um <strong data-start=\"985\" data-end=\"1018\">hub de intelig\u00eancia comercial<\/strong>, centralizando todas as intera\u00e7\u00f5es com leads, prospects e clientes, permitindo uma vis\u00e3o 360\u00b0 do relacionamento e otimizando todos os pontos de contato.<\/p><p class=\"\" data-start=\"1173\" data-end=\"1200\">Veja as principais fun\u00e7\u00f5es:<\/p><hr class=\"\" data-start=\"1202\" data-end=\"1205\" \/><h4 class=\"\" data-start=\"1207\" data-end=\"1252\">1. <strong data-start=\"1215\" data-end=\"1252\">Organiza e Centraliza Informa\u00e7\u00f5es<\/strong><\/h4><ul data-start=\"1253\" data-end=\"1482\"><li class=\"\" data-start=\"1253\" data-end=\"1328\"><p class=\"\" data-start=\"1255\" data-end=\"1328\">Armazena dados completos de clientes, leads e parceiros em um \u00fanico local<\/p><\/li><li class=\"\" data-start=\"1329\" data-end=\"1403\"><p class=\"\" data-start=\"1331\" data-end=\"1403\">Registra hist\u00f3ricos de conversas, atendimentos, negocia\u00e7\u00f5es e atividades<\/p><\/li><li class=\"\" data-start=\"1404\" data-end=\"1482\"><p class=\"\" data-start=\"1406\" data-end=\"1482\">Evita perda de informa\u00e7\u00f5es importantes e facilita o acesso por toda a equipe<\/p><\/li><\/ul><hr class=\"\" data-start=\"1484\" data-end=\"1487\" \/><h4 class=\"\" data-start=\"1489\" data-end=\"1533\">2. <strong data-start=\"1497\" data-end=\"1533\">Automatiza Processos Repetitivos<\/strong><\/h4><ul data-start=\"1534\" data-end=\"1695\"><li class=\"\" data-start=\"1534\" data-end=\"1586\"><p class=\"\" data-start=\"1536\" data-end=\"1586\">Envio autom\u00e1tico de e-mails, propostas e lembretes<\/p><\/li><li class=\"\" data-start=\"1587\" data-end=\"1633\"><p class=\"\" data-start=\"1589\" data-end=\"1633\">Follow-ups programados e tarefas recorrentes<\/p><\/li><li class=\"\" data-start=\"1634\" data-end=\"1695\"><p class=\"\" data-start=\"1636\" data-end=\"1695\">Cria\u00e7\u00e3o de fluxos de trabalho inteligentes e personalizados<\/p><\/li><\/ul><hr class=\"\" data-start=\"1697\" data-end=\"1700\" \/><h4 class=\"\" data-start=\"1702\" data-end=\"1749\">3. <strong data-start=\"1710\" data-end=\"1749\">Melhora a Gest\u00e3o do Funil de Vendas<\/strong><\/h4><ul data-start=\"1750\" data-end=\"1910\"><li class=\"\" data-start=\"1750\" data-end=\"1807\"><p class=\"\" data-start=\"1752\" data-end=\"1807\">Permite visualizar oportunidades em cada etapa do funil<\/p><\/li><li class=\"\" data-start=\"1808\" data-end=\"1858\"><p class=\"\" data-start=\"1810\" data-end=\"1858\">Ajuda a identificar gargalos e prever resultados<\/p><\/li><li class=\"\" data-start=\"1859\" data-end=\"1910\"><p class=\"\" data-start=\"1861\" data-end=\"1910\">Gera alertas para a\u00e7\u00f5es estrat\u00e9gicas de convers\u00e3o<\/p><\/li><\/ul><hr class=\"\" data-start=\"1912\" data-end=\"1915\" \/><h4 class=\"\" data-start=\"1917\" data-end=\"1962\">4. <strong data-start=\"1925\" data-end=\"1962\">Facilita o Atendimento ao Cliente<\/strong><\/h4><ul data-start=\"1963\" data-end=\"2150\"><li class=\"\" data-start=\"1963\" data-end=\"2033\"><p class=\"\" data-start=\"1965\" data-end=\"2033\">Atendimento mais r\u00e1pido, com acesso ao hist\u00f3rico completo do cliente<\/p><\/li><li class=\"\" data-start=\"2034\" data-end=\"2089\"><p class=\"\" data-start=\"2036\" data-end=\"2089\">Personaliza\u00e7\u00e3o na comunica\u00e7\u00e3o com base em dados reais<\/p><\/li><li class=\"\" data-start=\"2090\" data-end=\"2150\"><p class=\"\" data-start=\"2092\" data-end=\"2150\">Melhora da experi\u00eancia do cliente e aumento da fideliza\u00e7\u00e3o<\/p><\/li><\/ul><hr class=\"\" data-start=\"2152\" data-end=\"2155\" \/><h4 class=\"\" data-start=\"2157\" data-end=\"2212\">5. <strong data-start=\"2165\" data-end=\"2212\">Gera Relat\u00f3rios e Indicadores em Tempo Real<\/strong><\/h4><ul data-start=\"2213\" data-end=\"2388\"><li class=\"\" data-start=\"2213\" data-end=\"2277\"><p class=\"\" data-start=\"2215\" data-end=\"2277\">M\u00e9tricas de performance de vendas, atendimento e produtividade<\/p><\/li><li class=\"\" data-start=\"2278\" data-end=\"2335\"><p class=\"\" data-start=\"2280\" data-end=\"2335\">Dashboards com KPIs estrat\u00e9gicos para tomada de decis\u00e3o<\/p><\/li><li class=\"\" data-start=\"2336\" data-end=\"2388\"><p class=\"\" data-start=\"2338\" data-end=\"2388\">Acompanhamento cont\u00ednuo da evolu\u00e7\u00e3o dos resultados<\/p><\/li><\/ul><hr class=\"\" data-start=\"2390\" data-end=\"2393\" \/><h3 class=\"\" data-start=\"2395\" data-end=\"2461\">\ud83d\ude80 Impactos Positivos de um Bom CRM na Performance Empresarial<\/h3><p class=\"\" data-start=\"2463\" data-end=\"2612\">Ao adotar um CRM eficiente, os ganhos n\u00e3o s\u00e3o apenas operacionais \u2014 eles s\u00e3o <strong data-start=\"2540\" data-end=\"2570\">estrat\u00e9gicos e financeiros<\/strong>. Confira os impactos mais significativos:<\/p><hr class=\"\" data-start=\"2614\" data-end=\"2617\" \/><h4 class=\"\" data-start=\"2619\" data-end=\"2655\">\ud83d\udd39 <strong data-start=\"2627\" data-end=\"2655\">Aumento da Produtividade<\/strong><\/h4><p class=\"\" data-start=\"2656\" data-end=\"2796\">Com automa\u00e7\u00f5es e centraliza\u00e7\u00e3o de dados, as equipes ganham tempo e foco. Menos tarefas manuais = mais tempo para vender, atender e planejar.<\/p><hr class=\"\" data-start=\"2798\" data-end=\"2801\" \/><h4 class=\"\" data-start=\"2803\" data-end=\"2832\">\ud83d\udd39 <strong data-start=\"2811\" data-end=\"2832\">Redu\u00e7\u00e3o de Custos<\/strong><\/h4><p class=\"\" data-start=\"2833\" data-end=\"2996\">A automatiza\u00e7\u00e3o reduz erros, retrabalhos e desperd\u00edcio de recursos. Um CRM bem implantado se paga rapidamente ao reduzir falhas humanas e otimizar o uso da equipe.<\/p><hr class=\"\" data-start=\"2998\" data-end=\"3001\" \/><h4 class=\"\" data-start=\"3003\" data-end=\"3044\">\ud83d\udd39 <strong data-start=\"3011\" data-end=\"3044\">Melhoria na Tomada de Decis\u00e3o<\/strong><\/h4><p class=\"\" data-start=\"3045\" data-end=\"3177\">Com relat\u00f3rios precisos e dados em tempo real, os gestores conseguem tomar decis\u00f5es mais \u00e1geis, baseadas em fatos e n\u00e3o em achismos.<\/p><hr class=\"\" data-start=\"3179\" data-end=\"3182\" \/><h4 class=\"\" data-start=\"3184\" data-end=\"3240\">\ud83d\udd39 <strong data-start=\"3192\" data-end=\"3240\">Aumento da Satisfa\u00e7\u00e3o e Reten\u00e7\u00e3o de Clientes<\/strong><\/h4><p class=\"\" data-start=\"3241\" data-end=\"3394\">Ao entregar um atendimento mais \u00e1gil e personalizado, o cliente percebe valor. Isso impacta diretamente na taxa de fideliza\u00e7\u00e3o e na reputa\u00e7\u00e3o da empresa.<\/p><hr class=\"\" data-start=\"3396\" data-end=\"3399\" \/><h4 class=\"\" data-start=\"3401\" data-end=\"3453\">\ud83d\udd39 <strong data-start=\"3409\" data-end=\"3453\">Escalabilidade e Crescimento Sustent\u00e1vel<\/strong><\/h4><p class=\"\" data-start=\"3454\" data-end=\"3566\">Com processos mais organizados e dados confi\u00e1veis, a empresa ganha estrutura para crescer sem perder o controle.<\/p><hr class=\"\" data-start=\"3568\" data-end=\"3571\" \/><h3 class=\"\" data-start=\"3573\" data-end=\"3603\">\ud83d\udd10 CRM e Prote\u00e7\u00e3o de Dados<\/h3><p class=\"\" data-start=\"3605\" data-end=\"3730\">Al\u00e9m de tudo isso, um bom CRM contribui diretamente para a <strong data-start=\"3664\" data-end=\"3717\">conformidade com legisla\u00e7\u00f5es como a LGPD e o GDPR<\/strong>, oferecendo:<\/p><ul data-start=\"3731\" data-end=\"3871\"><li class=\"\" data-start=\"3731\" data-end=\"3759\"><p class=\"\" data-start=\"3733\" data-end=\"3759\">Registro de consentimentos<\/p><\/li><li class=\"\" data-start=\"3760\" data-end=\"3787\"><p class=\"\" data-start=\"3762\" data-end=\"3787\">Gest\u00e3o de dados sens\u00edveis<\/p><\/li><li class=\"\" data-start=\"3788\" data-end=\"3831\"><p class=\"\" data-start=\"3790\" data-end=\"3831\">Controle de acesso por n\u00edvel de permiss\u00e3o<\/p><\/li><li class=\"\" data-start=\"3832\" data-end=\"3871\"><p class=\"\" data-start=\"3834\" data-end=\"3871\">Relat\u00f3rios de atividades e auditorias<\/p><\/li><\/ul><p class=\"\" data-start=\"3873\" data-end=\"3950\">Isso garante <strong data-start=\"3886\" data-end=\"3908\">seguran\u00e7a jur\u00eddica<\/strong> e mais confian\u00e7a por parte do consumidor.<\/p><hr class=\"\" data-start=\"3952\" data-end=\"3955\" \/><h3 class=\"\" data-start=\"3957\" data-end=\"3973\">\ud83c\udfc1 Conclus\u00e3o<\/h3><p class=\"\" data-start=\"3975\" data-end=\"4262\">Um bom CRM \u00e9 muito mais do que um sistema de cadastro. Ele \u00e9 uma <strong data-start=\"4040\" data-end=\"4086\">ferramenta estrat\u00e9gica de alta performance<\/strong>, que impacta <strong data-start=\"4100\" data-end=\"4158\">produtividade, vendas, atendimento, marketing e gest\u00e3o<\/strong>. \u00c9 a ponte entre dados e decis\u00f5es, entre cliente e empresa, entre o presente e o futuro do seu neg\u00f3cio.<\/p><p class=\"\" data-start=\"4264\" data-end=\"4468\">Se voc\u00ea ainda n\u00e3o utiliza um CRM ou sente que o atual n\u00e3o entrega o que promete, talvez esteja na hora de considerar uma solu\u00e7\u00e3o que realmente entenda as suas dores e acompanhe o ritmo do seu crescimento.<\/p>\t\t\t\t\t\t\t\t<\/div>\n\t\t\t\t<\/div>\n\t\t\t\t\t<\/div>\n\t\t\t\t<\/div>\n\t\t\t\t<section class=\"elementor-section elementor-top-section elementor-element elementor-element-834caf7 elementor-section-boxed elementor-section-height-default elementor-section-height-default\" data-id=\"834caf7\" data-element_type=\"section\" data-e-type=\"section\" data-settings=\"{&quot;background_background&quot;:&quot;classic&quot;}\">\n\t\t\t\t\t\t\t<div class=\"elementor-background-overlay\"><\/div>\n\t\t\t\t\t\t\t<div class=\"elementor-container elementor-column-gap-default\">\n\t\t\t\t\t<div class=\"elementor-column elementor-col-100 elementor-top-column elementor-element elementor-element-d73d0fb elementor-invisible\" data-id=\"d73d0fb\" data-element_type=\"column\" data-e-type=\"column\" data-settings=\"{&quot;animation&quot;:&quot;zoomIn&quot;}\">\n\t\t\t<div class=\"elementor-widget-wrap elementor-element-populated\">\n\t\t\t\t\t\t<div class=\"elementor-element elementor-element-1e331c9 elementor-widget elementor-widget-heading\" data-id=\"1e331c9\" data-element_type=\"widget\" data-e-type=\"widget\" data-widget_type=\"heading.default\">\n\t\t\t\t<div class=\"elementor-widget-container\">\n\t\t\t\t\t<h2 class=\"elementor-heading-title elementor-size-default\">Experimente o System360 CRM Gratuitamente \u2013 Sem Riscos, Sem Cart\u00e3o!<\/h2>\t\t\t\t<\/div>\n\t\t\t\t<\/div>\n\t\t\t\t<div class=\"elementor-element elementor-element-c14488b elementor-widget elementor-widget-text-editor\" data-id=\"c14488b\" data-element_type=\"widget\" data-e-type=\"widget\" data-widget_type=\"text-editor.default\">\n\t\t\t\t<div class=\"elementor-widget-container\">\n\t\t\t\t\t\t\t\t\t<p>Descubra todo o potencial do nosso CRM com um teste 100% gratuito.<br data-start=\"218\" data-end=\"221\" \/>Sem necessidade de cart\u00e3o de cr\u00e9dito, sem compromisso \u2013 teste com calma, explore todos os recursos e veja como o System360 pode transformar a gest\u00e3o da sua empresa antes de tomar qualquer decis\u00e3o.<\/p>\t\t\t\t\t\t\t\t<\/div>\n\t\t\t\t<\/div>\n\t\t\t\t<div class=\"elementor-element elementor-element-bc71e0c elementor-align-center elementor-widget elementor-widget-button\" data-id=\"bc71e0c\" data-element_type=\"widget\" data-e-type=\"widget\" data-widget_type=\"button.default\">\n\t\t\t\t<div class=\"elementor-widget-container\">\n\t\t\t\t\t\t\t\t\t<div class=\"elementor-button-wrapper\">\n\t\t\t\t\t<a class=\"elementor-button elementor-button-link elementor-size-md\" href=\"https:\/\/system360.com.br\/home\/servicos\">\n\t\t\t\t\t\t<span class=\"elementor-button-content-wrapper\">\n\t\t\t\t\t\t\t\t\t<span class=\"elementor-button-text\">testar por 14 dias<\/span>\n\t\t\t\t\t<\/span>\n\t\t\t\t\t<\/a>\n\t\t\t\t<\/div>\n\t\t\t\t\t\t\t\t<\/div>\n\t\t\t\t<\/div>\n\t\t\t\t\t<\/div>\n\t\t<\/div>\n\t\t\t\t\t<\/div>\n\t\t<\/section>\n\t\t\t\t<\/div>\n\t\t","protected":false},"excerpt":{"rendered":"<p>O Que um Bom CRM Faz e Como Ele Melhora a Performance da Sua Empresa No ambiente corporativo atual, altamente competitivo e orientado por dados, contar com um sistema de CRM (Customer Relationship Management) eficiente \u00e9 mais do que uma op\u00e7\u00e3o \u2014 \u00e9 uma necessidade estrat\u00e9gica. Mas afinal, o que um bom CRM realmente faz? [&hellip;]<\/p>\n","protected":false},"author":1,"featured_media":0,"parent":0,"menu_order":0,"comment_status":"closed","ping_status":"closed","template":"","meta":{"_monsterinsights_skip_tracking":false,"_monsterinsights_sitenote_active":false,"_monsterinsights_sitenote_note":"","_monsterinsights_sitenote_category":0,"_uf_show_specific_survey":0,"_uf_disable_surveys":false,"footnotes":""},"class_list":["post-388","page","type-page","status-publish","hentry"],"aioseo_notices":[],"_links":{"self":[{"href":"https:\/\/system360.com.br\/home\/wp-json\/wp\/v2\/pages\/388","targetHints":{"allow":["GET"]}}],"collection":[{"href":"https:\/\/system360.com.br\/home\/wp-json\/wp\/v2\/pages"}],"about":[{"href":"https:\/\/system360.com.br\/home\/wp-json\/wp\/v2\/types\/page"}],"author":[{"embeddable":true,"href":"https:\/\/system360.com.br\/home\/wp-json\/wp\/v2\/users\/1"}],"replies":[{"embeddable":true,"href":"https:\/\/system360.com.br\/home\/wp-json\/wp\/v2\/comments?post=388"}],"version-history":[{"count":6,"href":"https:\/\/system360.com.br\/home\/wp-json\/wp\/v2\/pages\/388\/revisions"}],"predecessor-version":[{"id":488,"href":"https:\/\/system360.com.br\/home\/wp-json\/wp\/v2\/pages\/388\/revisions\/488"}],"wp:attachment":[{"href":"https:\/\/system360.com.br\/home\/wp-json\/wp\/v2\/media?parent=388"}],"curies":[{"name":"wp","href":"https:\/\/api.w.org\/{rel}","templated":true}]}}