{"id":434,"date":"2025-04-12T17:19:01","date_gmt":"2025-04-12T20:19:01","guid":{"rendered":"https:\/\/system360.com.br\/home\/?page_id=434"},"modified":"2025-05-11T09:31:11","modified_gmt":"2025-05-11T12:31:11","slug":"a-importancia-da-gestao-de-projetos-e-tarefas-para-empresas-que-buscam-alta-performance","status":"publish","type":"page","link":"https:\/\/system360.com.br\/home\/a-importancia-da-gestao-de-projetos-e-tarefas-para-empresas-que-buscam-alta-performance\/","title":{"rendered":"? A Import\u00e2ncia da Gest\u00e3o de Projetos e Tarefas para Empresas que Buscam Alta Performance"},"content":{"rendered":"\t\t<div data-elementor-type=\"wp-page\" data-elementor-id=\"434\" class=\"elementor elementor-434\" data-elementor-post-type=\"page\">\n\t\t\t\t<div class=\"elementor-element elementor-element-36d8421 e-flex e-con-boxed e-con e-parent\" data-id=\"36d8421\" data-element_type=\"container\" data-e-type=\"container\">\n\t\t\t\t\t<div class=\"e-con-inner\">\n\t\t\t\t<div class=\"elementor-element elementor-element-e03e478 elementor-widget elementor-widget-heading\" data-id=\"e03e478\" data-element_type=\"widget\" data-e-type=\"widget\" data-widget_type=\"heading.default\">\n\t\t\t\t<div class=\"elementor-widget-container\">\n\t\t\t\t\t<h2 class=\"elementor-heading-title elementor-size-default\">\ud83d\udccc A Import\u00e2ncia da Gest\u00e3o de Projetos e Tarefas para Empresas que Buscam Alta Performance<\/h2>\t\t\t\t<\/div>\n\t\t\t\t<\/div>\n\t\t\t\t<div class=\"elementor-element elementor-element-8b9fd93 elementor-widget elementor-widget-text-editor\" data-id=\"8b9fd93\" data-element_type=\"widget\" data-e-type=\"widget\" data-widget_type=\"text-editor.default\">\n\t\t\t\t<div class=\"elementor-widget-container\">\n\t\t\t\t\t\t\t\t\t<p class=\"\" data-start=\"342\" data-end=\"735\">No cen\u00e1rio empresarial atual, onde prazos curtos, demandas crescentes e equipes multifuncionais fazem parte do dia a dia, <strong data-start=\"464\" data-end=\"575\">a gest\u00e3o eficiente de projetos e tarefas deixou de ser um diferencial e passou a ser um requisito essencial<\/strong>. Sem uma metodologia clara, ferramentas adequadas e um bom planejamento, \u00e9 imposs\u00edvel garantir entregas de qualidade, dentro do prazo e com controle de custos.<\/p><p class=\"\" data-start=\"737\" data-end=\"984\">Neste artigo, voc\u00ea vai entender por que a <strong data-start=\"779\" data-end=\"853\">gest\u00e3o de projetos e tarefas \u00e9 vital para o crescimento organizacional<\/strong>, como ela impacta diretamente nos resultados e quais boas pr\u00e1ticas podem ser adotadas para alavancar a performance da sua empresa.<\/p><hr class=\"\" data-start=\"986\" data-end=\"989\" \/><h3 class=\"\" data-start=\"991\" data-end=\"1037\">\ud83d\udccb O Que \u00e9 a Gest\u00e3o de Projetos e Tarefas?<\/h3><p class=\"\" data-start=\"1039\" data-end=\"1351\">A <strong data-start=\"1041\" data-end=\"1063\">gest\u00e3o de projetos<\/strong> \u00e9 o processo de <strong data-start=\"1080\" data-end=\"1124\">planejar, executar, monitorar e concluir<\/strong> um conjunto de atividades interdependentes com objetivos espec\u00edficos e prazo determinado. J\u00e1 a <strong data-start=\"1220\" data-end=\"1241\">gest\u00e3o de tarefas<\/strong> \u00e9 o detalhamento operacional dessas atividades, organizando o que precisa ser feito, por quem, quando e como.<\/p><p class=\"\" data-start=\"1353\" data-end=\"1481\">Ambas trabalham juntas para que o projeto atinja seus objetivos, respeitando os pilares de <strong data-start=\"1444\" data-end=\"1480\">escopo, tempo, custo e qualidade<\/strong>.<\/p><hr class=\"\" data-start=\"1483\" data-end=\"1486\" \/><h3 class=\"\" data-start=\"1488\" data-end=\"1548\">\ud83d\ude80 Benef\u00edcios da Gest\u00e3o de Projetos e Tarefas na Pr\u00e1tica<\/h3><h4 class=\"\" data-start=\"1550\" data-end=\"1596\">1. <strong data-start=\"1558\" data-end=\"1596\">Organiza\u00e7\u00e3o e Clareza nas Entregas<\/strong><\/h4><p class=\"\" data-start=\"1597\" data-end=\"1663\">Com uma gest\u00e3o estruturada, cada membro da equipe sabe exatamente:<\/p><ul data-start=\"1664\" data-end=\"1753\"><li class=\"\" data-start=\"1664\" data-end=\"1685\"><p class=\"\" data-start=\"1666\" data-end=\"1685\">O que precisa fazer<\/p><\/li><li class=\"\" data-start=\"1686\" data-end=\"1700\"><p class=\"\" data-start=\"1688\" data-end=\"1700\">Em que prazo<\/p><\/li><li class=\"\" data-start=\"1701\" data-end=\"1721\"><p class=\"\" data-start=\"1703\" data-end=\"1721\">Com quais recursos<\/p><\/li><li class=\"\" data-start=\"1722\" data-end=\"1753\"><p class=\"\" data-start=\"1724\" data-end=\"1753\">Quais os crit\u00e9rios de sucesso<\/p><\/li><\/ul><p class=\"\" data-start=\"1755\" data-end=\"1825\">Isso elimina retrabalhos, reduz erros e melhora a comunica\u00e7\u00e3o interna.<\/p><hr class=\"\" data-start=\"1827\" data-end=\"1830\" \/><h4 class=\"\" data-start=\"1832\" data-end=\"1868\">2. <strong data-start=\"1840\" data-end=\"1868\">Aumento de Produtividade<\/strong><\/h4><p class=\"\" data-start=\"1869\" data-end=\"2065\">Tarefas bem distribu\u00eddas, com prazos claros e prioridades bem definidas, otimizam o tempo da equipe e evitam sobrecargas. Com isso, mais projetos s\u00e3o entregues em menos tempo e com mais qualidade.<\/p><hr class=\"\" data-start=\"2067\" data-end=\"2070\" \/><h4 class=\"\" data-start=\"2072\" data-end=\"2118\">3. <strong data-start=\"2080\" data-end=\"2118\">Cumprimento de Prazos e Or\u00e7amentos<\/strong><\/h4><p class=\"\" data-start=\"2119\" data-end=\"2348\">A falta de controle em projetos \u00e9 uma das principais causas de atrasos e estouros de or\u00e7amento. Com a gest\u00e3o adequada, \u00e9 poss\u00edvel acompanhar em tempo real o progresso de cada fase e antecipar desvios antes que se tornem preju\u00edzo.<\/p><hr class=\"\" data-start=\"2350\" data-end=\"2353\" \/><h4 class=\"\" data-start=\"2355\" data-end=\"2395\">4. <strong data-start=\"2363\" data-end=\"2395\">Melhora na Tomada de Decis\u00e3o<\/strong><\/h4><p class=\"\" data-start=\"2396\" data-end=\"2577\">Com dashboards, relat\u00f3rios e indicadores de performance, o gestor consegue tomar decis\u00f5es baseadas em dados reais, e n\u00e3o em achismos. Isso garante agilidade e seguran\u00e7a estrat\u00e9gica.<\/p><hr class=\"\" data-start=\"2579\" data-end=\"2582\" \/><h4 class=\"\" data-start=\"2584\" data-end=\"2621\">5. <strong data-start=\"2592\" data-end=\"2621\">Alinhamento Entre Equipes<\/strong><\/h4><p class=\"\" data-start=\"2622\" data-end=\"2772\">A gest\u00e3o de tarefas promove visibilidade entre setores, reduz conflitos e melhora a colabora\u00e7\u00e3o entre \u00e1reas, mesmo em equipes remotas ou distribu\u00eddas.<\/p><hr class=\"\" data-start=\"2774\" data-end=\"2777\" \/><h3 class=\"\" data-start=\"2779\" data-end=\"2832\">\ud83e\udde0 Por Que a Falta de Gest\u00e3o Prejudica a Empresa?<\/h3><p class=\"\" data-start=\"2834\" data-end=\"2906\">Empresas que n\u00e3o t\u00eam uma gest\u00e3o de projetos e tarefas eficaz sofrem com:<\/p><ul data-start=\"2907\" data-end=\"3095\"><li class=\"\" data-start=\"2907\" data-end=\"2946\"><p class=\"\" data-start=\"2909\" data-end=\"2946\">Desorganiza\u00e7\u00e3o e perda de informa\u00e7\u00f5es<\/p><\/li><li class=\"\" data-start=\"2947\" data-end=\"2985\"><p class=\"\" data-start=\"2949\" data-end=\"2985\">Falta de previsibilidade em entregas<\/p><\/li><li class=\"\" data-start=\"2986\" data-end=\"3020\"><p class=\"\" data-start=\"2988\" data-end=\"3020\">Baixa produtividade e retrabalho<\/p><\/li><li class=\"\" data-start=\"3021\" data-end=\"3045\"><p class=\"\" data-start=\"3023\" data-end=\"3045\">Desmotiva\u00e7\u00e3o da equipe<\/p><\/li><li class=\"\" data-start=\"3046\" data-end=\"3095\"><p class=\"\" data-start=\"3048\" data-end=\"3095\">Clientes insatisfeitos e perda de credibilidade<\/p><\/li><\/ul><p class=\"\" data-start=\"3097\" data-end=\"3217\">Ou seja, o impacto \u00e9 direto na <strong data-start=\"3128\" data-end=\"3153\">satisfa\u00e7\u00e3o do cliente<\/strong>, no <strong data-start=\"3158\" data-end=\"3182\">clima organizacional<\/strong> e na <strong data-start=\"3188\" data-end=\"3216\">lucratividade do neg\u00f3cio<\/strong>.<\/p><hr class=\"\" data-start=\"3219\" data-end=\"3222\" \/><h3 class=\"\" data-start=\"3224\" data-end=\"3284\">\ud83d\udee0\ufe0f Ferramentas de Apoio: CRM, Kanban, Gantt e Automa\u00e7\u00e3o<\/h3><p class=\"\" data-start=\"3286\" data-end=\"3351\">Hoje existem solu\u00e7\u00f5es poderosas que facilitam a gest\u00e3o integrada:<\/p><ul data-start=\"3352\" data-end=\"3610\"><li class=\"\" data-start=\"3352\" data-end=\"3426\"><p class=\"\" data-start=\"3354\" data-end=\"3426\"><strong data-start=\"3354\" data-end=\"3385\">CRMs com m\u00f3dulo de projetos<\/strong> (como o System360, Perfex, entre outros)<\/p><\/li><li class=\"\" data-start=\"3427\" data-end=\"3484\"><p class=\"\" data-start=\"3429\" data-end=\"3484\"><strong data-start=\"3429\" data-end=\"3484\">Ferramentas visuais como Kanban e Gr\u00e1ficos de Gantt<\/strong><\/p><\/li><li class=\"\" data-start=\"3485\" data-end=\"3538\"><p class=\"\" data-start=\"3487\" data-end=\"3538\"><strong data-start=\"3487\" data-end=\"3538\">Sistemas de automa\u00e7\u00e3o de tarefas e notifica\u00e7\u00f5es<\/strong><\/p><\/li><li class=\"\" data-start=\"3539\" data-end=\"3610\"><p class=\"\" data-start=\"3541\" data-end=\"3610\"><strong data-start=\"3541\" data-end=\"3610\">Integra\u00e7\u00f5es com e-mail, calend\u00e1rio e aplicativos de produtividade<\/strong><\/p><\/li><\/ul><p class=\"\" data-start=\"3612\" data-end=\"3738\">Essas tecnologias permitem <strong data-start=\"3639\" data-end=\"3663\">padronizar processos<\/strong>, aumentar o controle e melhorar o desempenho da equipe em todos os n\u00edveis.<\/p><hr class=\"\" data-start=\"3740\" data-end=\"3743\" \/><h3 class=\"\" data-start=\"3745\" data-end=\"3783\">\ud83d\udd10 Conformidade, Governan\u00e7a e LGPD<\/h3><p class=\"\" data-start=\"3785\" data-end=\"4139\">Al\u00e9m da produtividade, uma boa gest\u00e3o de projetos ajuda na <strong data-start=\"3844\" data-end=\"3873\">documenta\u00e7\u00e3o de processos<\/strong>, controle de responsabilidades e registro de decis\u00f5es \u2014 aspectos fundamentais para a <strong data-start=\"3959\" data-end=\"3985\">governan\u00e7a corporativa<\/strong>, compliance e <strong data-start=\"4000\" data-end=\"4027\">conformidade com a LGPD<\/strong>, pois permite rastrear atividades e proteger dados sens\u00edveis em projetos que envolvem clientes e colaboradores.<\/p><hr class=\"\" data-start=\"4141\" data-end=\"4144\" \/><h3 class=\"\" data-start=\"4146\" data-end=\"4162\">\ud83c\udfc1 Conclus\u00e3o<\/h3><p class=\"\" data-start=\"4164\" data-end=\"4546\">A <strong data-start=\"4166\" data-end=\"4244\">gest\u00e3o de projetos e tarefas \u00e9 o c\u00e9rebro operacional das empresas modernas<\/strong>. \u00c9 por meio dela que as ideias saem do papel, os recursos s\u00e3o bem utilizados e os resultados se tornam previs\u00edveis. Investir em boas pr\u00e1ticas, ferramentas eficientes e capacita\u00e7\u00e3o da equipe \u00e9 o caminho certo para empresas que desejam crescer com solidez, competitividade e excel\u00eancia em suas entregas.<\/p><p class=\"\" data-start=\"4548\" data-end=\"4715\">Se sua empresa ainda n\u00e3o adota uma metodologia clara de gest\u00e3o de projetos, talvez este seja o <strong data-start=\"4643\" data-end=\"4662\">ponto de virada<\/strong> que est\u00e1 faltando para alavancar os seus resultados.<\/p>\t\t\t\t\t\t\t\t<\/div>\n\t\t\t\t<\/div>\n\t\t\t\t\t<\/div>\n\t\t\t\t<\/div>\n\t\t\t\t<section class=\"elementor-section elementor-top-section elementor-element elementor-element-1c789d3 elementor-section-boxed elementor-section-height-default elementor-section-height-default\" data-id=\"1c789d3\" data-element_type=\"section\" data-e-type=\"section\" data-settings=\"{&quot;background_background&quot;:&quot;classic&quot;}\">\n\t\t\t\t\t\t\t<div class=\"elementor-background-overlay\"><\/div>\n\t\t\t\t\t\t\t<div class=\"elementor-container elementor-column-gap-default\">\n\t\t\t\t\t<div class=\"elementor-column elementor-col-100 elementor-top-column elementor-element elementor-element-da53945 elementor-invisible\" data-id=\"da53945\" data-element_type=\"column\" data-e-type=\"column\" data-settings=\"{&quot;animation&quot;:&quot;zoomIn&quot;}\">\n\t\t\t<div class=\"elementor-widget-wrap elementor-element-populated\">\n\t\t\t\t\t\t<div class=\"elementor-element elementor-element-8d8d86c elementor-widget elementor-widget-heading\" data-id=\"8d8d86c\" data-element_type=\"widget\" data-e-type=\"widget\" data-widget_type=\"heading.default\">\n\t\t\t\t<div class=\"elementor-widget-container\">\n\t\t\t\t\t<h2 class=\"elementor-heading-title elementor-size-default\">Experimente o System360 CRM Gratuitamente \u2013 Sem Riscos, Sem Cart\u00e3o!<\/h2>\t\t\t\t<\/div>\n\t\t\t\t<\/div>\n\t\t\t\t<div class=\"elementor-element elementor-element-bf9d6a0 elementor-widget elementor-widget-text-editor\" data-id=\"bf9d6a0\" data-element_type=\"widget\" data-e-type=\"widget\" data-widget_type=\"text-editor.default\">\n\t\t\t\t<div class=\"elementor-widget-container\">\n\t\t\t\t\t\t\t\t\t<p>Descubra todo o potencial do nosso CRM com um teste 100% gratuito.<br data-start=\"218\" data-end=\"221\" \/>Sem necessidade de cart\u00e3o de cr\u00e9dito, sem compromisso \u2013 teste com calma, explore todos os recursos e veja como o System360 pode transformar a gest\u00e3o da sua empresa antes de tomar qualquer decis\u00e3o.<\/p>\t\t\t\t\t\t\t\t<\/div>\n\t\t\t\t<\/div>\n\t\t\t\t<div class=\"elementor-element elementor-element-2af8f63 elementor-align-center elementor-widget elementor-widget-button\" data-id=\"2af8f63\" data-element_type=\"widget\" data-e-type=\"widget\" data-widget_type=\"button.default\">\n\t\t\t\t<div class=\"elementor-widget-container\">\n\t\t\t\t\t\t\t\t\t<div class=\"elementor-button-wrapper\">\n\t\t\t\t\t<a class=\"elementor-button elementor-button-link elementor-size-md\" href=\"https:\/\/system360.com.br\/home\/servicos\">\n\t\t\t\t\t\t<span class=\"elementor-button-content-wrapper\">\n\t\t\t\t\t\t\t\t\t<span class=\"elementor-button-text\">testar por 14 dias<\/span>\n\t\t\t\t\t<\/span>\n\t\t\t\t\t<\/a>\n\t\t\t\t<\/div>\n\t\t\t\t\t\t\t\t<\/div>\n\t\t\t\t<\/div>\n\t\t\t\t\t<\/div>\n\t\t<\/div>\n\t\t\t\t\t<\/div>\n\t\t<\/section>\n\t\t\t\t<\/div>\n\t\t","protected":false},"excerpt":{"rendered":"<p>\ud83d\udccc A Import\u00e2ncia da Gest\u00e3o de Projetos e Tarefas para Empresas que Buscam Alta Performance No cen\u00e1rio empresarial atual, onde prazos curtos, demandas crescentes e equipes multifuncionais fazem parte do dia a dia, a gest\u00e3o eficiente de projetos e tarefas deixou de ser um diferencial e passou a ser um requisito essencial. Sem uma metodologia [&hellip;]<\/p>\n","protected":false},"author":1,"featured_media":0,"parent":0,"menu_order":0,"comment_status":"closed","ping_status":"closed","template":"","meta":{"_monsterinsights_skip_tracking":false,"_monsterinsights_sitenote_active":false,"_monsterinsights_sitenote_note":"","_monsterinsights_sitenote_category":0,"_uf_show_specific_survey":0,"_uf_disable_surveys":false,"footnotes":""},"class_list":["post-434","page","type-page","status-publish","hentry"],"aioseo_notices":[],"_links":{"self":[{"href":"https:\/\/system360.com.br\/home\/wp-json\/wp\/v2\/pages\/434","targetHints":{"allow":["GET"]}}],"collection":[{"href":"https:\/\/system360.com.br\/home\/wp-json\/wp\/v2\/pages"}],"about":[{"href":"https:\/\/system360.com.br\/home\/wp-json\/wp\/v2\/types\/page"}],"author":[{"embeddable":true,"href":"https:\/\/system360.com.br\/home\/wp-json\/wp\/v2\/users\/1"}],"replies":[{"embeddable":true,"href":"https:\/\/system360.com.br\/home\/wp-json\/wp\/v2\/comments?post=434"}],"version-history":[{"count":6,"href":"https:\/\/system360.com.br\/home\/wp-json\/wp\/v2\/pages\/434\/revisions"}],"predecessor-version":[{"id":1049,"href":"https:\/\/system360.com.br\/home\/wp-json\/wp\/v2\/pages\/434\/revisions\/1049"}],"wp:attachment":[{"href":"https:\/\/system360.com.br\/home\/wp-json\/wp\/v2\/media?parent=434"}],"curies":[{"name":"wp","href":"https:\/\/api.w.org\/{rel}","templated":true}]}}