{"id":441,"date":"2025-04-12T17:22:46","date_gmt":"2025-04-12T20:22:46","guid":{"rendered":"https:\/\/system360.com.br\/home\/?page_id=441"},"modified":"2025-05-11T09:31:21","modified_gmt":"2025-05-11T12:31:21","slug":"a-importancia-do-suporte-ao-cliente-pilar-estrategico-para-a-experiencia-fidelizacao-e-crescimento","status":"publish","type":"page","link":"https:\/\/system360.com.br\/home\/a-importancia-do-suporte-ao-cliente-pilar-estrategico-para-a-experiencia-fidelizacao-e-crescimento\/","title":{"rendered":"? A Import\u00e2ncia do Suporte ao Cliente: Pilar Estrat\u00e9gico para a Experi\u00eancia, Fideliza\u00e7\u00e3o e Crescimento"},"content":{"rendered":"\t\t<div data-elementor-type=\"wp-page\" data-elementor-id=\"441\" class=\"elementor elementor-441\" data-elementor-post-type=\"page\">\n\t\t\t\t<div class=\"elementor-element elementor-element-36d8421 e-flex e-con-boxed e-con e-parent\" data-id=\"36d8421\" data-element_type=\"container\" data-e-type=\"container\">\n\t\t\t\t\t<div class=\"e-con-inner\">\n\t\t\t\t<div class=\"elementor-element elementor-element-e03e478 elementor-widget elementor-widget-heading\" data-id=\"e03e478\" data-element_type=\"widget\" data-e-type=\"widget\" data-widget_type=\"heading.default\">\n\t\t\t\t<div class=\"elementor-widget-container\">\n\t\t\t\t\t<h2 class=\"elementor-heading-title elementor-size-default\">\ud83e\udd1d A Import\u00e2ncia do Suporte ao Cliente: Pilar Estrat\u00e9gico para a Experi\u00eancia, Fideliza\u00e7\u00e3o e Crescimento<\/h2>\t\t\t\t<\/div>\n\t\t\t\t<\/div>\n\t\t\t\t<div class=\"elementor-element elementor-element-8b9fd93 elementor-widget elementor-widget-text-editor\" data-id=\"8b9fd93\" data-element_type=\"widget\" data-e-type=\"widget\" data-widget_type=\"text-editor.default\">\n\t\t\t\t<div class=\"elementor-widget-container\">\n\t\t\t\t\t\t\t\t\t<p class=\"\" data-start=\"363\" data-end=\"689\">Em um mercado cada vez mais competitivo, onde produtos e pre\u00e7os muitas vezes se igualam, <strong data-start=\"452\" data-end=\"519\">o diferencial das empresas est\u00e1 no relacionamento com o cliente<\/strong>. E nesse contexto, o <strong data-start=\"541\" data-end=\"563\">suporte ao cliente<\/strong> \u2014 muitas vezes visto apenas como uma \u00e1rea operacional \u2014 se revela como um dos <strong data-start=\"642\" data-end=\"688\">principais pilares estrat\u00e9gicos do neg\u00f3cio<\/strong>.<\/p><p class=\"\" data-start=\"691\" data-end=\"898\">Mais do que resolver problemas, o suporte tem o papel de <strong data-start=\"748\" data-end=\"807\">garantir uma experi\u00eancia fluida, humanizada e eficiente<\/strong>, contribuindo diretamente para a fideliza\u00e7\u00e3o, reputa\u00e7\u00e3o da marca e aumento do faturamento.<\/p><hr class=\"\" data-start=\"900\" data-end=\"903\" \/><h3 class=\"\" data-start=\"905\" data-end=\"939\">\ud83e\udded O Que \u00e9 Suporte ao Cliente?<\/h3><p class=\"\" data-start=\"941\" data-end=\"1172\">O <strong data-start=\"943\" data-end=\"965\">suporte ao cliente<\/strong> \u00e9 o conjunto de processos, canais e profissionais respons\u00e1veis por <strong data-start=\"1033\" data-end=\"1104\">atender, orientar e solucionar d\u00favidas ou dificuldades dos clientes<\/strong> com o uso de produtos ou servi\u00e7os. Ele pode ser oferecido de forma:<\/p><ul data-start=\"1173\" data-end=\"1349\"><li class=\"\" data-start=\"1173\" data-end=\"1229\"><p class=\"\" data-start=\"1175\" data-end=\"1229\"><strong data-start=\"1175\" data-end=\"1189\">Preventiva<\/strong> (educa\u00e7\u00e3o, onboarding, autoatendimento)<\/p><\/li><li class=\"\" data-start=\"1230\" data-end=\"1279\"><p class=\"\" data-start=\"1232\" data-end=\"1279\"><strong data-start=\"1232\" data-end=\"1245\">Corretiva<\/strong> (atendimento reativo a problemas)<\/p><\/li><li class=\"\" data-start=\"1280\" data-end=\"1349\"><p class=\"\" data-start=\"1282\" data-end=\"1349\"><strong data-start=\"1282\" data-end=\"1294\">Proativa<\/strong> (identifica\u00e7\u00e3o de problemas antes do cliente perceber)<\/p><\/li><\/ul><hr class=\"\" data-start=\"1351\" data-end=\"1354\" \/><h3 class=\"\" data-start=\"1356\" data-end=\"1406\">\ud83d\ude80 Por Que o Suporte ao Cliente \u00e9 Estrat\u00e9gico?<\/h3><h4 class=\"\" data-start=\"1408\" data-end=\"1454\">1. <strong data-start=\"1416\" data-end=\"1454\">Fideliza\u00e7\u00e3o e Reten\u00e7\u00e3o de Clientes<\/strong><\/h4><p class=\"\" data-start=\"1455\" data-end=\"1696\">Segundo estudos de mercado, <strong data-start=\"1483\" data-end=\"1548\">reter um cliente custa at\u00e9 5x menos do que conquistar um novo<\/strong>. Um atendimento de excel\u00eancia fortalece o v\u00ednculo com a marca, aumenta a confian\u00e7a e a satisfa\u00e7\u00e3o \u2014 reduzindo drasticamente o churn (cancelamento).<\/p><h4 class=\"\" data-start=\"1698\" data-end=\"1761\">2. <strong data-start=\"1706\" data-end=\"1761\">Aumento do LTV (Valor do Cliente ao Longo do Tempo)<\/strong><\/h4><p class=\"\" data-start=\"1762\" data-end=\"1992\">Clientes bem atendidos permanecem mais tempo na base, fazem upsell, indicam a empresa e se tornam defensores da marca. Isso impacta diretamente no <strong data-start=\"1909\" data-end=\"1933\">Lifetime Value (LTV)<\/strong>, um dos principais indicadores de crescimento sustent\u00e1vel.<\/p><h4 class=\"\" data-start=\"1994\" data-end=\"2037\">3. <strong data-start=\"2002\" data-end=\"2037\">Reputa\u00e7\u00e3o e Autoridade da Marca<\/strong><\/h4><p class=\"\" data-start=\"2038\" data-end=\"2225\">Experi\u00eancias ruins s\u00e3o rapidamente compartilhadas em redes sociais e plataformas de avalia\u00e7\u00e3o. Um suporte eficaz <strong data-start=\"2151\" data-end=\"2182\">protege a imagem da empresa<\/strong> e constr\u00f3i autoridade positiva no mercado.<\/p><h4 class=\"\" data-start=\"2227\" data-end=\"2276\">4. <strong data-start=\"2235\" data-end=\"2276\">Identifica\u00e7\u00e3o de Melhorias e Insights<\/strong><\/h4><p class=\"\" data-start=\"2277\" data-end=\"2476\">O suporte \u00e9 a linha de frente do neg\u00f3cio. Cada intera\u00e7\u00e3o com o cliente pode trazer <strong data-start=\"2360\" data-end=\"2475\">feedbacks valiosos sobre falhas, oportunidades de melhoria, novas funcionalidades e tend\u00eancias de comportamento<\/strong>.<\/p><h4 class=\"\" data-start=\"2478\" data-end=\"2515\">5. <strong data-start=\"2486\" data-end=\"2515\">Diferencia\u00e7\u00e3o Competitiva<\/strong><\/h4><p class=\"\" data-start=\"2516\" data-end=\"2712\">Num mundo onde produtos e pre\u00e7os s\u00e3o semelhantes, empresas que investem em um suporte de excel\u00eancia <strong data-start=\"2616\" data-end=\"2648\">se destacam pela experi\u00eancia<\/strong>. Isso \u00e9 um fator decisivo para a escolha do consumidor moderno.<\/p><hr class=\"\" data-start=\"2714\" data-end=\"2717\" \/><h3 class=\"\" data-start=\"2719\" data-end=\"2758\">\ud83d\udcca Dados que Comprovam a Relev\u00e2ncia<\/h3><ul data-start=\"2760\" data-end=\"3059\"><li class=\"\" data-start=\"2760\" data-end=\"2877\"><p class=\"\" data-start=\"2762\" data-end=\"2877\"><strong data-start=\"2762\" data-end=\"2786\">96% dos consumidores<\/strong> dizem que o atendimento ao cliente \u00e9 importante na escolha de uma marca (Fonte: Microsoft)<\/p><\/li><li class=\"\" data-start=\"2878\" data-end=\"2976\"><p class=\"\" data-start=\"2880\" data-end=\"2976\"><strong data-start=\"2880\" data-end=\"2900\">80% dos clientes<\/strong> trocariam de marca ap\u00f3s uma experi\u00eancia ruim com o suporte (Fonte: Zendesk)<\/p><\/li><li class=\"\" data-start=\"2977\" data-end=\"3059\"><p class=\"\" data-start=\"2979\" data-end=\"3059\"><strong data-start=\"2979\" data-end=\"3009\">77% dos consumidores fi\u00e9is<\/strong> recomendam marcas com bom suporte (Fonte: Forbes)<\/p><\/li><\/ul><p class=\"\" data-start=\"3061\" data-end=\"3163\">Esses dados demonstram que <strong data-start=\"3088\" data-end=\"3130\">o suporte n\u00e3o \u00e9 custo \u2014 \u00e9 investimento<\/strong> direto em performance comercial.<\/p><hr class=\"\" data-start=\"3165\" data-end=\"3168\" \/><h3 class=\"\" data-start=\"3170\" data-end=\"3231\">\ud83d\udee0\ufe0f Suporte ao Cliente e Tecnologia: Uma Alian\u00e7a Poderosa<\/h3><p class=\"\" data-start=\"3233\" data-end=\"3282\">Empresas modernas t\u00eam investido em solu\u00e7\u00f5es como:<\/p><ul data-start=\"3283\" data-end=\"3541\"><li class=\"\" data-start=\"3283\" data-end=\"3327\"><p class=\"\" data-start=\"3285\" data-end=\"3327\"><strong data-start=\"3285\" data-end=\"3327\">CRMs com hist\u00f3rico completo do cliente<\/strong><\/p><\/li><li class=\"\" data-start=\"3328\" data-end=\"3382\"><p class=\"\" data-start=\"3330\" data-end=\"3382\"><strong data-start=\"3330\" data-end=\"3353\">Sistemas de tickets<\/strong> para organiza\u00e7\u00e3o de demandas<\/p><\/li><li class=\"\" data-start=\"3383\" data-end=\"3445\"><p class=\"\" data-start=\"3385\" data-end=\"3445\"><strong data-start=\"3385\" data-end=\"3423\">Chatbots e intelig\u00eancia artificial<\/strong> para atendimento 24\/7<\/p><\/li><li class=\"\" data-start=\"3446\" data-end=\"3491\"><p class=\"\" data-start=\"3448\" data-end=\"3491\"><strong data-start=\"3448\" data-end=\"3491\">Bases de conhecimento e autoatendimento<\/strong><\/p><\/li><li class=\"\" data-start=\"3492\" data-end=\"3541\"><p class=\"\" data-start=\"3494\" data-end=\"3541\"><strong data-start=\"3494\" data-end=\"3541\">WhatsApp, e-mail e redes sociais integradas<\/strong><\/p><\/li><\/ul><p class=\"\" data-start=\"3543\" data-end=\"3747\">Essas ferramentas garantem <strong data-start=\"3570\" data-end=\"3628\">respostas mais r\u00e1pidas, personalizadas e centralizadas<\/strong>, al\u00e9m de <strong data-start=\"3638\" data-end=\"3672\">automatizar o que \u00e9 repetitivo<\/strong>, liberando tempo da equipe para focar no que realmente importa: o cliente.<\/p><hr class=\"\" data-start=\"3749\" data-end=\"3752\" \/><h3 class=\"\" data-start=\"3754\" data-end=\"3818\">\ud83d\udd10 Suporte e LGPD: Protegendo o Cliente com Responsabilidade<\/h3><p class=\"\" data-start=\"3820\" data-end=\"4035\">O suporte tamb\u00e9m \u00e9 respons\u00e1vel por lidar com <strong data-start=\"3865\" data-end=\"3893\">dados pessoais sens\u00edveis<\/strong>. Isso torna fundamental a ado\u00e7\u00e3o de pr\u00e1ticas de seguran\u00e7a da informa\u00e7\u00e3o e <strong data-start=\"3968\" data-end=\"3995\">conformidade com a LGPD<\/strong> (Lei Geral de Prote\u00e7\u00e3o de Dados), como:<\/p><ul data-start=\"4036\" data-end=\"4127\"><li class=\"\" data-start=\"4036\" data-end=\"4057\"><p class=\"\" data-start=\"4038\" data-end=\"4057\">Consentimento claro<\/p><\/li><li class=\"\" data-start=\"4058\" data-end=\"4078\"><p class=\"\" data-start=\"4060\" data-end=\"4078\">Controle de acesso<\/p><\/li><li class=\"\" data-start=\"4079\" data-end=\"4103\"><p class=\"\" data-start=\"4081\" data-end=\"4103\">Registro de atividades<\/p><\/li><li class=\"\" data-start=\"4104\" data-end=\"4127\"><p class=\"\" data-start=\"4106\" data-end=\"4127\">Criptografia de dados<\/p><\/li><\/ul><blockquote data-start=\"4129\" data-end=\"4223\"><p class=\"\" data-start=\"4131\" data-end=\"4223\">Um bom suporte n\u00e3o apenas resolve o problema \u2014 <strong data-start=\"4178\" data-end=\"4222\">faz isso com \u00e9tica, respeito e seguran\u00e7a<\/strong>.<\/p><\/blockquote><hr class=\"\" data-start=\"4225\" data-end=\"4228\" \/><h3 class=\"\" data-start=\"4230\" data-end=\"4246\">\ud83c\udfc1 Conclus\u00e3o<\/h3><p class=\"\" data-start=\"4248\" data-end=\"4492\">O <strong data-start=\"4250\" data-end=\"4332\">suporte ao cliente n\u00e3o deve ser tratado como um custo ou obriga\u00e7\u00e3o operacional<\/strong>, mas sim como uma <strong data-start=\"4351\" data-end=\"4384\">alavanca estrat\u00e9gica de valor<\/strong>. Ele tem impacto direto na experi\u00eancia do usu\u00e1rio, na fideliza\u00e7\u00e3o, na imagem da marca e at\u00e9 no faturamento.<\/p><p class=\"\" data-start=\"4494\" data-end=\"4661\">Empresas que colocam o cliente no centro das decis\u00f5es \u2014 e investem em um suporte \u00e1gil, humanizado e eficiente \u2014 <strong data-start=\"4606\" data-end=\"4660\">colhem resultados s\u00f3lidos, duradouros e escal\u00e1veis<\/strong>.<\/p><p class=\"\" data-start=\"4663\" data-end=\"4809\">Se voc\u00ea deseja crescer com consist\u00eancia e fortalecer a reputa\u00e7\u00e3o da sua empresa, <strong data-start=\"4744\" data-end=\"4808\">comece pelo b\u00e1sico: atenda bem, resolva r\u00e1pido e ou\u00e7a sempre<\/strong>.<\/p>\t\t\t\t\t\t\t\t<\/div>\n\t\t\t\t<\/div>\n\t\t\t\t\t<\/div>\n\t\t\t\t<\/div>\n\t\t\t\t<section class=\"elementor-section elementor-top-section elementor-element elementor-element-1c789d3 elementor-section-boxed elementor-section-height-default elementor-section-height-default\" data-id=\"1c789d3\" data-element_type=\"section\" data-e-type=\"section\" data-settings=\"{&quot;background_background&quot;:&quot;classic&quot;}\">\n\t\t\t\t\t\t\t<div class=\"elementor-background-overlay\"><\/div>\n\t\t\t\t\t\t\t<div class=\"elementor-container elementor-column-gap-default\">\n\t\t\t\t\t<div class=\"elementor-column elementor-col-100 elementor-top-column elementor-element elementor-element-da53945 elementor-invisible\" data-id=\"da53945\" data-element_type=\"column\" data-e-type=\"column\" data-settings=\"{&quot;animation&quot;:&quot;zoomIn&quot;}\">\n\t\t\t<div class=\"elementor-widget-wrap elementor-element-populated\">\n\t\t\t\t\t\t<div class=\"elementor-element elementor-element-8d8d86c elementor-widget elementor-widget-heading\" data-id=\"8d8d86c\" data-element_type=\"widget\" data-e-type=\"widget\" data-widget_type=\"heading.default\">\n\t\t\t\t<div class=\"elementor-widget-container\">\n\t\t\t\t\t<h2 class=\"elementor-heading-title elementor-size-default\">Experimente o System360 CRM Gratuitamente \u2013 Sem Riscos, Sem Cart\u00e3o!<\/h2>\t\t\t\t<\/div>\n\t\t\t\t<\/div>\n\t\t\t\t<div class=\"elementor-element elementor-element-bf9d6a0 elementor-widget elementor-widget-text-editor\" data-id=\"bf9d6a0\" data-element_type=\"widget\" data-e-type=\"widget\" data-widget_type=\"text-editor.default\">\n\t\t\t\t<div class=\"elementor-widget-container\">\n\t\t\t\t\t\t\t\t\t<p>Descubra todo o potencial do nosso CRM com um teste 100% gratuito.<br data-start=\"218\" data-end=\"221\" \/>Sem necessidade de cart\u00e3o de cr\u00e9dito, sem compromisso \u2013 teste com calma, explore todos os recursos e veja como o System360 pode transformar a gest\u00e3o da sua empresa antes de tomar qualquer decis\u00e3o.<\/p>\t\t\t\t\t\t\t\t<\/div>\n\t\t\t\t<\/div>\n\t\t\t\t<div class=\"elementor-element elementor-element-2af8f63 elementor-align-center elementor-widget elementor-widget-button\" data-id=\"2af8f63\" data-element_type=\"widget\" data-e-type=\"widget\" data-widget_type=\"button.default\">\n\t\t\t\t<div class=\"elementor-widget-container\">\n\t\t\t\t\t\t\t\t\t<div class=\"elementor-button-wrapper\">\n\t\t\t\t\t<a class=\"elementor-button elementor-button-link elementor-size-md\" href=\"https:\/\/system360.com.br\/home\/servicos\">\n\t\t\t\t\t\t<span class=\"elementor-button-content-wrapper\">\n\t\t\t\t\t\t\t\t\t<span class=\"elementor-button-text\">testar por 14 dias<\/span>\n\t\t\t\t\t<\/span>\n\t\t\t\t\t<\/a>\n\t\t\t\t<\/div>\n\t\t\t\t\t\t\t\t<\/div>\n\t\t\t\t<\/div>\n\t\t\t\t\t<\/div>\n\t\t<\/div>\n\t\t\t\t\t<\/div>\n\t\t<\/section>\n\t\t\t\t<\/div>\n\t\t","protected":false},"excerpt":{"rendered":"<p>\ud83e\udd1d A Import\u00e2ncia do Suporte ao Cliente: Pilar Estrat\u00e9gico para a Experi\u00eancia, Fideliza\u00e7\u00e3o e Crescimento Em um mercado cada vez mais competitivo, onde produtos e pre\u00e7os muitas vezes se igualam, o diferencial das empresas est\u00e1 no relacionamento com o cliente. E nesse contexto, o suporte ao cliente \u2014 muitas vezes visto apenas como uma \u00e1rea [&hellip;]<\/p>\n","protected":false},"author":1,"featured_media":0,"parent":0,"menu_order":0,"comment_status":"closed","ping_status":"closed","template":"","meta":{"_monsterinsights_skip_tracking":false,"_monsterinsights_sitenote_active":false,"_monsterinsights_sitenote_note":"","_monsterinsights_sitenote_category":0,"_uf_show_specific_survey":0,"_uf_disable_surveys":false,"footnotes":""},"class_list":["post-441","page","type-page","status-publish","hentry"],"aioseo_notices":[],"_links":{"self":[{"href":"https:\/\/system360.com.br\/home\/wp-json\/wp\/v2\/pages\/441","targetHints":{"allow":["GET"]}}],"collection":[{"href":"https:\/\/system360.com.br\/home\/wp-json\/wp\/v2\/pages"}],"about":[{"href":"https:\/\/system360.com.br\/home\/wp-json\/wp\/v2\/types\/page"}],"author":[{"embeddable":true,"href":"https:\/\/system360.com.br\/home\/wp-json\/wp\/v2\/users\/1"}],"replies":[{"embeddable":true,"href":"https:\/\/system360.com.br\/home\/wp-json\/wp\/v2\/comments?post=441"}],"version-history":[{"count":6,"href":"https:\/\/system360.com.br\/home\/wp-json\/wp\/v2\/pages\/441\/revisions"}],"predecessor-version":[{"id":1052,"href":"https:\/\/system360.com.br\/home\/wp-json\/wp\/v2\/pages\/441\/revisions\/1052"}],"wp:attachment":[{"href":"https:\/\/system360.com.br\/home\/wp-json\/wp\/v2\/media?parent=441"}],"curies":[{"name":"wp","href":"https:\/\/api.w.org\/{rel}","templated":true}]}}