{"id":445,"date":"2025-04-12T17:26:13","date_gmt":"2025-04-12T20:26:13","guid":{"rendered":"https:\/\/system360.com.br\/home\/?page_id=445"},"modified":"2025-05-11T09:31:32","modified_gmt":"2025-05-11T12:31:32","slug":"a-importancia-da-gestao-de-propostas-e-contratos-na-estrutura-empresarial","status":"publish","type":"page","link":"https:\/\/system360.com.br\/home\/a-importancia-da-gestao-de-propostas-e-contratos-na-estrutura-empresarial\/","title":{"rendered":"? A Import\u00e2ncia da Gest\u00e3o de Propostas e Contratos na Estrutura Empresarial"},"content":{"rendered":"\t\t<div data-elementor-type=\"wp-page\" data-elementor-id=\"445\" class=\"elementor elementor-445\" data-elementor-post-type=\"page\">\n\t\t\t\t<div class=\"elementor-element elementor-element-36d8421 e-flex e-con-boxed e-con e-parent\" data-id=\"36d8421\" data-element_type=\"container\" data-e-type=\"container\">\n\t\t\t\t\t<div class=\"e-con-inner\">\n\t\t\t\t<div class=\"elementor-element elementor-element-e03e478 elementor-widget elementor-widget-heading\" data-id=\"e03e478\" data-element_type=\"widget\" data-e-type=\"widget\" data-widget_type=\"heading.default\">\n\t\t\t\t<div class=\"elementor-widget-container\">\n\t\t\t\t\t<h2 class=\"elementor-heading-title elementor-size-default\">\ud83d\udcd1 A Import\u00e2ncia da Gest\u00e3o de Propostas e Contratos na Estrutura Empresarial<\/h2>\t\t\t\t<\/div>\n\t\t\t\t<\/div>\n\t\t\t\t<div class=\"elementor-element elementor-element-8b9fd93 elementor-widget elementor-widget-text-editor\" data-id=\"8b9fd93\" data-element_type=\"widget\" data-e-type=\"widget\" data-widget_type=\"text-editor.default\">\n\t\t\t\t<div class=\"elementor-widget-container\">\n\t\t\t\t\t\t\t\t\t<p class=\"\" data-start=\"299\" data-end=\"677\">A profissionaliza\u00e7\u00e3o da opera\u00e7\u00e3o \u00e9 um passo fundamental para empresas que buscam crescimento sustent\u00e1vel, previsibilidade e seguran\u00e7a. Entre os pilares dessa estrutura est\u00e1 a <strong data-start=\"474\" data-end=\"520\">gest\u00e3o de propostas comerciais e contratos<\/strong>, que muitas vezes \u00e9 negligenciada \u2014 mas possui impacto direto nos resultados financeiros, no relacionamento com clientes e na conformidade legal da empresa.<\/p><p class=\"\" data-start=\"679\" data-end=\"867\">Neste artigo, voc\u00ea vai entender por que gerenciar propostas e contratos de forma estrat\u00e9gica <strong data-start=\"772\" data-end=\"866\">aumenta as chances de convers\u00e3o, reduz riscos e eleva o n\u00edvel de maturidade organizacional<\/strong>.<\/p><hr class=\"\" data-start=\"869\" data-end=\"872\" \/><h3 class=\"\" data-start=\"874\" data-end=\"921\">\ud83c\udfaf O Que \u00e9 Gest\u00e3o de Propostas e Contratos?<\/h3><p class=\"\" data-start=\"923\" data-end=\"1264\">A <strong data-start=\"925\" data-end=\"948\">gest\u00e3o de propostas<\/strong> envolve a cria\u00e7\u00e3o, organiza\u00e7\u00e3o, envio e acompanhamento de documentos comerciais que apresentam solu\u00e7\u00f5es, pre\u00e7os e condi\u00e7\u00f5es para potenciais clientes. J\u00e1 a <strong data-start=\"1104\" data-end=\"1127\">gest\u00e3o de contratos<\/strong> trata da formaliza\u00e7\u00e3o de acordos, cl\u00e1usulas, prazos e obriga\u00e7\u00f5es entre as partes envolvidas \u2014 sejam clientes, fornecedores ou parceiros.<\/p><p class=\"\" data-start=\"1266\" data-end=\"1401\">Ambos os processos devem estar integrados, claros e rastre\u00e1veis para evitar perdas de oportunidades, lit\u00edgios ou falhas de comunica\u00e7\u00e3o.<\/p><hr class=\"\" data-start=\"1403\" data-end=\"1406\" \/><h3 class=\"\" data-start=\"1408\" data-end=\"1471\">\ud83d\ude80 Por Que a Gest\u00e3o de Propostas e Contratos \u00e9 Estrat\u00e9gica?<\/h3><h4 class=\"\" data-start=\"1473\" data-end=\"1522\">1. <strong data-start=\"1481\" data-end=\"1522\">Aumenta a Taxa de Convers\u00e3o de Vendas<\/strong><\/h4><p class=\"\" data-start=\"1523\" data-end=\"1741\">Propostas comerciais bem estruturadas, personalizadas e enviadas com agilidade aumentam consideravelmente as chances de fechamento. A padroniza\u00e7\u00e3o e automa\u00e7\u00e3o desse processo <strong data-start=\"1697\" data-end=\"1740\">agilizam a tomada de decis\u00e3o do cliente<\/strong>.<\/p><h4 class=\"\" data-start=\"1743\" data-end=\"1777\">2. <strong data-start=\"1751\" data-end=\"1777\">Reduz Riscos Jur\u00eddicos<\/strong><\/h4><p class=\"\" data-start=\"1778\" data-end=\"1999\">Contratos mal redigidos ou mal gerenciados podem gerar conflitos, processos judiciais, perdas financeiras e danos \u00e0 reputa\u00e7\u00e3o. Uma boa gest\u00e3o garante que <strong data-start=\"1932\" data-end=\"1998\">todas as partes estejam protegidas e os termos sejam cumpridos<\/strong>.<\/p><h4 class=\"\" data-start=\"2001\" data-end=\"2045\">3. <strong data-start=\"2009\" data-end=\"2045\">Melhora a Experi\u00eancia do Cliente<\/strong><\/h4><p class=\"\" data-start=\"2046\" data-end=\"2278\">Oferecer propostas e contratos digitais, com assinatura eletr\u00f4nica, layouts profissionais e linguagem clara, transmite credibilidade e <strong data-start=\"2181\" data-end=\"2214\">fortalece a imagem da empresa<\/strong>. Isso impacta diretamente na satisfa\u00e7\u00e3o e confian\u00e7a do cliente.<\/p><h4 class=\"\" data-start=\"2280\" data-end=\"2321\">4. <strong data-start=\"2288\" data-end=\"2321\">Organiza\u00e7\u00e3o e Rastreabilidade<\/strong><\/h4><p class=\"\" data-start=\"2322\" data-end=\"2505\">Com um sistema adequado, \u00e9 poss\u00edvel <strong data-start=\"2358\" data-end=\"2450\">controlar prazos de renova\u00e7\u00e3o, pagamentos, obriga\u00e7\u00f5es contratuais e documentos assinados<\/strong>, evitando esquecimentos ou vencimentos n\u00e3o percebidos.<\/p><h4 class=\"\" data-start=\"2507\" data-end=\"2544\">5. <strong data-start=\"2515\" data-end=\"2544\">Base de Dados Estrat\u00e9gica<\/strong><\/h4><p class=\"\" data-start=\"2545\" data-end=\"2753\">Ter um hist\u00f3rico bem estruturado de propostas e contratos permite gerar relat\u00f3rios estrat\u00e9gicos, mensurar performance de vendas, entender obje\u00e7\u00f5es frequentes e <strong data-start=\"2705\" data-end=\"2752\">melhorar continuamente o processo comercial<\/strong>.<\/p><hr class=\"\" data-start=\"2755\" data-end=\"2758\" \/><h3 class=\"\" data-start=\"2760\" data-end=\"2813\">\ud83e\udde0 Problemas Comuns Causados pela Falta de Gest\u00e3o<\/h3><ul data-start=\"2815\" data-end=\"3075\"><li class=\"\" data-start=\"2815\" data-end=\"2859\"><p class=\"\" data-start=\"2817\" data-end=\"2859\">Propostas perdidas ou esquecidas no e-mail<\/p><\/li><li class=\"\" data-start=\"2860\" data-end=\"2909\"><p class=\"\" data-start=\"2862\" data-end=\"2909\">Contratos desatualizados circulando pela equipe<\/p><\/li><li class=\"\" data-start=\"2910\" data-end=\"2953\"><p class=\"\" data-start=\"2912\" data-end=\"2953\">Falta de controle de validade e renova\u00e7\u00e3o<\/p><\/li><li class=\"\" data-start=\"2954\" data-end=\"2999\"><p class=\"\" data-start=\"2956\" data-end=\"2999\">Informa\u00e7\u00f5es incoerentes ou n\u00e3o padronizadas<\/p><\/li><li class=\"\" data-start=\"3000\" data-end=\"3031\"><p class=\"\" data-start=\"3002\" data-end=\"3031\">Assinaturas f\u00edsicas demoradas<\/p><\/li><li class=\"\" data-start=\"3032\" data-end=\"3075\"><p class=\"\" data-start=\"3034\" data-end=\"3075\">Riscos legais por cl\u00e1usulas mal definidas<\/p><\/li><\/ul><p class=\"\" data-start=\"3077\" data-end=\"3189\">Esses problemas afetam diretamente a <strong data-start=\"3114\" data-end=\"3188\">efici\u00eancia comercial, o jur\u00eddico da empresa e a confian\u00e7a dos clientes<\/strong>.<\/p><hr class=\"\" data-start=\"3191\" data-end=\"3194\" \/><h3 class=\"\" data-start=\"3196\" data-end=\"3250\">\ud83d\udee0\ufe0f Solu\u00e7\u00f5es Tecnol\u00f3gicas e Ferramentas Essenciais<\/h3><p class=\"\" data-start=\"3252\" data-end=\"3435\">Para evitar esses gargalos e aumentar a produtividade, muitas empresas est\u00e3o adotando ferramentas de gest\u00e3o de propostas e contratos integradas a CRMs e sistemas de ERP, que oferecem:<\/p><ul data-start=\"3437\" data-end=\"3722\"><li class=\"\" data-start=\"3437\" data-end=\"3489\"><p class=\"\" data-start=\"3439\" data-end=\"3489\">Modelos de propostas e contratos personaliz\u00e1veis<\/p><\/li><li class=\"\" data-start=\"3490\" data-end=\"3569\"><p class=\"\" data-start=\"3492\" data-end=\"3569\">Assinatura eletr\u00f4nica com validade jur\u00eddica (como DocuSign, Clicksign etc.)<\/p><\/li><li class=\"\" data-start=\"3570\" data-end=\"3624\"><p class=\"\" data-start=\"3572\" data-end=\"3624\">Notifica\u00e7\u00f5es de vencimento ou renova\u00e7\u00e3o autom\u00e1tica<\/p><\/li><li class=\"\" data-start=\"3625\" data-end=\"3678\"><p class=\"\" data-start=\"3627\" data-end=\"3678\">Aprova\u00e7\u00e3o interna de documentos com versionamento<\/p><\/li><li class=\"\" data-start=\"3679\" data-end=\"3722\"><p class=\"\" data-start=\"3681\" data-end=\"3722\">Registro de intera\u00e7\u00f5es e aceite digital<\/p><\/li><\/ul><p class=\"\" data-start=\"3724\" data-end=\"3854\">Essas solu\u00e7\u00f5es n\u00e3o apenas trazem mais agilidade, mas <strong data-start=\"3777\" data-end=\"3853\">eliminam burocracias desnecess\u00e1rias e refor\u00e7am a conformidade com a LGPD<\/strong>.<\/p><hr class=\"\" data-start=\"3856\" data-end=\"3859\" \/><h3 class=\"\" data-start=\"3861\" data-end=\"3896\">\ud83d\udd10 Gest\u00e3o de Contratos e a LGPD<\/h3><p class=\"\" data-start=\"3898\" data-end=\"4040\">A gest\u00e3o de contratos tamb\u00e9m tem papel fundamental no contexto da <strong data-start=\"3964\" data-end=\"4005\">Lei Geral de Prote\u00e7\u00e3o de Dados (LGPD)<\/strong>. \u00c9 por meio dela que se formaliza:<\/p><ul data-start=\"4042\" data-end=\"4245\"><li class=\"\" data-start=\"4042\" data-end=\"4088\"><p class=\"\" data-start=\"4044\" data-end=\"4088\">O tratamento de dados pessoais e sens\u00edveis<\/p><\/li><li class=\"\" data-start=\"4089\" data-end=\"4133\"><p class=\"\" data-start=\"4091\" data-end=\"4133\">A base legal para uso dessas informa\u00e7\u00f5es<\/p><\/li><li class=\"\" data-start=\"4134\" data-end=\"4191\"><p class=\"\" data-start=\"4136\" data-end=\"4191\">Os direitos e deveres das partes quanto \u00e0 privacidade<\/p><\/li><li class=\"\" data-start=\"4192\" data-end=\"4245\"><p class=\"\" data-start=\"4194\" data-end=\"4245\">A transpar\u00eancia nas rela\u00e7\u00f5es comerciais e jur\u00eddicas<\/p><\/li><\/ul><p class=\"\" data-start=\"4247\" data-end=\"4362\">Um contrato bem redigido e seguro \u00e9 essencial para <strong data-start=\"4298\" data-end=\"4361\">evitar autua\u00e7\u00f5es e garantir a conformidade legal da empresa<\/strong>.<\/p><hr class=\"\" data-start=\"4364\" data-end=\"4367\" \/><h3 class=\"\" data-start=\"4369\" data-end=\"4414\">\ud83d\udcc8 Impacto Real no Crescimento da Empresa<\/h3><p class=\"\" data-start=\"4416\" data-end=\"4512\">Empresas que estruturam seu processo de propostas e contratos t\u00eam vantagens competitivas claras:<\/p><ul data-start=\"4513\" data-end=\"4718\"><li class=\"\" data-start=\"4513\" data-end=\"4557\"><p class=\"\" data-start=\"4515\" data-end=\"4557\">Mais rapidez na convers\u00e3o de oportunidades<\/p><\/li><li class=\"\" data-start=\"4558\" data-end=\"4600\"><p class=\"\" data-start=\"4560\" data-end=\"4600\">Mais controle sobre obriga\u00e7\u00f5es assumidas<\/p><\/li><li class=\"\" data-start=\"4601\" data-end=\"4626\"><p class=\"\" data-start=\"4603\" data-end=\"4626\">Mais seguran\u00e7a jur\u00eddica<\/p><\/li><li class=\"\" data-start=\"4627\" data-end=\"4666\"><p class=\"\" data-start=\"4629\" data-end=\"4666\">Menos retrabalho e erros operacionais<\/p><\/li><li class=\"\" data-start=\"4667\" data-end=\"4718\"><p class=\"\" data-start=\"4669\" data-end=\"4718\">Mais tempo do time focado em vendas e atendimento<\/p><\/li><\/ul><p class=\"\" data-start=\"4720\" data-end=\"4844\">Ou seja, <strong data-start=\"4729\" data-end=\"4843\">n\u00e3o se trata apenas de formalizar documentos, mas de tornar o neg\u00f3cio mais estrat\u00e9gico, previs\u00edvel e confi\u00e1vel<\/strong>.<\/p><hr class=\"\" data-start=\"4846\" data-end=\"4849\" \/><h3 class=\"\" data-start=\"4851\" data-end=\"4867\">\ud83c\udfc1 Conclus\u00e3o<\/h3><p class=\"\" data-start=\"4869\" data-end=\"5091\">A <strong data-start=\"4871\" data-end=\"4971\">gest\u00e3o de propostas e contratos \u00e9 uma engrenagem essencial na m\u00e1quina de crescimento empresarial<\/strong>. Ela conecta vendas, jur\u00eddico, financeiro e relacionamento com o cliente de forma inteligente, estrat\u00e9gica e integrada.<\/p><p class=\"\" data-start=\"5093\" data-end=\"5280\">Negligenciar esse processo pode custar caro. Por outro lado, domin\u00e1-lo pode ser <strong data-start=\"5173\" data-end=\"5279\">o ponto de virada para levar sua empresa a um novo patamar de profissionalismo, seguran\u00e7a e efici\u00eancia<\/strong>.<\/p>\t\t\t\t\t\t\t\t<\/div>\n\t\t\t\t<\/div>\n\t\t\t\t\t<\/div>\n\t\t\t\t<\/div>\n\t\t\t\t<section class=\"elementor-section elementor-top-section elementor-element elementor-element-1c789d3 elementor-section-boxed elementor-section-height-default elementor-section-height-default\" data-id=\"1c789d3\" data-element_type=\"section\" data-e-type=\"section\" data-settings=\"{&quot;background_background&quot;:&quot;classic&quot;}\">\n\t\t\t\t\t\t\t<div class=\"elementor-background-overlay\"><\/div>\n\t\t\t\t\t\t\t<div class=\"elementor-container elementor-column-gap-default\">\n\t\t\t\t\t<div class=\"elementor-column elementor-col-100 elementor-top-column elementor-element elementor-element-da53945 elementor-invisible\" data-id=\"da53945\" data-element_type=\"column\" data-e-type=\"column\" data-settings=\"{&quot;animation&quot;:&quot;zoomIn&quot;}\">\n\t\t\t<div class=\"elementor-widget-wrap elementor-element-populated\">\n\t\t\t\t\t\t<div class=\"elementor-element elementor-element-8d8d86c elementor-widget elementor-widget-heading\" data-id=\"8d8d86c\" data-element_type=\"widget\" data-e-type=\"widget\" data-widget_type=\"heading.default\">\n\t\t\t\t<div class=\"elementor-widget-container\">\n\t\t\t\t\t<h2 class=\"elementor-heading-title elementor-size-default\">Experimente o System360 CRM Gratuitamente \u2013 Sem Riscos, Sem Cart\u00e3o!<\/h2>\t\t\t\t<\/div>\n\t\t\t\t<\/div>\n\t\t\t\t<div class=\"elementor-element elementor-element-bf9d6a0 elementor-widget elementor-widget-text-editor\" data-id=\"bf9d6a0\" data-element_type=\"widget\" data-e-type=\"widget\" data-widget_type=\"text-editor.default\">\n\t\t\t\t<div class=\"elementor-widget-container\">\n\t\t\t\t\t\t\t\t\t<p>Descubra todo o potencial do nosso CRM com um teste 100% gratuito.<br data-start=\"218\" data-end=\"221\" \/>Sem necessidade de cart\u00e3o de cr\u00e9dito, sem compromisso \u2013 teste com calma, explore todos os recursos e veja como o System360 pode transformar a gest\u00e3o da sua empresa antes de tomar qualquer decis\u00e3o.<\/p>\t\t\t\t\t\t\t\t<\/div>\n\t\t\t\t<\/div>\n\t\t\t\t<div class=\"elementor-element elementor-element-2af8f63 elementor-align-center elementor-widget elementor-widget-button\" data-id=\"2af8f63\" data-element_type=\"widget\" data-e-type=\"widget\" data-widget_type=\"button.default\">\n\t\t\t\t<div class=\"elementor-widget-container\">\n\t\t\t\t\t\t\t\t\t<div class=\"elementor-button-wrapper\">\n\t\t\t\t\t<a class=\"elementor-button elementor-button-link elementor-size-md\" href=\"https:\/\/system360.com.br\/home\/servicos\">\n\t\t\t\t\t\t<span class=\"elementor-button-content-wrapper\">\n\t\t\t\t\t\t\t\t\t<span class=\"elementor-button-text\">testar por 14 dias<\/span>\n\t\t\t\t\t<\/span>\n\t\t\t\t\t<\/a>\n\t\t\t\t<\/div>\n\t\t\t\t\t\t\t\t<\/div>\n\t\t\t\t<\/div>\n\t\t\t\t\t<\/div>\n\t\t<\/div>\n\t\t\t\t\t<\/div>\n\t\t<\/section>\n\t\t\t\t<\/div>\n\t\t","protected":false},"excerpt":{"rendered":"<p>\ud83d\udcd1 A Import\u00e2ncia da Gest\u00e3o de Propostas e Contratos na Estrutura Empresarial A profissionaliza\u00e7\u00e3o da opera\u00e7\u00e3o \u00e9 um passo fundamental para empresas que buscam crescimento sustent\u00e1vel, previsibilidade e seguran\u00e7a. Entre os pilares dessa estrutura est\u00e1 a gest\u00e3o de propostas comerciais e contratos, que muitas vezes \u00e9 negligenciada \u2014 mas possui impacto direto nos resultados financeiros, [&hellip;]<\/p>\n","protected":false},"author":1,"featured_media":0,"parent":0,"menu_order":0,"comment_status":"closed","ping_status":"closed","template":"","meta":{"_monsterinsights_skip_tracking":false,"_monsterinsights_sitenote_active":false,"_monsterinsights_sitenote_note":"","_monsterinsights_sitenote_category":0,"_uf_show_specific_survey":0,"_uf_disable_surveys":false,"footnotes":""},"class_list":["post-445","page","type-page","status-publish","hentry"],"aioseo_notices":[],"_links":{"self":[{"href":"https:\/\/system360.com.br\/home\/wp-json\/wp\/v2\/pages\/445","targetHints":{"allow":["GET"]}}],"collection":[{"href":"https:\/\/system360.com.br\/home\/wp-json\/wp\/v2\/pages"}],"about":[{"href":"https:\/\/system360.com.br\/home\/wp-json\/wp\/v2\/types\/page"}],"author":[{"embeddable":true,"href":"https:\/\/system360.com.br\/home\/wp-json\/wp\/v2\/users\/1"}],"replies":[{"embeddable":true,"href":"https:\/\/system360.com.br\/home\/wp-json\/wp\/v2\/comments?post=445"}],"version-history":[{"count":6,"href":"https:\/\/system360.com.br\/home\/wp-json\/wp\/v2\/pages\/445\/revisions"}],"predecessor-version":[{"id":1055,"href":"https:\/\/system360.com.br\/home\/wp-json\/wp\/v2\/pages\/445\/revisions\/1055"}],"wp:attachment":[{"href":"https:\/\/system360.com.br\/home\/wp-json\/wp\/v2\/media?parent=445"}],"curies":[{"name":"wp","href":"https:\/\/api.w.org\/{rel}","templated":true}]}}