{"id":449,"date":"2025-04-12T17:28:54","date_gmt":"2025-04-12T20:28:54","guid":{"rendered":"https:\/\/system360.com.br\/home\/?page_id=449"},"modified":"2025-05-11T09:31:43","modified_gmt":"2025-05-11T12:31:43","slug":"a-importancia-dos-relatorios-e-analises-detalhadas-para-a-gestao-empresarial-de-alta-performance","status":"publish","type":"page","link":"https:\/\/system360.com.br\/home\/a-importancia-dos-relatorios-e-analises-detalhadas-para-a-gestao-empresarial-de-alta-performance\/","title":{"rendered":"? A Import\u00e2ncia dos Relat\u00f3rios e An\u00e1lises Detalhadas para a Gest\u00e3o Empresarial de Alta Performance"},"content":{"rendered":"\t\t<div data-elementor-type=\"wp-page\" data-elementor-id=\"449\" class=\"elementor elementor-449\" data-elementor-post-type=\"page\">\n\t\t\t\t<div class=\"elementor-element elementor-element-36d8421 e-flex e-con-boxed e-con e-parent\" data-id=\"36d8421\" data-element_type=\"container\" data-e-type=\"container\">\n\t\t\t\t\t<div class=\"e-con-inner\">\n\t\t\t\t<div class=\"elementor-element elementor-element-e03e478 elementor-widget elementor-widget-heading\" data-id=\"e03e478\" data-element_type=\"widget\" data-e-type=\"widget\" data-widget_type=\"heading.default\">\n\t\t\t\t<div class=\"elementor-widget-container\">\n\t\t\t\t\t<h2 class=\"elementor-heading-title elementor-size-default\">\ud83d\udcca A Import\u00e2ncia dos Relat\u00f3rios e An\u00e1lises Detalhadas para a Gest\u00e3o Empresarial de Alta Performance<\/h2>\t\t\t\t<\/div>\n\t\t\t\t<\/div>\n\t\t\t\t<div class=\"elementor-element elementor-element-8b9fd93 elementor-widget elementor-widget-text-editor\" data-id=\"8b9fd93\" data-element_type=\"widget\" data-e-type=\"widget\" data-widget_type=\"text-editor.default\">\n\t\t\t\t<div class=\"elementor-widget-container\">\n\t\t\t\t\t\t\t\t\t<p class=\"\" data-start=\"340\" data-end=\"741\">Em um cen\u00e1rio de neg\u00f3cios cada vez mais competitivo e orientado por dados, <strong data-start=\"415\" data-end=\"505\">decidir com base em \u201cachismos\u201d ou intui\u00e7\u00f5es pode ser fatal para a sa\u00fade de uma empresa<\/strong>. A diferen\u00e7a entre neg\u00f3cios que crescem de forma previs\u00edvel e aqueles que estagnam est\u00e1 na capacidade de <strong data-start=\"611\" data-end=\"668\">medir, interpretar e agir com base em dados concretos<\/strong>. E \u00e9 exatamente aqui que entram os <strong data-start=\"704\" data-end=\"740\">relat\u00f3rios e an\u00e1lises detalhadas<\/strong>.<\/p><p class=\"\" data-start=\"743\" data-end=\"988\">Essas ferramentas, quando bem utilizadas, <strong data-start=\"785\" data-end=\"841\">transformam dados brutos em intelig\u00eancia empresarial<\/strong>, permitindo decis\u00f5es mais acertadas, respostas mais r\u00e1pidas ao mercado e um controle muito mais eficiente sobre todos os processos da organiza\u00e7\u00e3o.<\/p><hr class=\"\" data-start=\"990\" data-end=\"993\" \/><h3 class=\"\" data-start=\"995\" data-end=\"1045\">\ud83d\udccc O Que S\u00e3o Relat\u00f3rios e An\u00e1lises Detalhadas?<\/h3><ul data-start=\"1047\" data-end=\"1410\"><li class=\"\" data-start=\"1047\" data-end=\"1264\"><p class=\"\" data-start=\"1049\" data-end=\"1264\"><strong data-start=\"1049\" data-end=\"1063\">Relat\u00f3rios<\/strong> s\u00e3o documentos que organizam dados de maneira visual e objetiva, geralmente sobre um per\u00edodo espec\u00edfico, com o objetivo de <strong data-start=\"1187\" data-end=\"1226\">informar e acompanhar a performance<\/strong> de \u00e1reas ou indicadores estrat\u00e9gicos.<\/p><\/li><li class=\"\" data-start=\"1265\" data-end=\"1410\"><p class=\"\" data-start=\"1267\" data-end=\"1410\"><strong data-start=\"1267\" data-end=\"1290\">An\u00e1lises detalhadas<\/strong> v\u00e3o al\u00e9m: elas interpretam esses dados, revelam padr\u00f5es, tend\u00eancias e poss\u00edveis causas para os resultados apresentados.<\/p><\/li><\/ul><p class=\"\" data-start=\"1412\" data-end=\"1514\">Juntas, essas ferramentas s\u00e3o fundamentais para o <strong data-start=\"1462\" data-end=\"1513\">processo decis\u00f3rio em qualquer n\u00edvel da empresa<\/strong>.<\/p><hr class=\"\" data-start=\"1516\" data-end=\"1519\" \/><h3 class=\"\" data-start=\"1521\" data-end=\"1573\">\ud83d\ude80 Por Que Relat\u00f3rios Detalhados S\u00e3o Essenciais?<\/h3><h4 class=\"\" data-start=\"1575\" data-end=\"1635\">1. <strong data-start=\"1583\" data-end=\"1635\">Tomada de Decis\u00e3o Baseada em Dados (Data-Driven)<\/strong><\/h4><p class=\"\" data-start=\"1636\" data-end=\"1872\">Empresas que usam dados para tomar decis\u00f5es t\u00eam <strong data-start=\"1684\" data-end=\"1745\">5x mais chances de tomar decis\u00f5es mais r\u00e1pidas e eficazes<\/strong> (Fonte: PwC). Relat\u00f3rios permitem que a lideran\u00e7a avalie cen\u00e1rios, compare desempenhos e defina a\u00e7\u00f5es com muito mais precis\u00e3o.<\/p><h4 class=\"\" data-start=\"1874\" data-end=\"1928\">2. <strong data-start=\"1882\" data-end=\"1928\">Identifica\u00e7\u00e3o de Oportunidades e Problemas<\/strong><\/h4><p class=\"\" data-start=\"1929\" data-end=\"1965\">A an\u00e1lise de dados ajuda a detectar:<\/p><ul data-start=\"1966\" data-end=\"2095\"><li class=\"\" data-start=\"1966\" data-end=\"1990\"><p class=\"\" data-start=\"1968\" data-end=\"1990\">Processos ineficientes<\/p><\/li><li class=\"\" data-start=\"1991\" data-end=\"2024\"><p class=\"\" data-start=\"1993\" data-end=\"2024\">Equipes com baixa produtividade<\/p><\/li><li class=\"\" data-start=\"2025\" data-end=\"2059\"><p class=\"\" data-start=\"2027\" data-end=\"2059\">Produtos com maior rentabilidade<\/p><\/li><li class=\"\" data-start=\"2060\" data-end=\"2095\"><p class=\"\" data-start=\"2062\" data-end=\"2095\">Clientes com maior valor de ciclo<\/p><\/li><\/ul><p class=\"\" data-start=\"2097\" data-end=\"2140\">Ou seja, <strong data-start=\"2106\" data-end=\"2139\">onde investir e onde corrigir<\/strong>.<\/p><h4 class=\"\" data-start=\"2142\" data-end=\"2170\">3. <strong data-start=\"2150\" data-end=\"2170\">Melhora Cont\u00ednua<\/strong><\/h4><p class=\"\" data-start=\"2171\" data-end=\"2374\">S\u00f3 \u00e9 poss\u00edvel melhorar aquilo que se mede. Relat\u00f3rios bem estruturados permitem o acompanhamento constante de indicadores (KPIs), alimentando <strong data-start=\"2313\" data-end=\"2344\">ciclos de melhoria cont\u00ednua<\/strong> em todas as \u00e1reas da empresa.<\/p><h4 class=\"\" data-start=\"2376\" data-end=\"2423\">4. <strong data-start=\"2384\" data-end=\"2423\">Transpar\u00eancia e Presta\u00e7\u00e3o de Contas<\/strong><\/h4><p class=\"\" data-start=\"2424\" data-end=\"2585\">Relat\u00f3rios oferecem clareza para todos os envolvidos \u2014 desde colaboradores at\u00e9 investidores \u2014 fortalecendo a <strong data-start=\"2533\" data-end=\"2576\">cultura de responsabilidade e confian\u00e7a<\/strong> interna.<\/p><h4 class=\"\" data-start=\"2587\" data-end=\"2633\">5. <strong data-start=\"2595\" data-end=\"2633\">Controle Financeiro e Or\u00e7ament\u00e1rio<\/strong><\/h4><p class=\"\" data-start=\"2634\" data-end=\"2805\">An\u00e1lises detalhadas de fluxo de caixa, lucratividade por cliente ou produto, inadimpl\u00eancia e custos operacionais s\u00e3o <strong data-start=\"2751\" data-end=\"2804\">indispens\u00e1veis para a sa\u00fade financeira do neg\u00f3cio<\/strong>.<\/p><hr class=\"\" data-start=\"2807\" data-end=\"2810\" \/><h3 class=\"\" data-start=\"2812\" data-end=\"2854\">\ud83d\udcc8 \u00c1reas que se Beneficiam Diretamente<\/h3><ul data-start=\"2856\" data-end=\"3233\"><li class=\"\" data-start=\"2856\" data-end=\"2936\"><p class=\"\" data-start=\"2858\" data-end=\"2936\"><strong data-start=\"2858\" data-end=\"2872\">Comercial:<\/strong> acompanhamento de metas, funil de vendas, convers\u00e3o por canal<\/p><\/li><li class=\"\" data-start=\"2937\" data-end=\"2995\"><p class=\"\" data-start=\"2939\" data-end=\"2995\"><strong data-start=\"2939\" data-end=\"2953\">Marketing:<\/strong> an\u00e1lise de campanhas, tr\u00e1fego, CAC, ROI<\/p><\/li><li class=\"\" data-start=\"2996\" data-end=\"3065\"><p class=\"\" data-start=\"2998\" data-end=\"3065\"><strong data-start=\"2998\" data-end=\"3013\">Financeiro:<\/strong> relat\u00f3rios de receitas, despesas, margem de lucro<\/p><\/li><li class=\"\" data-start=\"3066\" data-end=\"3129\"><p class=\"\" data-start=\"3068\" data-end=\"3129\"><strong data-start=\"3068\" data-end=\"3081\">Projetos:<\/strong> monitoramento de prazos, entregas, efici\u00eancia<\/p><\/li><li class=\"\" data-start=\"3130\" data-end=\"3233\"><p class=\"\" data-start=\"3132\" data-end=\"3233\"><strong data-start=\"3132\" data-end=\"3158\">Suporte e Atendimento:<\/strong> tempo m\u00e9dio de resposta, satisfa\u00e7\u00e3o do cliente (NPS), tickets resolvidos<\/p><\/li><\/ul><p class=\"\" data-start=\"3235\" data-end=\"3307\">Cada setor pode \u2014 e deve \u2014 usar relat\u00f3rios para evoluir sua performance.<\/p><hr class=\"\" data-start=\"3309\" data-end=\"3312\" \/><h3 class=\"\" data-start=\"3314\" data-end=\"3366\">\ud83d\udd10 Relat\u00f3rios e LGPD: Uso \u00c9tico e Legal de Dados<\/h3><p class=\"\" data-start=\"3368\" data-end=\"3537\">Com a vig\u00eancia da <strong data-start=\"3386\" data-end=\"3427\">Lei Geral de Prote\u00e7\u00e3o de Dados (LGPD)<\/strong>, \u00e9 fundamental que <strong data-start=\"3447\" data-end=\"3520\">todos os dados utilizados em relat\u00f3rios estejam em conformidade legal<\/strong>. Isso significa:<\/p><ul data-start=\"3538\" data-end=\"3669\"><li class=\"\" data-start=\"3538\" data-end=\"3564\"><p class=\"\" data-start=\"3540\" data-end=\"3564\">Coleta com consentimento<\/p><\/li><li class=\"\" data-start=\"3565\" data-end=\"3587\"><p class=\"\" data-start=\"3567\" data-end=\"3587\">Armazenamento seguro<\/p><\/li><li class=\"\" data-start=\"3588\" data-end=\"3630\"><p class=\"\" data-start=\"3590\" data-end=\"3630\">Anonimiza\u00e7\u00e3o de dados pessoais sens\u00edveis<\/p><\/li><li class=\"\" data-start=\"3631\" data-end=\"3669\"><p class=\"\" data-start=\"3633\" data-end=\"3669\">Transpar\u00eancia no uso das informa\u00e7\u00f5es<\/p><\/li><\/ul><p class=\"\" data-start=\"3671\" data-end=\"3759\">Um sistema de relat\u00f3rios robusto deve considerar essas exig\u00eancias desde a sua estrutura.<\/p><hr class=\"\" data-start=\"3761\" data-end=\"3764\" \/><h3 class=\"\" data-start=\"3766\" data-end=\"3826\">\ud83d\udee0\ufe0f A Import\u00e2ncia da Tecnologia na Gera\u00e7\u00e3o de Relat\u00f3rios<\/h3><p class=\"\" data-start=\"3828\" data-end=\"3938\">Solu\u00e7\u00f5es modernas como <strong data-start=\"3851\" data-end=\"3903\">sistemas de CRM, ERP, BI (Business Intelligence)<\/strong> e dashboards interativos permitem:<\/p><ul data-start=\"3939\" data-end=\"4123\"><li class=\"\" data-start=\"3939\" data-end=\"3975\"><p class=\"\" data-start=\"3941\" data-end=\"3975\">Gera\u00e7\u00e3o autom\u00e1tica e em tempo real<\/p><\/li><li class=\"\" data-start=\"3976\" data-end=\"4040\"><p class=\"\" data-start=\"3978\" data-end=\"4040\">Visualiza\u00e7\u00e3o clara por meio de gr\u00e1ficos, tabelas e indicadores<\/p><\/li><li class=\"\" data-start=\"4041\" data-end=\"4078\"><p class=\"\" data-start=\"4043\" data-end=\"4078\">Personaliza\u00e7\u00e3o por setor ou usu\u00e1rio<\/p><\/li><li class=\"\" data-start=\"4079\" data-end=\"4123\"><p class=\"\" data-start=\"4081\" data-end=\"4123\">Integra\u00e7\u00e3o entre dados de diferentes \u00e1reas<\/p><\/li><\/ul><p class=\"\" data-start=\"4125\" data-end=\"4209\">Com isso, as equipes ganham <strong data-start=\"4153\" data-end=\"4208\">agilidade, consist\u00eancia e profundidade nas an\u00e1lises<\/strong>.<\/p><hr class=\"\" data-start=\"4211\" data-end=\"4214\" \/><h3 class=\"\" data-start=\"4216\" data-end=\"4265\">\ud83c\udfaf Relat\u00f3rios N\u00e3o S\u00e3o Apenas Para os Gestores<\/h3><p class=\"\" data-start=\"4267\" data-end=\"4369\">Muitas empresas ainda tratam relat\u00f3rios como ferramentas exclusivas da alta lideran\u00e7a. Isso \u00e9 um erro.<\/p><ul data-start=\"4371\" data-end=\"4682\"><li class=\"\" data-start=\"4371\" data-end=\"4473\"><p class=\"\" data-start=\"4373\" data-end=\"4473\"><strong data-start=\"4373\" data-end=\"4403\">Colaboradores operacionais<\/strong> tamb\u00e9m devem acessar indicadores para alinhar seus esfor\u00e7os \u00e0s metas.<\/p><\/li><li class=\"\" data-start=\"4474\" data-end=\"4585\"><p class=\"\" data-start=\"4476\" data-end=\"4585\"><strong data-start=\"4476\" data-end=\"4498\">Equipes comerciais<\/strong>, por exemplo, rendem muito mais quando sabem exatamente como est\u00e3o performando no m\u00eas.<\/p><\/li><li class=\"\" data-start=\"4586\" data-end=\"4682\"><p class=\"\" data-start=\"4588\" data-end=\"4682\">A <strong data-start=\"4590\" data-end=\"4617\">transpar\u00eancia nos dados<\/strong> aumenta o engajamento, a responsabilidade e a motiva\u00e7\u00e3o interna.<\/p><\/li><\/ul><hr class=\"\" data-start=\"4684\" data-end=\"4687\" \/><h3 class=\"\" data-start=\"4689\" data-end=\"4705\">\ud83c\udfc1 Conclus\u00e3o<\/h3><p class=\"\" data-start=\"4707\" data-end=\"4925\">Empresas que investem em <strong data-start=\"4732\" data-end=\"4768\">relat\u00f3rios e an\u00e1lises detalhadas<\/strong> est\u00e3o sempre um passo \u00e0 frente. Elas conhecem seus gargalos, reconhecem suas oportunidades e t\u00eam capacidade de <strong data-start=\"4880\" data-end=\"4924\">agir de forma estrat\u00e9gica, e n\u00e3o reativa<\/strong>.<\/p><p class=\"\" data-start=\"4927\" data-end=\"5135\">Em um ambiente onde dados s\u00e3o o novo petr\u00f3leo, <strong data-start=\"4974\" data-end=\"5024\">a intelig\u00eancia empresarial est\u00e1 nos relat\u00f3rios<\/strong>. E a capacidade de transformar dados em decis\u00f5es ser\u00e1 sempre o diferencial competitivo dos l\u00edderes de mercado.<\/p>\t\t\t\t\t\t\t\t<\/div>\n\t\t\t\t<\/div>\n\t\t\t\t\t<\/div>\n\t\t\t\t<\/div>\n\t\t\t\t<section class=\"elementor-section elementor-top-section elementor-element elementor-element-1c789d3 elementor-section-boxed elementor-section-height-default elementor-section-height-default\" data-id=\"1c789d3\" data-element_type=\"section\" data-e-type=\"section\" data-settings=\"{&quot;background_background&quot;:&quot;classic&quot;}\">\n\t\t\t\t\t\t\t<div class=\"elementor-background-overlay\"><\/div>\n\t\t\t\t\t\t\t<div class=\"elementor-container elementor-column-gap-default\">\n\t\t\t\t\t<div class=\"elementor-column elementor-col-100 elementor-top-column elementor-element elementor-element-da53945 elementor-invisible\" data-id=\"da53945\" data-element_type=\"column\" data-e-type=\"column\" data-settings=\"{&quot;animation&quot;:&quot;zoomIn&quot;}\">\n\t\t\t<div class=\"elementor-widget-wrap elementor-element-populated\">\n\t\t\t\t\t\t<div class=\"elementor-element elementor-element-8d8d86c elementor-widget elementor-widget-heading\" data-id=\"8d8d86c\" data-element_type=\"widget\" data-e-type=\"widget\" data-widget_type=\"heading.default\">\n\t\t\t\t<div class=\"elementor-widget-container\">\n\t\t\t\t\t<h2 class=\"elementor-heading-title elementor-size-default\">Experimente o System360 CRM Gratuitamente \u2013 Sem Riscos, Sem Cart\u00e3o!<\/h2>\t\t\t\t<\/div>\n\t\t\t\t<\/div>\n\t\t\t\t<div class=\"elementor-element elementor-element-bf9d6a0 elementor-widget elementor-widget-text-editor\" data-id=\"bf9d6a0\" data-element_type=\"widget\" data-e-type=\"widget\" data-widget_type=\"text-editor.default\">\n\t\t\t\t<div class=\"elementor-widget-container\">\n\t\t\t\t\t\t\t\t\t<p>Descubra todo o potencial do nosso CRM com um teste 100% gratuito.<br data-start=\"218\" data-end=\"221\" \/>Sem necessidade de cart\u00e3o de cr\u00e9dito, sem compromisso \u2013 teste com calma, explore todos os recursos e veja como o System360 pode transformar a gest\u00e3o da sua empresa antes de tomar qualquer decis\u00e3o.<\/p>\t\t\t\t\t\t\t\t<\/div>\n\t\t\t\t<\/div>\n\t\t\t\t<div class=\"elementor-element elementor-element-2af8f63 elementor-align-center elementor-widget elementor-widget-button\" data-id=\"2af8f63\" data-element_type=\"widget\" data-e-type=\"widget\" data-widget_type=\"button.default\">\n\t\t\t\t<div class=\"elementor-widget-container\">\n\t\t\t\t\t\t\t\t\t<div class=\"elementor-button-wrapper\">\n\t\t\t\t\t<a class=\"elementor-button elementor-button-link elementor-size-md\" href=\"https:\/\/system360.com.br\/home\/servicos\">\n\t\t\t\t\t\t<span class=\"elementor-button-content-wrapper\">\n\t\t\t\t\t\t\t\t\t<span class=\"elementor-button-text\">testar por 14 dias<\/span>\n\t\t\t\t\t<\/span>\n\t\t\t\t\t<\/a>\n\t\t\t\t<\/div>\n\t\t\t\t\t\t\t\t<\/div>\n\t\t\t\t<\/div>\n\t\t\t\t\t<\/div>\n\t\t<\/div>\n\t\t\t\t\t<\/div>\n\t\t<\/section>\n\t\t\t\t<\/div>\n\t\t","protected":false},"excerpt":{"rendered":"<p>\ud83d\udcca A Import\u00e2ncia dos Relat\u00f3rios e An\u00e1lises Detalhadas para a Gest\u00e3o Empresarial de Alta Performance Em um cen\u00e1rio de neg\u00f3cios cada vez mais competitivo e orientado por dados, decidir com base em \u201cachismos\u201d ou intui\u00e7\u00f5es pode ser fatal para a sa\u00fade de uma empresa. A diferen\u00e7a entre neg\u00f3cios que crescem de forma previs\u00edvel e aqueles [&hellip;]<\/p>\n","protected":false},"author":1,"featured_media":0,"parent":0,"menu_order":0,"comment_status":"closed","ping_status":"closed","template":"","meta":{"_monsterinsights_skip_tracking":false,"_monsterinsights_sitenote_active":false,"_monsterinsights_sitenote_note":"","_monsterinsights_sitenote_category":0,"_uf_show_specific_survey":0,"_uf_disable_surveys":false,"footnotes":""},"class_list":["post-449","page","type-page","status-publish","hentry"],"aioseo_notices":[],"_links":{"self":[{"href":"https:\/\/system360.com.br\/home\/wp-json\/wp\/v2\/pages\/449","targetHints":{"allow":["GET"]}}],"collection":[{"href":"https:\/\/system360.com.br\/home\/wp-json\/wp\/v2\/pages"}],"about":[{"href":"https:\/\/system360.com.br\/home\/wp-json\/wp\/v2\/types\/page"}],"author":[{"embeddable":true,"href":"https:\/\/system360.com.br\/home\/wp-json\/wp\/v2\/users\/1"}],"replies":[{"embeddable":true,"href":"https:\/\/system360.com.br\/home\/wp-json\/wp\/v2\/comments?post=449"}],"version-history":[{"count":6,"href":"https:\/\/system360.com.br\/home\/wp-json\/wp\/v2\/pages\/449\/revisions"}],"predecessor-version":[{"id":1058,"href":"https:\/\/system360.com.br\/home\/wp-json\/wp\/v2\/pages\/449\/revisions\/1058"}],"wp:attachment":[{"href":"https:\/\/system360.com.br\/home\/wp-json\/wp\/v2\/media?parent=449"}],"curies":[{"name":"wp","href":"https:\/\/api.w.org\/{rel}","templated":true}]}}