{"id":453,"date":"2025-04-12T17:31:03","date_gmt":"2025-04-12T20:31:03","guid":{"rendered":"https:\/\/system360.com.br\/home\/?page_id=453"},"modified":"2025-05-11T09:31:54","modified_gmt":"2025-05-11T12:31:54","slug":"a-importancia-de-organizar-e-padronizar-os-processos-nas-empresas-o-caminho-para-a-eficiencia-e-o-crescimento-escalavel","status":"publish","type":"page","link":"https:\/\/system360.com.br\/home\/a-importancia-de-organizar-e-padronizar-os-processos-nas-empresas-o-caminho-para-a-eficiencia-e-o-crescimento-escalavel\/","title":{"rendered":"?\ufe0f A Import\u00e2ncia de Organizar e Padronizar os Processos nas Empresas: O Caminho para a Efici\u00eancia e o Crescimento Escal\u00e1vel"},"content":{"rendered":"\t\t<div data-elementor-type=\"wp-page\" data-elementor-id=\"453\" class=\"elementor elementor-453\" data-elementor-post-type=\"page\">\n\t\t\t\t<div class=\"elementor-element elementor-element-36d8421 e-flex e-con-boxed e-con e-parent\" data-id=\"36d8421\" data-element_type=\"container\" data-e-type=\"container\">\n\t\t\t\t\t<div class=\"e-con-inner\">\n\t\t\t\t<div class=\"elementor-element elementor-element-e03e478 elementor-widget elementor-widget-heading\" data-id=\"e03e478\" data-element_type=\"widget\" data-e-type=\"widget\" data-widget_type=\"heading.default\">\n\t\t\t\t<div class=\"elementor-widget-container\">\n\t\t\t\t\t<h2 class=\"elementor-heading-title elementor-size-default\">\ud83c\udfd7\ufe0f A Import\u00e2ncia de Organizar e Padronizar os Processos nas Empresas: O Caminho para a Efici\u00eancia e o Crescimento Escal\u00e1vel<\/h2>\t\t\t\t<\/div>\n\t\t\t\t<\/div>\n\t\t\t\t<div class=\"elementor-element elementor-element-8b9fd93 elementor-widget elementor-widget-text-editor\" data-id=\"8b9fd93\" data-element_type=\"widget\" data-e-type=\"widget\" data-widget_type=\"text-editor.default\">\n\t\t\t\t<div class=\"elementor-widget-container\">\n\t\t\t\t\t\t\t\t\t<p class=\"\" data-start=\"409\" data-end=\"652\">Em um mercado cada vez mais din\u00e2mico e competitivo, <strong data-start=\"461\" data-end=\"651\">organizar e padronizar os processos internos deixou de ser uma op\u00e7\u00e3o e passou a ser uma necessidade estrat\u00e9gica para empresas que desejam crescer de forma estruturada, produtiva e segura<\/strong>.<\/p><p class=\"\" data-start=\"654\" data-end=\"985\">Empresas com processos desorganizados enfrentam gargalos, desperd\u00edcios, retrabalho, insatisfa\u00e7\u00e3o de clientes e dificuldade de escalar. J\u00e1 aquelas que investem em organiza\u00e7\u00e3o e padroniza\u00e7\u00e3o conseguem <strong data-start=\"853\" data-end=\"984\">entregar mais com menos esfor\u00e7o, manter a qualidade mesmo com o aumento da demanda, e promover uma cultura de melhoria cont\u00ednua<\/strong>.<\/p><hr class=\"\" data-start=\"987\" data-end=\"990\" \/><h3 class=\"\" data-start=\"992\" data-end=\"1048\">\ud83e\udde9 O Que Significa Organizar e Padronizar Processos?<\/h3><ul data-start=\"1050\" data-end=\"1368\"><li class=\"\" data-start=\"1050\" data-end=\"1202\"><p class=\"\" data-start=\"1052\" data-end=\"1202\"><strong data-start=\"1052\" data-end=\"1075\">Organizar processos<\/strong> \u00e9 estruturar o fluxo de trabalho de maneira l\u00f3gica e funcional, com etapas definidas, respons\u00e1veis claros, prazos e objetivos.<\/p><\/li><li class=\"\" data-start=\"1203\" data-end=\"1368\"><p class=\"\" data-start=\"1205\" data-end=\"1368\"><strong data-start=\"1205\" data-end=\"1229\">Padronizar processos<\/strong> \u00e9 criar regras, rotinas e m\u00e9todos que devem ser seguidos por todos, garantindo <strong data-start=\"1309\" data-end=\"1354\">uniformidade, previsibilidade e qualidade<\/strong> nas entregas.<\/p><\/li><\/ul><p class=\"\" data-start=\"1370\" data-end=\"1522\">Essa combina\u00e7\u00e3o permite que as empresas <strong data-start=\"1410\" data-end=\"1521\">funcionem com mais autonomia, escalem sem perder o controle e diminuam a depend\u00eancia de pessoas espec\u00edficas<\/strong>.<\/p><hr class=\"\" data-start=\"1524\" data-end=\"1527\" \/><h3 class=\"\" data-start=\"1529\" data-end=\"1600\">\ud83d\ude80 Principais Benef\u00edcios da Padroniza\u00e7\u00e3o e Organiza\u00e7\u00e3o de Processos<\/h3><h4 class=\"\" data-start=\"1602\" data-end=\"1638\">1. <strong data-start=\"1610\" data-end=\"1638\">Aumento de Produtividade<\/strong><\/h4><p class=\"\" data-start=\"1639\" data-end=\"1811\">Com processos bem definidos, os colaboradores sabem exatamente o que fazer, quando fazer e como fazer. Isso <strong data-start=\"1747\" data-end=\"1810\">elimina d\u00favidas, reduz o tempo de execu\u00e7\u00e3o e minimiza erros<\/strong>.<\/p><h4 class=\"\" data-start=\"1813\" data-end=\"1854\">2. <strong data-start=\"1821\" data-end=\"1854\">Redu\u00e7\u00e3o de Retrabalho e Erros<\/strong><\/h4><p class=\"\" data-start=\"1855\" data-end=\"2048\">A padroniza\u00e7\u00e3o evita que cada colaborador execute a tarefa \u201cdo seu jeito\u201d, garantindo que o fluxo siga <strong data-start=\"1958\" data-end=\"1999\">boas pr\u00e1ticas j\u00e1 testadas e aprovadas<\/strong>, e evitando retrabalho por falta de alinhamento.<\/p><h4 class=\"\" data-start=\"2050\" data-end=\"2083\">3. <strong data-start=\"2058\" data-end=\"2083\">Melhoria da Qualidade<\/strong><\/h4><p class=\"\" data-start=\"2084\" data-end=\"2250\">A uniformidade nos processos garante que a entrega final seja consistente. Isso impacta diretamente na <strong data-start=\"2187\" data-end=\"2212\">satisfa\u00e7\u00e3o do cliente<\/strong> e na reputa\u00e7\u00e3o da empresa no mercado.<\/p><h4 class=\"\" data-start=\"2252\" data-end=\"2311\">4. <strong data-start=\"2260\" data-end=\"2311\">Facilidade na Integra\u00e7\u00e3o de Novos Colaboradores<\/strong><\/h4><p class=\"\" data-start=\"2312\" data-end=\"2505\">Quando os processos est\u00e3o bem documentados e padronizados, o treinamento de novos membros da equipe \u00e9 mais r\u00e1pido e eficaz. Isso <strong data-start=\"2441\" data-end=\"2504\">acelera a curva de aprendizado e reduz o tempo de adapta\u00e7\u00e3o<\/strong>.<\/p><h4 class=\"\" data-start=\"2507\" data-end=\"2540\">5. <strong data-start=\"2515\" data-end=\"2540\">Base para a Automa\u00e7\u00e3o<\/strong><\/h4><p class=\"\" data-start=\"2541\" data-end=\"2732\">S\u00f3 \u00e9 poss\u00edvel automatizar um processo se ele estiver organizado e padronizado. A automa\u00e7\u00e3o, por sua vez, <strong data-start=\"2646\" data-end=\"2731\">reduz custos, aumenta a escala e libera tempo da equipe para tarefas estrat\u00e9gicas<\/strong>.<\/p><h4 class=\"\" data-start=\"2734\" data-end=\"2775\">6. <strong data-start=\"2742\" data-end=\"2775\">Tomada de Decis\u00e3o mais R\u00e1pida<\/strong><\/h4><p class=\"\" data-start=\"2776\" data-end=\"2940\">Com processos claros, os gestores conseguem <strong data-start=\"2820\" data-end=\"2895\">acessar indicadores confi\u00e1veis, identificar gargalos e agir rapidamente<\/strong>, promovendo ajustes com base em dados reais.<\/p><hr class=\"\" data-start=\"2942\" data-end=\"2945\" \/><h3 class=\"\" data-start=\"2947\" data-end=\"2996\">\ud83d\udcc9 O Risco da Falta de Organiza\u00e7\u00e3o Processual<\/h3><p class=\"\" data-start=\"2998\" data-end=\"3049\">Empresas que operam sem processos claros enfrentam:<\/p><ul data-start=\"3050\" data-end=\"3308\"><li class=\"\" data-start=\"3050\" data-end=\"3083\"><p class=\"\" data-start=\"3052\" data-end=\"3083\">Desperd\u00edcio de tempo e recursos<\/p><\/li><li class=\"\" data-start=\"3084\" data-end=\"3127\"><p class=\"\" data-start=\"3086\" data-end=\"3127\">Equipes desmotivadas por falta de dire\u00e7\u00e3o<\/p><\/li><li class=\"\" data-start=\"3128\" data-end=\"3185\"><p class=\"\" data-start=\"3130\" data-end=\"3185\">Clientes insatisfeitos pela inconsist\u00eancia nas entregas<\/p><\/li><li class=\"\" data-start=\"3186\" data-end=\"3220\"><p class=\"\" data-start=\"3188\" data-end=\"3220\">Dificuldade de escalar o neg\u00f3cio<\/p><\/li><li class=\"\" data-start=\"3221\" data-end=\"3261\"><p class=\"\" data-start=\"3223\" data-end=\"3261\">Baixo controle gerencial e operacional<\/p><\/li><li class=\"\" data-start=\"3262\" data-end=\"3308\"><p class=\"\" data-start=\"3264\" data-end=\"3308\">Depend\u00eancia excessiva de colaboradores-chave<\/p><\/li><\/ul><p class=\"\" data-start=\"3310\" data-end=\"3407\">Em suma: <strong data-start=\"3319\" data-end=\"3406\">a desorganiza\u00e7\u00e3o \u00e9 o maior inimigo da escalabilidade e da longevidade de um neg\u00f3cio<\/strong>.<\/p><hr class=\"\" data-start=\"3409\" data-end=\"3412\" \/><h3 class=\"\" data-start=\"3414\" data-end=\"3473\">\ud83d\udccb Como Come\u00e7ar a Organizar e Padronizar seus Processos<\/h3><ol data-start=\"3475\" data-end=\"4268\"><li class=\"\" data-start=\"3475\" data-end=\"3621\"><p class=\"\" data-start=\"3478\" data-end=\"3508\"><strong data-start=\"3478\" data-end=\"3508\">Mapeie os processos atuais<\/strong><\/p><ul data-start=\"3512\" data-end=\"3621\"><li class=\"\" data-start=\"3512\" data-end=\"3562\"><p class=\"\" data-start=\"3514\" data-end=\"3562\">Entenda o fluxo real de atividades em cada \u00e1rea.<\/p><\/li><li class=\"\" data-start=\"3566\" data-end=\"3621\"><p class=\"\" data-start=\"3568\" data-end=\"3621\">Identifique gargalos, redund\u00e2ncias e pontos de falha.<\/p><\/li><\/ul><\/li><li class=\"\" data-start=\"3623\" data-end=\"3722\"><p class=\"\" data-start=\"3626\" data-end=\"3654\"><strong data-start=\"3626\" data-end=\"3654\">Desenhe o processo ideal<\/strong><\/p><ul data-start=\"3658\" data-end=\"3722\"><li class=\"\" data-start=\"3658\" data-end=\"3722\"><p class=\"\" data-start=\"3660\" data-end=\"3722\">Simplifique etapas, defina respons\u00e1veis, prazos e checkpoints.<\/p><\/li><\/ul><\/li><li class=\"\" data-start=\"3724\" data-end=\"3827\"><p class=\"\" data-start=\"3727\" data-end=\"3745\"><strong data-start=\"3727\" data-end=\"3745\">Documente tudo<\/strong><\/p><ul data-start=\"3749\" data-end=\"3827\"><li class=\"\" data-start=\"3749\" data-end=\"3827\"><p class=\"\" data-start=\"3751\" data-end=\"3827\">Registre procedimentos operacionais (POPs), checklists e pol\u00edticas internas.<\/p><\/li><\/ul><\/li><li class=\"\" data-start=\"3829\" data-end=\"3933\"><p class=\"\" data-start=\"3832\" data-end=\"3863\"><strong data-start=\"3832\" data-end=\"3863\">Comunique e treine a equipe<\/strong><\/p><ul data-start=\"3867\" data-end=\"3933\"><li class=\"\" data-start=\"3867\" data-end=\"3933\"><p class=\"\" data-start=\"3869\" data-end=\"3933\">Certifique-se de que todos compreendam e sigam os novos padr\u00f5es.<\/p><\/li><\/ul><\/li><li class=\"\" data-start=\"3935\" data-end=\"4064\"><p class=\"\" data-start=\"3938\" data-end=\"3985\"><strong data-start=\"3938\" data-end=\"3985\">Implemente indicadores de desempenho (KPIs)<\/strong><\/p><ul data-start=\"3989\" data-end=\"4064\"><li class=\"\" data-start=\"3989\" data-end=\"4064\"><p class=\"\" data-start=\"3991\" data-end=\"4064\">Me\u00e7a o impacto da padroniza\u00e7\u00e3o e identifique pontos de melhoria cont\u00ednua.<\/p><\/li><\/ul><\/li><li class=\"\" data-start=\"4066\" data-end=\"4268\"><p class=\"\" data-start=\"4069\" data-end=\"4098\"><strong data-start=\"4069\" data-end=\"4098\">Use ferramentas adequadas<\/strong><\/p><ul data-start=\"4102\" data-end=\"4268\"><li class=\"\" data-start=\"4102\" data-end=\"4268\"><p class=\"\" data-start=\"4104\" data-end=\"4268\">Plataformas como <strong data-start=\"4121\" data-end=\"4193\">CRMs, sistemas de gest\u00e3o de tarefas, ERPs e ferramentas de automa\u00e7\u00e3o<\/strong> podem centralizar, acompanhar e garantir a execu\u00e7\u00e3o correta dos processos.<\/p><\/li><\/ul><\/li><\/ol><hr class=\"\" data-start=\"4270\" data-end=\"4273\" \/><h3 class=\"\" data-start=\"4275\" data-end=\"4313\">\ud83d\udccc Processos Padronizados e a LGPD<\/h3><p class=\"\" data-start=\"4315\" data-end=\"4524\">Outro ponto crucial: <strong data-start=\"4336\" data-end=\"4379\">a Lei Geral de Prote\u00e7\u00e3o de Dados (LGPD)<\/strong> exige controle, rastreabilidade e seguran\u00e7a no tratamento de dados pessoais. Ter processos organizados e documentados \u00e9 essencial para garantir:<\/p><ul data-start=\"4525\" data-end=\"4656\"><li class=\"\" data-start=\"4525\" data-end=\"4556\"><p class=\"\" data-start=\"4527\" data-end=\"4556\">A base legal de cada opera\u00e7\u00e3o<\/p><\/li><li class=\"\" data-start=\"4557\" data-end=\"4581\"><p class=\"\" data-start=\"4559\" data-end=\"4581\">A governan\u00e7a dos dados<\/p><\/li><li class=\"\" data-start=\"4582\" data-end=\"4656\"><p class=\"\" data-start=\"4584\" data-end=\"4656\">A resposta r\u00e1pida a incidentes de seguran\u00e7a ou solicita\u00e7\u00f5es de titulares<\/p><\/li><\/ul><p class=\"\" data-start=\"4658\" data-end=\"4735\">Ou seja, <strong data-start=\"4667\" data-end=\"4734\">padronizar processos tamb\u00e9m \u00e9 uma pr\u00e1tica de conformidade legal<\/strong>.<\/p><hr class=\"\" data-start=\"4737\" data-end=\"4740\" \/><h3 class=\"\" data-start=\"4742\" data-end=\"4758\">\ud83c\udfc1 Conclus\u00e3o<\/h3><p class=\"\" data-start=\"4760\" data-end=\"5008\">A <strong data-start=\"4762\" data-end=\"4805\">organiza\u00e7\u00e3o e padroniza\u00e7\u00e3o de processos<\/strong> n\u00e3o \u00e9 uma a\u00e7\u00e3o isolada, mas um pilar fundamental da gest\u00e3o moderna. Empresas que adotam esse mindset conquistam <strong data-start=\"4918\" data-end=\"5007\">mais efici\u00eancia, mais controle, mais escalabilidade e mais valor percebido no mercado<\/strong>.<\/p><p class=\"\" data-start=\"5010\" data-end=\"5164\">Organizar processos \u00e9 como <strong data-start=\"5037\" data-end=\"5084\">organizar as engrenagens de um grande motor<\/strong>: quando todas est\u00e3o alinhadas, a empresa avan\u00e7a com pot\u00eancia e sem sobrecargas.<\/p>\t\t\t\t\t\t\t\t<\/div>\n\t\t\t\t<\/div>\n\t\t\t\t\t<\/div>\n\t\t\t\t<\/div>\n\t\t\t\t<section class=\"elementor-section elementor-top-section elementor-element elementor-element-1c789d3 elementor-section-boxed elementor-section-height-default elementor-section-height-default\" data-id=\"1c789d3\" data-element_type=\"section\" data-e-type=\"section\" data-settings=\"{&quot;background_background&quot;:&quot;classic&quot;}\">\n\t\t\t\t\t\t\t<div class=\"elementor-background-overlay\"><\/div>\n\t\t\t\t\t\t\t<div class=\"elementor-container elementor-column-gap-default\">\n\t\t\t\t\t<div class=\"elementor-column elementor-col-100 elementor-top-column elementor-element elementor-element-da53945 elementor-invisible\" data-id=\"da53945\" data-element_type=\"column\" data-e-type=\"column\" data-settings=\"{&quot;animation&quot;:&quot;zoomIn&quot;}\">\n\t\t\t<div class=\"elementor-widget-wrap elementor-element-populated\">\n\t\t\t\t\t\t<div class=\"elementor-element elementor-element-8d8d86c elementor-widget elementor-widget-heading\" data-id=\"8d8d86c\" data-element_type=\"widget\" data-e-type=\"widget\" data-widget_type=\"heading.default\">\n\t\t\t\t<div class=\"elementor-widget-container\">\n\t\t\t\t\t<h2 class=\"elementor-heading-title elementor-size-default\">Experimente o System360 CRM Gratuitamente \u2013 Sem Riscos, Sem Cart\u00e3o!<\/h2>\t\t\t\t<\/div>\n\t\t\t\t<\/div>\n\t\t\t\t<div class=\"elementor-element elementor-element-bf9d6a0 elementor-widget elementor-widget-text-editor\" data-id=\"bf9d6a0\" data-element_type=\"widget\" data-e-type=\"widget\" data-widget_type=\"text-editor.default\">\n\t\t\t\t<div class=\"elementor-widget-container\">\n\t\t\t\t\t\t\t\t\t<p>Descubra todo o potencial do nosso CRM com um teste 100% gratuito.<br data-start=\"218\" data-end=\"221\" \/>Sem necessidade de cart\u00e3o de cr\u00e9dito, sem compromisso \u2013 teste com calma, explore todos os recursos e veja como o System360 pode transformar a gest\u00e3o da sua empresa antes de tomar qualquer decis\u00e3o.<\/p>\t\t\t\t\t\t\t\t<\/div>\n\t\t\t\t<\/div>\n\t\t\t\t<div class=\"elementor-element elementor-element-2af8f63 elementor-align-center elementor-widget elementor-widget-button\" data-id=\"2af8f63\" data-element_type=\"widget\" data-e-type=\"widget\" data-widget_type=\"button.default\">\n\t\t\t\t<div class=\"elementor-widget-container\">\n\t\t\t\t\t\t\t\t\t<div class=\"elementor-button-wrapper\">\n\t\t\t\t\t<a class=\"elementor-button elementor-button-link elementor-size-md\" href=\"https:\/\/system360.com.br\/home\/servicos\">\n\t\t\t\t\t\t<span class=\"elementor-button-content-wrapper\">\n\t\t\t\t\t\t\t\t\t<span class=\"elementor-button-text\">testar por 14 dias<\/span>\n\t\t\t\t\t<\/span>\n\t\t\t\t\t<\/a>\n\t\t\t\t<\/div>\n\t\t\t\t\t\t\t\t<\/div>\n\t\t\t\t<\/div>\n\t\t\t\t\t<\/div>\n\t\t<\/div>\n\t\t\t\t\t<\/div>\n\t\t<\/section>\n\t\t\t\t<\/div>\n\t\t","protected":false},"excerpt":{"rendered":"<p>\ud83c\udfd7\ufe0f A Import\u00e2ncia de Organizar e Padronizar os Processos nas Empresas: O Caminho para a Efici\u00eancia e o Crescimento Escal\u00e1vel Em um mercado cada vez mais din\u00e2mico e competitivo, organizar e padronizar os processos internos deixou de ser uma op\u00e7\u00e3o e passou a ser uma necessidade estrat\u00e9gica para empresas que desejam crescer de forma estruturada, [&hellip;]<\/p>\n","protected":false},"author":1,"featured_media":0,"parent":0,"menu_order":0,"comment_status":"closed","ping_status":"closed","template":"","meta":{"_monsterinsights_skip_tracking":false,"_monsterinsights_sitenote_active":false,"_monsterinsights_sitenote_note":"","_monsterinsights_sitenote_category":0,"_uf_show_specific_survey":0,"_uf_disable_surveys":false,"footnotes":""},"class_list":["post-453","page","type-page","status-publish","hentry"],"aioseo_notices":[],"_links":{"self":[{"href":"https:\/\/system360.com.br\/home\/wp-json\/wp\/v2\/pages\/453","targetHints":{"allow":["GET"]}}],"collection":[{"href":"https:\/\/system360.com.br\/home\/wp-json\/wp\/v2\/pages"}],"about":[{"href":"https:\/\/system360.com.br\/home\/wp-json\/wp\/v2\/types\/page"}],"author":[{"embeddable":true,"href":"https:\/\/system360.com.br\/home\/wp-json\/wp\/v2\/users\/1"}],"replies":[{"embeddable":true,"href":"https:\/\/system360.com.br\/home\/wp-json\/wp\/v2\/comments?post=453"}],"version-history":[{"count":6,"href":"https:\/\/system360.com.br\/home\/wp-json\/wp\/v2\/pages\/453\/revisions"}],"predecessor-version":[{"id":1061,"href":"https:\/\/system360.com.br\/home\/wp-json\/wp\/v2\/pages\/453\/revisions\/1061"}],"wp:attachment":[{"href":"https:\/\/system360.com.br\/home\/wp-json\/wp\/v2\/media?parent=453"}],"curies":[{"name":"wp","href":"https:\/\/api.w.org\/{rel}","templated":true}]}}