{"id":461,"date":"2025-04-12T17:36:32","date_gmt":"2025-04-12T20:36:32","guid":{"rendered":"https:\/\/system360.com.br\/home\/?page_id=461"},"modified":"2025-05-11T09:32:14","modified_gmt":"2025-05-11T12:32:14","slug":"escalar-com-atendimento-humanizado-e-tecnologia-o-futuro-da-experiencia-do-cliente","status":"publish","type":"page","link":"https:\/\/system360.com.br\/home\/escalar-com-atendimento-humanizado-e-tecnologia-o-futuro-da-experiencia-do-cliente\/","title":{"rendered":"?\u2764\ufe0f Escalar com Atendimento Humanizado e Tecnologia: O Futuro da Experi\u00eancia do Cliente"},"content":{"rendered":"\t\t<div data-elementor-type=\"wp-page\" data-elementor-id=\"461\" class=\"elementor elementor-461\" data-elementor-post-type=\"page\">\n\t\t\t\t<div class=\"elementor-element elementor-element-36d8421 e-flex e-con-boxed e-con e-parent\" data-id=\"36d8421\" data-element_type=\"container\" data-e-type=\"container\">\n\t\t\t\t\t<div class=\"e-con-inner\">\n\t\t\t\t<div class=\"elementor-element elementor-element-e03e478 elementor-widget elementor-widget-heading\" data-id=\"e03e478\" data-element_type=\"widget\" data-e-type=\"widget\" data-widget_type=\"heading.default\">\n\t\t\t\t<div class=\"elementor-widget-container\">\n\t\t\t\t\t<h2 class=\"elementor-heading-title elementor-size-default\">\ud83e\udd16\u2764\ufe0f Escalar com Atendimento Humanizado e Tecnologia: O Futuro da Experi\u00eancia do Cliente<\/h2>\t\t\t\t<\/div>\n\t\t\t\t<\/div>\n\t\t\t\t<div class=\"elementor-element elementor-element-8b9fd93 elementor-widget elementor-widget-text-editor\" data-id=\"8b9fd93\" data-element_type=\"widget\" data-e-type=\"widget\" data-widget_type=\"text-editor.default\">\n\t\t\t\t<div class=\"elementor-widget-container\">\n\t\t\t\t\t\t\t\t\t<p class=\"\" data-start=\"332\" data-end=\"668\">Escalar um neg\u00f3cio \u00e9 o sonho de todo empreendedor. Mas crescer sem perder a ess\u00eancia, a qualidade e a proximidade com o cliente \u00e9 o <strong data-start=\"464\" data-end=\"482\">grande desafio<\/strong> das empresas modernas. Em um cen\u00e1rio altamente digital, onde a automa\u00e7\u00e3o \u00e9 indispens\u00e1vel, o diferencial competitivo est\u00e1 em saber <strong data-start=\"613\" data-end=\"667\">equilibrar tecnologia e humaniza\u00e7\u00e3o no atendimento<\/strong>.<\/p><p class=\"\" data-start=\"670\" data-end=\"891\">Neste artigo, voc\u00ea vai entender como \u00e9 poss\u00edvel crescer com consist\u00eancia e efici\u00eancia, <strong data-start=\"757\" data-end=\"790\">sem abrir m\u00e3o do toque humano<\/strong> \u2014 e por que esse modelo h\u00edbrido \u00e9 o caminho mais inteligente e sustent\u00e1vel para escalar com sucesso.<\/p><hr class=\"\" data-start=\"893\" data-end=\"896\" \/><h3 class=\"\" data-start=\"898\" data-end=\"949\">\ud83d\udcc8 O Desafio da Escala: Crescer Sem Desumanizar<\/h3><p class=\"\" data-start=\"951\" data-end=\"1190\">\u00c0 medida que uma empresa cresce, o volume de atendimentos, solicita\u00e7\u00f5es, problemas e intera\u00e7\u00f5es aumenta proporcionalmente. Para dar conta da demanda, muitas recorrem \u00e0 automa\u00e7\u00e3o extrema \u2014 e perdem a <strong data-start=\"1150\" data-end=\"1171\">conex\u00e3o emocional<\/strong> com seus clientes.<\/p><p class=\"\" data-start=\"1192\" data-end=\"1336\">Por outro lado, um atendimento 100% humano, sem apoio tecnol\u00f3gico, <strong data-start=\"1259\" data-end=\"1278\">n\u00e3o \u00e9 escal\u00e1vel<\/strong>: gera gargalos, custos elevados e sobrecarga nas equipes.<\/p><p class=\"\" data-start=\"1338\" data-end=\"1464\">A solu\u00e7\u00e3o est\u00e1 no meio do caminho: <strong data-start=\"1373\" data-end=\"1463\">tecnologia para otimizar e escalar, e atendimento humanizado para fidelizar e encantar<\/strong>.<\/p><hr class=\"\" data-start=\"1466\" data-end=\"1469\" \/><h3 class=\"\" data-start=\"1471\" data-end=\"1509\">\ud83d\udd0d O Que \u00e9 Atendimento Humanizado?<\/h3><p class=\"\" data-start=\"1511\" data-end=\"1547\">Atendimento humanizado \u00e9 aquele que:<\/p><ul data-start=\"1548\" data-end=\"1718\"><li class=\"\" data-start=\"1548\" data-end=\"1570\"><p class=\"\" data-start=\"1550\" data-end=\"1570\"><strong data-start=\"1550\" data-end=\"1570\">Ouve com aten\u00e7\u00e3o<\/strong><\/p><\/li><li class=\"\" data-start=\"1571\" data-end=\"1603\"><p class=\"\" data-start=\"1573\" data-end=\"1603\"><strong data-start=\"1573\" data-end=\"1603\">Respeita a individualidade<\/strong><\/p><\/li><li class=\"\" data-start=\"1604\" data-end=\"1638\"><p class=\"\" data-start=\"1606\" data-end=\"1638\"><strong data-start=\"1606\" data-end=\"1638\">Mostra empatia e acolhimento<\/strong><\/p><\/li><li class=\"\" data-start=\"1639\" data-end=\"1676\"><p class=\"\" data-start=\"1641\" data-end=\"1676\"><strong data-start=\"1641\" data-end=\"1676\">Oferece solu\u00e7\u00f5es personalizadas<\/strong><\/p><\/li><li class=\"\" data-start=\"1677\" data-end=\"1718\"><p class=\"\" data-start=\"1679\" data-end=\"1718\"><strong data-start=\"1679\" data-end=\"1718\">Cria uma conex\u00e3o real com o cliente<\/strong><\/p><\/li><\/ul><p class=\"\" data-start=\"1720\" data-end=\"1808\">\u00c9 o tipo de atendimento que <strong data-start=\"1748\" data-end=\"1807\">trata pessoas como pessoas, n\u00e3o como n\u00fameros ou tickets<\/strong>.<\/p><hr class=\"\" data-start=\"1810\" data-end=\"1813\" \/><h3 class=\"\" data-start=\"1815\" data-end=\"1894\">\ud83e\udd1d Por Que o Atendimento Humanizado \u00e9 Essencial para Escalar com Qualidade?<\/h3><h4 class=\"\" data-start=\"1896\" data-end=\"1933\">1. <strong data-start=\"1904\" data-end=\"1933\">Gera Confian\u00e7a e Lealdade<\/strong><\/h4><p class=\"\" data-start=\"1934\" data-end=\"2093\">Clientes n\u00e3o se fidelizam apenas por pre\u00e7o ou agilidade. Eles <strong data-start=\"1996\" data-end=\"2030\">lembram de como foram tratados<\/strong>. A humaniza\u00e7\u00e3o transforma consumidores em defensores da marca.<\/p><h4 class=\"\" data-start=\"2095\" data-end=\"2139\">2. <strong data-start=\"2103\" data-end=\"2139\">Reduz a Rotatividade de Clientes<\/strong><\/h4><p class=\"\" data-start=\"2140\" data-end=\"2274\">Um atendimento emp\u00e1tico e resolutivo <strong data-start=\"2177\" data-end=\"2223\">diminui cancelamentos, reclama\u00e7\u00f5es e churn<\/strong>, mantendo sua base s\u00f3lida mesmo com o crescimento.<\/p><h4 class=\"\" data-start=\"2276\" data-end=\"2309\">3. <strong data-start=\"2284\" data-end=\"2309\">Fortalece a Reputa\u00e7\u00e3o<\/strong><\/h4><p class=\"\" data-start=\"2310\" data-end=\"2452\">Clientes satisfeitos compartilham boas experi\u00eancias. Isso <strong data-start=\"2368\" data-end=\"2410\">atrai novos clientes de forma org\u00e2nica<\/strong> e melhora a imagem da empresa no mercado.<\/p><hr class=\"\" data-start=\"2454\" data-end=\"2457\" \/><h3 class=\"\" data-start=\"2459\" data-end=\"2522\">\ud83e\udd16 Como a Tecnologia Contribui Para Escalar com Efici\u00eancia?<\/h3><h4 class=\"\" data-start=\"2524\" data-end=\"2556\">\u2705 Automatiza\u00e7\u00e3o Inteligente<\/h4><ul data-start=\"2557\" data-end=\"2715\"><li class=\"\" data-start=\"2557\" data-end=\"2611\"><p class=\"\" data-start=\"2559\" data-end=\"2611\"><strong data-start=\"2559\" data-end=\"2611\">Chatbots para atendimentos simples e repetitivos<\/strong><\/p><\/li><li class=\"\" data-start=\"2612\" data-end=\"2662\"><p class=\"\" data-start=\"2614\" data-end=\"2662\"><strong data-start=\"2614\" data-end=\"2662\">Respostas autom\u00e1ticas e triagens de chamados<\/strong><\/p><\/li><li class=\"\" data-start=\"2663\" data-end=\"2715\"><p class=\"\" data-start=\"2665\" data-end=\"2715\"><strong data-start=\"2665\" data-end=\"2715\">Fluxos de e-mail e notifica\u00e7\u00f5es personalizadas<\/strong><\/p><\/li><\/ul><h4 class=\"\" data-start=\"2717\" data-end=\"2746\">\u2705 Centraliza\u00e7\u00e3o de Dados<\/h4><p class=\"\" data-start=\"2747\" data-end=\"2879\">Sistemas como <strong data-start=\"2761\" data-end=\"2782\">CRMs e Help Desks<\/strong> armazenam o hist\u00f3rico completo do cliente, permitindo um <strong data-start=\"2840\" data-end=\"2878\">atendimento contextualizado e \u00e1gil<\/strong>.<\/p><h4 class=\"\" data-start=\"2881\" data-end=\"2909\">\u2705 M\u00e9tricas e Relat\u00f3rios<\/h4><p class=\"\" data-start=\"2910\" data-end=\"3092\">A tecnologia permite monitorar indicadores de satisfa\u00e7\u00e3o (como NPS), tempo de resposta, resolu\u00e7\u00e3o de chamados e muito mais \u2014 dados cruciais para escalar <strong data-start=\"3063\" data-end=\"3091\">com controle e qualidade<\/strong>.<\/p><hr class=\"\" data-start=\"3094\" data-end=\"3097\" \/><h3 class=\"\" data-start=\"3099\" data-end=\"3154\">\ud83e\udde0 A Combina\u00e7\u00e3o Perfeita: Tecnologia + Calor Humano<\/h3><p class=\"\" data-start=\"3156\" data-end=\"3247\">A verdadeira excel\u00eancia no atendimento est\u00e1 na <strong data-start=\"3203\" data-end=\"3224\">complementaridade<\/strong> entre homem e m\u00e1quina:<\/p><ul data-start=\"3249\" data-end=\"3443\"><li class=\"\" data-start=\"3249\" data-end=\"3345\"><p class=\"\" data-start=\"3251\" data-end=\"3345\">Deixe a <strong data-start=\"3259\" data-end=\"3295\">tecnologia cuidar do operacional<\/strong>: filas, respostas padr\u00e3o, integra\u00e7\u00e3o de sistemas.<\/p><\/li><li class=\"\" data-start=\"3346\" data-end=\"3443\"><p class=\"\" data-start=\"3348\" data-end=\"3443\">E deixe o <strong data-start=\"3358\" data-end=\"3442\">humano agir quando o cliente precisa de escuta, empatia ou solu\u00e7\u00e3o personalizada<\/strong>.<\/p><\/li><\/ul><p class=\"\" data-start=\"3445\" data-end=\"3542\">Assim, sua empresa atende mais pessoas, em menos tempo, com <strong data-start=\"3505\" data-end=\"3541\">mais profundidade e menos atrito<\/strong>.<\/p><hr class=\"\" data-start=\"3544\" data-end=\"3547\" \/><h3 class=\"\" data-start=\"3549\" data-end=\"3614\">\ud83d\udccc Cases de Sucesso: O Que as Grandes Empresas Est\u00e3o Fazendo?<\/h3><p class=\"\" data-start=\"3616\" data-end=\"3702\">Empresas como Nubank, iFood e Netflix s\u00e3o refer\u00eancias em escalar com qualidade porque:<\/p><ul data-start=\"3704\" data-end=\"3935\"><li class=\"\" data-start=\"3704\" data-end=\"3736\"><p class=\"\" data-start=\"3706\" data-end=\"3736\">Automatizam o que \u00e9 repetitivo<\/p><\/li><li class=\"\" data-start=\"3737\" data-end=\"3784\"><p class=\"\" data-start=\"3739\" data-end=\"3784\">Oferecem canais de autoatendimento eficientes<\/p><\/li><li class=\"\" data-start=\"3785\" data-end=\"3863\"><p class=\"\" data-start=\"3787\" data-end=\"3863\">Mas <strong data-start=\"3791\" data-end=\"3863\">entram com um atendimento humano de alta qualidade quando necess\u00e1rio<\/strong><\/p><\/li><li class=\"\" data-start=\"3864\" data-end=\"3935\"><p class=\"\" data-start=\"3866\" data-end=\"3935\">Investem em <strong data-start=\"3878\" data-end=\"3935\">treinamento emocional e emp\u00e1tico para seus atendentes<\/strong><\/p><\/li><\/ul><p class=\"\" data-start=\"3937\" data-end=\"4032\">A li\u00e7\u00e3o \u00e9 clara: <strong data-start=\"3954\" data-end=\"3985\">crescer com alma \u00e9 poss\u00edvel<\/strong> \u2014 e altamente valorizado pelo cliente moderno.<\/p><hr class=\"\" data-start=\"4034\" data-end=\"4037\" \/><h3 class=\"\" data-start=\"4039\" data-end=\"4093\">\u2705 Benef\u00edcios Diretos da Humaniza\u00e7\u00e3o com Tecnologia<\/h3><ul data-start=\"4095\" data-end=\"4324\"><li class=\"\" data-start=\"4095\" data-end=\"4130\"><p class=\"\" data-start=\"4097\" data-end=\"4130\">\u23f1\ufe0f <strong data-start=\"4100\" data-end=\"4130\">Redu\u00e7\u00e3o do tempo de espera<\/strong><\/p><\/li><li class=\"\" data-start=\"4131\" data-end=\"4171\"><p class=\"\" data-start=\"4133\" data-end=\"4171\">\ud83d\ude0a <strong data-start=\"4136\" data-end=\"4171\">Aumento do \u00edndice de satisfa\u00e7\u00e3o<\/strong><\/p><\/li><li class=\"\" data-start=\"4172\" data-end=\"4219\"><p class=\"\" data-start=\"4174\" data-end=\"4219\">\ud83d\udcac <strong data-start=\"4177\" data-end=\"4219\">Feedbacks mais positivos e engajamento<\/strong><\/p><\/li><li class=\"\" data-start=\"4220\" data-end=\"4270\"><p class=\"\" data-start=\"4222\" data-end=\"4270\">\ud83d\udca1 <strong data-start=\"4225\" data-end=\"4270\">Melhoria cont\u00ednua com base em dados reais<\/strong><\/p><\/li><li class=\"\" data-start=\"4271\" data-end=\"4324\"><p class=\"\" data-start=\"4273\" data-end=\"4324\">\ud83d\udcca <strong data-start=\"4276\" data-end=\"4324\">Escalabilidade com controle e personaliza\u00e7\u00e3o<\/strong><\/p><\/li><\/ul><hr class=\"\" data-start=\"4326\" data-end=\"4329\" \/><h3 class=\"\" data-start=\"4331\" data-end=\"4370\">\ud83d\ude80 Como Aplicar Isso na Sua Empresa<\/h3><ol data-start=\"4372\" data-end=\"4717\"><li class=\"\" data-start=\"4372\" data-end=\"4422\"><p class=\"\" data-start=\"4375\" data-end=\"4422\"><strong data-start=\"4375\" data-end=\"4422\">Implemente ferramentas de atendimento e CRM<\/strong><\/p><\/li><li class=\"\" data-start=\"4423\" data-end=\"4471\"><p class=\"\" data-start=\"4426\" data-end=\"4471\"><strong data-start=\"4426\" data-end=\"4471\">Mapeie os pontos de contato com o cliente<\/strong><\/p><\/li><li class=\"\" data-start=\"4472\" data-end=\"4542\"><p class=\"\" data-start=\"4475\" data-end=\"4542\"><strong data-start=\"4475\" data-end=\"4542\">Defina o que pode ser automatizado e o que exige contato humano<\/strong><\/p><\/li><li class=\"\" data-start=\"4543\" data-end=\"4597\"><p class=\"\" data-start=\"4546\" data-end=\"4597\"><strong data-start=\"4546\" data-end=\"4597\">Treine a equipe para a escuta ativa e a empatia<\/strong><\/p><\/li><li class=\"\" data-start=\"4598\" data-end=\"4667\"><p class=\"\" data-start=\"4601\" data-end=\"4667\"><strong data-start=\"4601\" data-end=\"4667\">Acompanhe m\u00e9tricas como NPS, CSAT e tempo m\u00e9dio de atendimento<\/strong><\/p><\/li><li class=\"\" data-start=\"4668\" data-end=\"4717\"><p class=\"\" data-start=\"4671\" data-end=\"4717\"><strong data-start=\"4671\" data-end=\"4717\">Reveja e otimize o processo constantemente<\/strong><\/p><\/li><\/ol><hr class=\"\" data-start=\"4719\" data-end=\"4722\" \/><h3 class=\"\" data-start=\"4724\" data-end=\"4740\">\ud83c\udfc1 Conclus\u00e3o<\/h3><p class=\"\" data-start=\"4742\" data-end=\"5013\"><strong data-start=\"4742\" data-end=\"4830\">Escalar com atendimento humanizado e tecnologia n\u00e3o \u00e9 apenas poss\u00edvel \u2014 \u00e9 essencial.<\/strong> A efici\u00eancia da automa\u00e7\u00e3o deve caminhar lado a lado com o calor humano. O futuro dos neg\u00f3cios est\u00e1 nas empresas que entendem que <strong data-start=\"4960\" data-end=\"4983\">dados e sentimentos<\/strong> podem (e devem) andar juntos.<\/p><p class=\"\" data-start=\"5015\" data-end=\"5173\">Quem investe em <strong data-start=\"5031\" data-end=\"5096\">experi\u00eancia do cliente com empatia e intelig\u00eancia tecnol\u00f3gica<\/strong>, n\u00e3o apenas cresce \u2014 <strong data-start=\"5118\" data-end=\"5173\">conquista o cora\u00e7\u00e3o e a confian\u00e7a de seus clientes.<\/strong><\/p>\t\t\t\t\t\t\t\t<\/div>\n\t\t\t\t<\/div>\n\t\t\t\t\t<\/div>\n\t\t\t\t<\/div>\n\t\t\t\t<section class=\"elementor-section elementor-top-section elementor-element elementor-element-1c789d3 elementor-section-boxed elementor-section-height-default elementor-section-height-default\" data-id=\"1c789d3\" data-element_type=\"section\" data-e-type=\"section\" data-settings=\"{&quot;background_background&quot;:&quot;classic&quot;}\">\n\t\t\t\t\t\t\t<div class=\"elementor-background-overlay\"><\/div>\n\t\t\t\t\t\t\t<div class=\"elementor-container elementor-column-gap-default\">\n\t\t\t\t\t<div class=\"elementor-column elementor-col-100 elementor-top-column elementor-element elementor-element-da53945 elementor-invisible\" data-id=\"da53945\" data-element_type=\"column\" data-e-type=\"column\" data-settings=\"{&quot;animation&quot;:&quot;zoomIn&quot;}\">\n\t\t\t<div class=\"elementor-widget-wrap elementor-element-populated\">\n\t\t\t\t\t\t<div class=\"elementor-element elementor-element-8d8d86c elementor-widget elementor-widget-heading\" data-id=\"8d8d86c\" data-element_type=\"widget\" data-e-type=\"widget\" data-widget_type=\"heading.default\">\n\t\t\t\t<div class=\"elementor-widget-container\">\n\t\t\t\t\t<h2 class=\"elementor-heading-title elementor-size-default\">Experimente o System360 CRM Gratuitamente \u2013 Sem Riscos, Sem Cart\u00e3o!<\/h2>\t\t\t\t<\/div>\n\t\t\t\t<\/div>\n\t\t\t\t<div class=\"elementor-element elementor-element-bf9d6a0 elementor-widget elementor-widget-text-editor\" data-id=\"bf9d6a0\" data-element_type=\"widget\" data-e-type=\"widget\" data-widget_type=\"text-editor.default\">\n\t\t\t\t<div class=\"elementor-widget-container\">\n\t\t\t\t\t\t\t\t\t<p>Descubra todo o potencial do nosso CRM com um teste 100% gratuito.<br data-start=\"218\" data-end=\"221\" \/>Sem necessidade de cart\u00e3o de cr\u00e9dito, sem compromisso \u2013 teste com calma, explore todos os recursos e veja como o System360 pode transformar a gest\u00e3o da sua empresa antes de tomar qualquer decis\u00e3o.<\/p>\t\t\t\t\t\t\t\t<\/div>\n\t\t\t\t<\/div>\n\t\t\t\t<div class=\"elementor-element elementor-element-2af8f63 elementor-align-center elementor-widget elementor-widget-button\" data-id=\"2af8f63\" data-element_type=\"widget\" data-e-type=\"widget\" data-widget_type=\"button.default\">\n\t\t\t\t<div class=\"elementor-widget-container\">\n\t\t\t\t\t\t\t\t\t<div class=\"elementor-button-wrapper\">\n\t\t\t\t\t<a class=\"elementor-button elementor-button-link elementor-size-md\" href=\"https:\/\/system360.com.br\/home\/servicos\">\n\t\t\t\t\t\t<span class=\"elementor-button-content-wrapper\">\n\t\t\t\t\t\t\t\t\t<span class=\"elementor-button-text\">testar por 14 dias<\/span>\n\t\t\t\t\t<\/span>\n\t\t\t\t\t<\/a>\n\t\t\t\t<\/div>\n\t\t\t\t\t\t\t\t<\/div>\n\t\t\t\t<\/div>\n\t\t\t\t\t<\/div>\n\t\t<\/div>\n\t\t\t\t\t<\/div>\n\t\t<\/section>\n\t\t\t\t<\/div>\n\t\t","protected":false},"excerpt":{"rendered":"<p>\ud83e\udd16\u2764\ufe0f Escalar com Atendimento Humanizado e Tecnologia: O Futuro da Experi\u00eancia do Cliente Escalar um neg\u00f3cio \u00e9 o sonho de todo empreendedor. Mas crescer sem perder a ess\u00eancia, a qualidade e a proximidade com o cliente \u00e9 o grande desafio das empresas modernas. Em um cen\u00e1rio altamente digital, onde a automa\u00e7\u00e3o \u00e9 indispens\u00e1vel, o diferencial [&hellip;]<\/p>\n","protected":false},"author":1,"featured_media":0,"parent":0,"menu_order":0,"comment_status":"closed","ping_status":"closed","template":"","meta":{"_monsterinsights_skip_tracking":false,"_monsterinsights_sitenote_active":false,"_monsterinsights_sitenote_note":"","_monsterinsights_sitenote_category":0,"_uf_show_specific_survey":0,"_uf_disable_surveys":false,"footnotes":""},"class_list":["post-461","page","type-page","status-publish","hentry"],"aioseo_notices":[],"_links":{"self":[{"href":"https:\/\/system360.com.br\/home\/wp-json\/wp\/v2\/pages\/461","targetHints":{"allow":["GET"]}}],"collection":[{"href":"https:\/\/system360.com.br\/home\/wp-json\/wp\/v2\/pages"}],"about":[{"href":"https:\/\/system360.com.br\/home\/wp-json\/wp\/v2\/types\/page"}],"author":[{"embeddable":true,"href":"https:\/\/system360.com.br\/home\/wp-json\/wp\/v2\/users\/1"}],"replies":[{"embeddable":true,"href":"https:\/\/system360.com.br\/home\/wp-json\/wp\/v2\/comments?post=461"}],"version-history":[{"count":6,"href":"https:\/\/system360.com.br\/home\/wp-json\/wp\/v2\/pages\/461\/revisions"}],"predecessor-version":[{"id":1067,"href":"https:\/\/system360.com.br\/home\/wp-json\/wp\/v2\/pages\/461\/revisions\/1067"}],"wp:attachment":[{"href":"https:\/\/system360.com.br\/home\/wp-json\/wp\/v2\/media?parent=461"}],"curies":[{"name":"wp","href":"https:\/\/api.w.org\/{rel}","templated":true}]}}