{"id":465,"date":"2025-04-12T17:39:15","date_gmt":"2025-04-12T20:39:15","guid":{"rendered":"https:\/\/system360.com.br\/home\/?page_id=465"},"modified":"2025-05-11T09:32:24","modified_gmt":"2025-05-11T12:32:24","slug":"a-visao-internacional-do-system360-crm-tecnologia-brasileira-com-olhar-global","status":"publish","type":"page","link":"https:\/\/system360.com.br\/home\/a-visao-internacional-do-system360-crm-tecnologia-brasileira-com-olhar-global\/","title":{"rendered":"? A Vis\u00e3o Internacional do System360 CRM: Tecnologia Brasileira com Olhar Global"},"content":{"rendered":"\t\t<div data-elementor-type=\"wp-page\" data-elementor-id=\"465\" class=\"elementor elementor-465\" data-elementor-post-type=\"page\">\n\t\t\t\t<div class=\"elementor-element elementor-element-36d8421 e-flex e-con-boxed e-con e-parent\" data-id=\"36d8421\" data-element_type=\"container\" data-e-type=\"container\">\n\t\t\t\t\t<div class=\"e-con-inner\">\n\t\t\t\t<div class=\"elementor-element elementor-element-e03e478 elementor-widget elementor-widget-heading\" data-id=\"e03e478\" data-element_type=\"widget\" data-e-type=\"widget\" data-widget_type=\"heading.default\">\n\t\t\t\t<div class=\"elementor-widget-container\">\n\t\t\t\t\t<h2 class=\"elementor-heading-title elementor-size-default\">\ud83c\udf0d A Vis\u00e3o Internacional do System360 CRM: Tecnologia Brasileira com Olhar Global<\/h2>\t\t\t\t<\/div>\n\t\t\t\t<\/div>\n\t\t\t\t<div class=\"elementor-element elementor-element-8b9fd93 elementor-widget elementor-widget-text-editor\" data-id=\"8b9fd93\" data-element_type=\"widget\" data-e-type=\"widget\" data-widget_type=\"text-editor.default\">\n\t\t\t\t<div class=\"elementor-widget-container\">\n\t\t\t\t\t\t\t\t\t<p class=\"\" data-start=\"429\" data-end=\"815\">Em um mundo cada vez mais conectado, onde neg\u00f3cios atravessam fronteiras com facilidade, <strong data-start=\"518\" data-end=\"607\">pensar globalmente deixou de ser uma op\u00e7\u00e3o para se tornar uma necessidade estrat\u00e9gica<\/strong>. \u00c9 neste cen\u00e1rio que o <strong data-start=\"631\" data-end=\"648\">System360 CRM<\/strong> se destaca como uma <strong data-start=\"669\" data-end=\"724\">solu\u00e7\u00e3o robusta, flex\u00edvel e com vis\u00e3o internacional<\/strong>, pronta para atender empresas de diferentes portes e segmentos em qualquer parte do mundo.<\/p><p class=\"\" data-start=\"817\" data-end=\"1092\">Com mais de 25 anos de expertise em gest\u00e3o empresarial e tecnologia, o System360 vai al\u00e9m das fronteiras nacionais e se posiciona como uma <strong data-start=\"956\" data-end=\"1016\">plataforma de CRM pensada para competir em escala global<\/strong>, mantendo a ess\u00eancia da gest\u00e3o humanizada, integrada e orientada por dados.<\/p><hr class=\"\" data-start=\"1094\" data-end=\"1097\" \/><h3 class=\"\" data-start=\"1099\" data-end=\"1173\">\ud83c\udf10 Por que ter uma vis\u00e3o internacional \u00e9 essencial para CRMs modernos?<\/h3><p class=\"\" data-start=\"1175\" data-end=\"1368\">A digitaliza\u00e7\u00e3o dos neg\u00f3cios acelerou as trocas globais. Hoje, <strong data-start=\"1238\" data-end=\"1335\">empresas vendem, atendem, contratam e entregam para clientes e parceiros em diferentes pa\u00edses<\/strong>. Nesse contexto, um CRM precisa:<\/p><ul data-start=\"1370\" data-end=\"1699\"><li class=\"\" data-start=\"1370\" data-end=\"1408\"><p class=\"\" data-start=\"1372\" data-end=\"1408\">Atender m\u00faltiplos idiomas e moedas<\/p><\/li><li class=\"\" data-start=\"1409\" data-end=\"1498\"><p class=\"\" data-start=\"1411\" data-end=\"1498\">Estar alinhado \u00e0 legisla\u00e7\u00e3o internacional de prote\u00e7\u00e3o de dados (como a GDPR e a LGPD)<\/p><\/li><li class=\"\" data-start=\"1499\" data-end=\"1545\"><p class=\"\" data-start=\"1501\" data-end=\"1545\">Ser escal\u00e1vel, seguro e acess\u00edvel em nuvem<\/p><\/li><li class=\"\" data-start=\"1546\" data-end=\"1625\"><p class=\"\" data-start=\"1548\" data-end=\"1625\">Permitir integra\u00e7\u00f5es com ferramentas globais (Google, Stripe, PayPal, etc.)<\/p><\/li><li class=\"\" data-start=\"1626\" data-end=\"1699\"><p class=\"\" data-start=\"1628\" data-end=\"1699\">Oferecer suporte t\u00e9cnico \u00e1gil e adapt\u00e1vel a diferentes culturas e fusos<\/p><\/li><\/ul><p class=\"\" data-start=\"1701\" data-end=\"1872\">O <strong data-start=\"1703\" data-end=\"1752\">System360 CRM incorpora todos esses elementos<\/strong>, se consolidando como um sistema que n\u00e3o apenas atua no Brasil \u2014 <strong data-start=\"1818\" data-end=\"1871\">mas compete com os grandes players internacionais<\/strong>.<\/p><hr class=\"\" data-start=\"1874\" data-end=\"1877\" \/><h3 class=\"\" data-start=\"1879\" data-end=\"1943\">\ud83e\udde9 O que torna o System360 CRM uma solu\u00e7\u00e3o com vis\u00e3o global?<\/h3><h4 class=\"\" data-start=\"1945\" data-end=\"1988\">1. <strong data-start=\"1953\" data-end=\"1988\">Arquitetura escal\u00e1vel e modular<\/strong><\/h4><p class=\"\" data-start=\"1989\" data-end=\"2171\">A estrutura do System360 \u00e9 constru\u00edda em m\u00f3dulos que podem ser ativados conforme a necessidade da empresa, facilitando a <strong data-start=\"2110\" data-end=\"2170\">customiza\u00e7\u00e3o por pa\u00eds, por nicho ou por tipo de opera\u00e7\u00e3o<\/strong>.<\/p><h4 class=\"\" data-start=\"2173\" data-end=\"2221\">2. <strong data-start=\"2181\" data-end=\"2221\">Multilinguismo e moeda internacional<\/strong><\/h4><p class=\"\" data-start=\"2222\" data-end=\"2405\">O sistema \u00e9 preparado para funcionar em <strong data-start=\"2262\" data-end=\"2323\">diferentes idiomas e com suporte para moedas estrangeiras<\/strong>, viabilizando opera\u00e7\u00f5es em redes globais, franquias e e-commerces internacionais.<\/p><h4 class=\"\" data-start=\"2407\" data-end=\"2464\">3. <strong data-start=\"2415\" data-end=\"2464\">Conformidade com legisla\u00e7\u00f5es como LGPD e GDPR<\/strong><\/h4><p class=\"\" data-start=\"2465\" data-end=\"2635\">A privacidade e seguran\u00e7a dos dados s\u00e3o prioridade. O System360 \u00e9 projetado para estar <strong data-start=\"2552\" data-end=\"2634\">em conformidade com as principais regulamenta\u00e7\u00f5es globais de prote\u00e7\u00e3o de dados<\/strong>.<\/p><h4 class=\"\" data-start=\"2637\" data-end=\"2689\">4. <strong data-start=\"2645\" data-end=\"2689\">Atendimento remoto e suporte distribu\u00eddo<\/strong><\/h4><p class=\"\" data-start=\"2690\" data-end=\"2883\">Oferece <strong data-start=\"2698\" data-end=\"2749\">suporte t\u00e9cnico remoto e atendimento humanizado<\/strong> com ferramentas de automa\u00e7\u00e3o e integra\u00e7\u00e3o de canais como WhatsApp, e-mail e chat, ideais para ambientes distribu\u00eddos geograficamente.<\/p><h4 class=\"\" data-start=\"2885\" data-end=\"2940\">5. <strong data-start=\"2893\" data-end=\"2940\">Acesso em nuvem, de qualquer lugar do mundo<\/strong><\/h4><p class=\"\" data-start=\"2941\" data-end=\"3080\">A plataforma \u00e9 baseada em nuvem, o que garante <strong data-start=\"2988\" data-end=\"3029\">acesso r\u00e1pido, seguro e em tempo real<\/strong> para equipes e gestores, n\u00e3o importa onde estejam.<\/p><hr class=\"\" data-start=\"3082\" data-end=\"3085\" \/><h3 class=\"\" data-start=\"3087\" data-end=\"3153\">\ud83d\udcc8 System360: Pensado para escalar neg\u00f3cios internacionalmente<\/h3><p class=\"\" data-start=\"3155\" data-end=\"3411\">Ao unir <strong data-start=\"3163\" data-end=\"3262\">gest\u00e3o de vendas, atendimento, propostas, contratos, projetos, tarefas, relat\u00f3rios e automa\u00e7\u00f5es<\/strong> em uma \u00fanica solu\u00e7\u00e3o, o System360 permite que <strong data-start=\"3309\" data-end=\"3374\">empresas cres\u00e7am com controle, padroniza\u00e7\u00e3o e alto desempenho<\/strong> \u2014 sem se limitar a um mercado local.<\/p><h4 class=\"\" data-start=\"3413\" data-end=\"3452\">Algumas aplica\u00e7\u00f5es internacionais:<\/h4><ul data-start=\"3453\" data-end=\"3709\"><li class=\"\" data-start=\"3453\" data-end=\"3508\"><p class=\"\" data-start=\"3455\" data-end=\"3508\">Startups brasileiras em processo de expans\u00e3o global<\/p><\/li><li class=\"\" data-start=\"3509\" data-end=\"3568\"><p class=\"\" data-start=\"3511\" data-end=\"3568\">Empresas multinacionais com opera\u00e7\u00f5es na Am\u00e9rica Latina<\/p><\/li><li class=\"\" data-start=\"3569\" data-end=\"3645\"><p class=\"\" data-start=\"3571\" data-end=\"3645\">Ag\u00eancias de marketing, consultorias e SaaS com clientes em outros pa\u00edses<\/p><\/li><li class=\"\" data-start=\"3646\" data-end=\"3709\"><p class=\"\" data-start=\"3648\" data-end=\"3709\">Neg\u00f3cios em modelo SaaS white-label com atua\u00e7\u00e3o distribu\u00edda<\/p><\/li><\/ul><hr class=\"\" data-start=\"3711\" data-end=\"3714\" \/><h3 class=\"\" data-start=\"3716\" data-end=\"3782\">\ud83d\udcac Depoimentos e cases de uso internacional (exemplo fict\u00edcio)<\/h3><blockquote data-start=\"3784\" data-end=\"4050\"><p class=\"\" data-start=\"3786\" data-end=\"4050\">\u201cExpandimos para Portugal e os Estados Unidos sem precisar trocar de sistema. O System360 nos deu flexibilidade de idiomas, gest\u00e3o remota de contratos e automa\u00e7\u00e3o de atendimento com WhatsApp internacional.\u201d<br data-start=\"3992\" data-end=\"3995\" \/>\u2014 <em data-start=\"3999\" data-end=\"4050\">Diretor de Opera\u00e7\u00f5es, Ag\u00eancia de Inova\u00e7\u00e3o Digital<\/em><\/p><\/blockquote><hr class=\"\" data-start=\"4052\" data-end=\"4055\" \/><h3 class=\"\" data-start=\"4057\" data-end=\"4125\">\ud83d\udd0d Vantagens estrat\u00e9gicas de usar um CRM com vis\u00e3o internacional<\/h3><ul data-start=\"4127\" data-end=\"4425\"><li class=\"\" data-start=\"4127\" data-end=\"4185\"><p class=\"\" data-start=\"4129\" data-end=\"4185\">\ud83c\udf0e Facilita a internacionaliza\u00e7\u00e3o de marcas e servi\u00e7os<\/p><\/li><li class=\"\" data-start=\"4186\" data-end=\"4238\"><p class=\"\" data-start=\"4188\" data-end=\"4238\">\ud83d\udd10 Garante compliance com diferentes legisla\u00e7\u00f5es<\/p><\/li><li class=\"\" data-start=\"4239\" data-end=\"4306\"><p class=\"\" data-start=\"4241\" data-end=\"4306\">\ud83d\udcf2 Mant\u00e9m a padroniza\u00e7\u00e3o dos processos, mesmo com times remotos<\/p><\/li><li class=\"\" data-start=\"4307\" data-end=\"4356\"><p class=\"\" data-start=\"4309\" data-end=\"4356\">\ud83d\udcca Permite an\u00e1lise unificada de dados globais<\/p><\/li><li class=\"\" data-start=\"4357\" data-end=\"4425\"><p class=\"\" data-start=\"4359\" data-end=\"4425\">\ud83d\udcbc Reduz custos operacionais com um sistema completo e integrado<\/p><\/li><\/ul><hr class=\"\" data-start=\"4427\" data-end=\"4430\" \/><h3 class=\"\" data-start=\"4432\" data-end=\"4504\">\ud83d\ude80 Conclus\u00e3o: O Mundo Est\u00e1 ao Alcance \u2014 e o System360 Est\u00e1 Preparado<\/h3><p class=\"\" data-start=\"4506\" data-end=\"4817\">Mais do que um CRM, o <strong data-start=\"4528\" data-end=\"4583\">System360 \u00e9 uma plataforma de gest\u00e3o com DNA global<\/strong>. \u00c9 a escolha ideal para empresas brasileiras que desejam escalar suas opera\u00e7\u00f5es al\u00e9m do territ\u00f3rio nacional e tamb\u00e9m para neg\u00f3cios internacionais que procuram <strong data-start=\"4743\" data-end=\"4816\">uma solu\u00e7\u00e3o robusta, customiz\u00e1vel e com suporte t\u00e9cnico de excel\u00eancia<\/strong>.<\/p><p class=\"\" data-start=\"4819\" data-end=\"4897\">Se sua empresa pensa grande, <strong data-start=\"4848\" data-end=\"4897\">o System360 pensa ainda maior \u2014 e mais longe.<\/strong><\/p>\t\t\t\t\t\t\t\t<\/div>\n\t\t\t\t<\/div>\n\t\t\t\t\t<\/div>\n\t\t\t\t<\/div>\n\t\t\t\t<section class=\"elementor-section elementor-top-section elementor-element elementor-element-1c789d3 elementor-section-boxed elementor-section-height-default elementor-section-height-default\" data-id=\"1c789d3\" data-element_type=\"section\" data-e-type=\"section\" data-settings=\"{&quot;background_background&quot;:&quot;classic&quot;}\">\n\t\t\t\t\t\t\t<div class=\"elementor-background-overlay\"><\/div>\n\t\t\t\t\t\t\t<div class=\"elementor-container elementor-column-gap-default\">\n\t\t\t\t\t<div class=\"elementor-column elementor-col-100 elementor-top-column elementor-element elementor-element-da53945 elementor-invisible\" data-id=\"da53945\" data-element_type=\"column\" data-e-type=\"column\" data-settings=\"{&quot;animation&quot;:&quot;zoomIn&quot;}\">\n\t\t\t<div class=\"elementor-widget-wrap elementor-element-populated\">\n\t\t\t\t\t\t<div class=\"elementor-element elementor-element-8d8d86c elementor-widget elementor-widget-heading\" data-id=\"8d8d86c\" data-element_type=\"widget\" data-e-type=\"widget\" data-widget_type=\"heading.default\">\n\t\t\t\t<div class=\"elementor-widget-container\">\n\t\t\t\t\t<h2 class=\"elementor-heading-title elementor-size-default\">Experimente o System360 CRM Gratuitamente \u2013 Sem Riscos, Sem Cart\u00e3o!<\/h2>\t\t\t\t<\/div>\n\t\t\t\t<\/div>\n\t\t\t\t<div class=\"elementor-element elementor-element-bf9d6a0 elementor-widget elementor-widget-text-editor\" data-id=\"bf9d6a0\" data-element_type=\"widget\" data-e-type=\"widget\" data-widget_type=\"text-editor.default\">\n\t\t\t\t<div class=\"elementor-widget-container\">\n\t\t\t\t\t\t\t\t\t<p>Descubra todo o potencial do nosso CRM com um teste 100% gratuito.<br data-start=\"218\" data-end=\"221\" \/>Sem necessidade de cart\u00e3o de cr\u00e9dito, sem compromisso \u2013 teste com calma, explore todos os recursos e veja como o System360 pode transformar a gest\u00e3o da sua empresa antes de tomar qualquer decis\u00e3o.<\/p>\t\t\t\t\t\t\t\t<\/div>\n\t\t\t\t<\/div>\n\t\t\t\t<div class=\"elementor-element elementor-element-2af8f63 elementor-align-center elementor-widget elementor-widget-button\" data-id=\"2af8f63\" data-element_type=\"widget\" data-e-type=\"widget\" data-widget_type=\"button.default\">\n\t\t\t\t<div class=\"elementor-widget-container\">\n\t\t\t\t\t\t\t\t\t<div class=\"elementor-button-wrapper\">\n\t\t\t\t\t<a class=\"elementor-button elementor-button-link elementor-size-md\" href=\"https:\/\/system360.com.br\/home\/servicos\">\n\t\t\t\t\t\t<span class=\"elementor-button-content-wrapper\">\n\t\t\t\t\t\t\t\t\t<span class=\"elementor-button-text\">testar por 14 dias<\/span>\n\t\t\t\t\t<\/span>\n\t\t\t\t\t<\/a>\n\t\t\t\t<\/div>\n\t\t\t\t\t\t\t\t<\/div>\n\t\t\t\t<\/div>\n\t\t\t\t\t<\/div>\n\t\t<\/div>\n\t\t\t\t\t<\/div>\n\t\t<\/section>\n\t\t\t\t<\/div>\n\t\t","protected":false},"excerpt":{"rendered":"<p>\ud83c\udf0d A Vis\u00e3o Internacional do System360 CRM: Tecnologia Brasileira com Olhar Global Em um mundo cada vez mais conectado, onde neg\u00f3cios atravessam fronteiras com facilidade, pensar globalmente deixou de ser uma op\u00e7\u00e3o para se tornar uma necessidade estrat\u00e9gica. \u00c9 neste cen\u00e1rio que o System360 CRM se destaca como uma solu\u00e7\u00e3o robusta, flex\u00edvel e com vis\u00e3o [&hellip;]<\/p>\n","protected":false},"author":1,"featured_media":0,"parent":0,"menu_order":0,"comment_status":"closed","ping_status":"closed","template":"","meta":{"_monsterinsights_skip_tracking":false,"_monsterinsights_sitenote_active":false,"_monsterinsights_sitenote_note":"","_monsterinsights_sitenote_category":0,"_uf_show_specific_survey":0,"_uf_disable_surveys":false,"footnotes":""},"class_list":["post-465","page","type-page","status-publish","hentry"],"aioseo_notices":[],"_links":{"self":[{"href":"https:\/\/system360.com.br\/home\/wp-json\/wp\/v2\/pages\/465","targetHints":{"allow":["GET"]}}],"collection":[{"href":"https:\/\/system360.com.br\/home\/wp-json\/wp\/v2\/pages"}],"about":[{"href":"https:\/\/system360.com.br\/home\/wp-json\/wp\/v2\/types\/page"}],"author":[{"embeddable":true,"href":"https:\/\/system360.com.br\/home\/wp-json\/wp\/v2\/users\/1"}],"replies":[{"embeddable":true,"href":"https:\/\/system360.com.br\/home\/wp-json\/wp\/v2\/comments?post=465"}],"version-history":[{"count":6,"href":"https:\/\/system360.com.br\/home\/wp-json\/wp\/v2\/pages\/465\/revisions"}],"predecessor-version":[{"id":1070,"href":"https:\/\/system360.com.br\/home\/wp-json\/wp\/v2\/pages\/465\/revisions\/1070"}],"wp:attachment":[{"href":"https:\/\/system360.com.br\/home\/wp-json\/wp\/v2\/media?parent=465"}],"curies":[{"name":"wp","href":"https:\/\/api.w.org\/{rel}","templated":true}]}}