{"id":475,"date":"2025-04-12T18:00:10","date_gmt":"2025-04-12T21:00:10","guid":{"rendered":"https:\/\/system360.com.br\/home\/?page_id=475"},"modified":"2025-05-11T09:48:47","modified_gmt":"2025-05-11T12:48:47","slug":"politica-de-privacidade","status":"publish","type":"page","link":"https:\/\/system360.com.br\/home\/politica-de-privacidade\/","title":{"rendered":"Pol\u00edtica de Privacidade"},"content":{"rendered":"\t\t<div data-elementor-type=\"wp-page\" data-elementor-id=\"475\" class=\"elementor elementor-475\" data-elementor-post-type=\"page\">\n\t\t\t\t<div class=\"elementor-element elementor-element-36d8421 e-flex e-con-boxed e-con e-parent\" data-id=\"36d8421\" data-element_type=\"container\" data-e-type=\"container\">\n\t\t\t\t\t<div class=\"e-con-inner\">\n\t\t\t\t<div class=\"elementor-element elementor-element-e03e478 elementor-widget elementor-widget-heading\" data-id=\"e03e478\" data-element_type=\"widget\" data-e-type=\"widget\" data-widget_type=\"heading.default\">\n\t\t\t\t<div class=\"elementor-widget-container\">\n\t\t\t\t\t<h2 class=\"elementor-heading-title elementor-size-default\">\ud83d\udcc4 Pol\u00edtica de Privacidade \u2013 System360 CRM<\/h2>\t\t\t\t<\/div>\n\t\t\t\t<\/div>\n\t\t\t\t<div class=\"elementor-element elementor-element-8b9fd93 elementor-widget elementor-widget-text-editor\" data-id=\"8b9fd93\" data-element_type=\"widget\" data-e-type=\"widget\" data-widget_type=\"text-editor.default\">\n\t\t\t\t<div class=\"elementor-widget-container\">\n\t\t\t\t\t\t\t\t\t<p class=\"\" data-start=\"479\" data-end=\"709\"><strong data-start=\"479\" data-end=\"502\">\u00daltima atualiza\u00e7\u00e3o:<\/strong> 12\/04\/2025<br data-start=\"517\" data-end=\"520\" \/><strong data-start=\"520\" data-end=\"542\">Respons\u00e1vel legal:<\/strong> TXR Solu\u00e7\u00f5es e Tecnologia Ltda<br data-start=\"573\" data-end=\"576\" \/><strong data-start=\"576\" data-end=\"585\">CNPJ:<\/strong> 12.661.465\/0001-72<br data-start=\"604\" data-end=\"607\" \/><strong data-start=\"607\" data-end=\"620\">Endere\u00e7o:<\/strong> Marechal Deodoro \u2013 Alagoas, Brasil<br data-start=\"655\" data-end=\"658\" \/><strong data-start=\"658\" data-end=\"682\">E-mail para contato:<\/strong> <a rel=\"noopener\" data-start=\"683\" data-end=\"707\">contato@system360.com.br<\/a><\/p><hr class=\"\" data-start=\"711\" data-end=\"714\" \/><h2 class=\"\" data-start=\"716\" data-end=\"751\">1. Compromisso com a Privacidade<\/h2><p class=\"\" data-start=\"753\" data-end=\"1094\">A <strong data-start=\"755\" data-end=\"789\">TXR Solu\u00e7\u00f5es e Tecnologia Ltda<\/strong>, desenvolvedora e respons\u00e1vel pelo <strong data-start=\"825\" data-end=\"842\">System360 CRM<\/strong>, respeita e protege os dados pessoais e empresariais de todos os seus usu\u00e1rios, clientes, parceiros e visitantes. Esta pol\u00edtica tem como objetivo explicar, de forma clara e transparente, como os dados s\u00e3o coletados, tratados, armazenados e protegidos.<\/p><p class=\"\" data-start=\"1096\" data-end=\"1221\">A nossa atua\u00e7\u00e3o est\u00e1 <strong data-start=\"1117\" data-end=\"1209\">em total conformidade com as legisla\u00e7\u00f5es nacionais e internacionais de prote\u00e7\u00e3o de dados<\/strong>, incluindo:<\/p><ul data-start=\"1223\" data-end=\"1445\"><li class=\"\" data-start=\"1223\" data-end=\"1302\"><p class=\"\" data-start=\"1225\" data-end=\"1302\"><strong data-start=\"1225\" data-end=\"1302\">Lei Geral de Prote\u00e7\u00e3o de Dados Pessoais (LGPD &#8211; Brasil, Lei n\u00ba 13.709\/18)<\/strong><\/p><\/li><li class=\"\" data-start=\"1303\" data-end=\"1376\"><p class=\"\" data-start=\"1305\" data-end=\"1376\"><strong data-start=\"1305\" data-end=\"1376\">Regulamento Geral sobre a Prote\u00e7\u00e3o de Dados (GDPR &#8211; Uni\u00e3o Europeia)<\/strong><\/p><\/li><li class=\"\" data-start=\"1377\" data-end=\"1445\"><p class=\"\" data-start=\"1379\" data-end=\"1445\"><strong data-start=\"1379\" data-end=\"1445\">California Consumer Privacy Act (CCPA &#8211; EUA), quando aplic\u00e1vel<\/strong><\/p><\/li><\/ul><hr class=\"\" data-start=\"1447\" data-end=\"1450\" \/><h2 class=\"\" data-start=\"1452\" data-end=\"1473\">2. Dados Coletados<\/h2><p class=\"\" data-start=\"1475\" data-end=\"1548\">Durante o uso da plataforma, podemos coletar os seguintes tipos de dados:<\/p><h3 class=\"\" data-start=\"1550\" data-end=\"1573\">a) Dados cadastrais<\/h3><ul data-start=\"1574\" data-end=\"1687\"><li class=\"\" data-start=\"1574\" data-end=\"1627\"><p class=\"\" data-start=\"1576\" data-end=\"1627\">Nome completo, e-mail, telefone, CPF\/CNPJ, endere\u00e7o<\/p><\/li><li class=\"\" data-start=\"1628\" data-end=\"1687\"><p class=\"\" data-start=\"1630\" data-end=\"1687\">Nome da empresa, dom\u00ednio personalizado, usu\u00e1rios internos<\/p><\/li><\/ul><h3 class=\"\" data-start=\"1689\" data-end=\"1723\">b) Dados de acesso e navega\u00e7\u00e3o<\/h3><ul data-start=\"1724\" data-end=\"1820\"><li class=\"\" data-start=\"1724\" data-end=\"1820\"><p class=\"\" data-start=\"1726\" data-end=\"1820\">IP, tipo de navegador, sistema operacional, data e hora de acesso, a\u00e7\u00f5es realizadas no sistema<\/p><\/li><\/ul><h3 class=\"\" data-start=\"1822\" data-end=\"1847\">c) Dados de pagamento<\/h3><ul data-start=\"1848\" data-end=\"2056\"><li class=\"\" data-start=\"1848\" data-end=\"2056\"><p class=\"\" data-start=\"1850\" data-end=\"2056\">Informa\u00e7\u00f5es de pagamento processadas via <strong data-start=\"1891\" data-end=\"1964\">gateways como Stripe, Mercado Pago, Google Pay, Apple Pay, Asaas, EFI<\/strong>, entre outros. <em data-start=\"1980\" data-end=\"2056\">Esses dados s\u00e3o tratados exclusivamente pelos respectivos intermediadores.<\/em><\/p><\/li><\/ul><h3 class=\"\" data-start=\"2058\" data-end=\"2093\">d) Dados inseridos pelo usu\u00e1rio<\/h3><ul data-start=\"2094\" data-end=\"2254\"><li class=\"\" data-start=\"2094\" data-end=\"2254\"><p class=\"\" data-start=\"2096\" data-end=\"2254\">Toda informa\u00e7\u00e3o armazenada voluntariamente no CRM (ex: dados de clientes, propostas, contratos, tarefas, etc.) \u00e9 de responsabilidade exclusiva do contratante.<\/p><\/li><\/ul><hr class=\"\" data-start=\"2256\" data-end=\"2259\" \/><h2 class=\"\" data-start=\"2261\" data-end=\"2300\">3. Finalidade do Tratamento de Dados<\/h2><p class=\"\" data-start=\"2302\" data-end=\"2331\">Os dados s\u00e3o utilizados para:<\/p><ul data-start=\"2333\" data-end=\"2609\"><li class=\"\" data-start=\"2333\" data-end=\"2382\"><p class=\"\" data-start=\"2335\" data-end=\"2382\">Execu\u00e7\u00e3o dos servi\u00e7os contratados na plataforma<\/p><\/li><li class=\"\" data-start=\"2383\" data-end=\"2433\"><p class=\"\" data-start=\"2385\" data-end=\"2433\">Garantia de seguran\u00e7a e integridade da aplica\u00e7\u00e3o<\/p><\/li><li class=\"\" data-start=\"2434\" data-end=\"2476\"><p class=\"\" data-start=\"2436\" data-end=\"2476\">Atendimento t\u00e9cnico e suporte ao cliente<\/p><\/li><li class=\"\" data-start=\"2477\" data-end=\"2550\"><p class=\"\" data-start=\"2479\" data-end=\"2550\">Comunica\u00e7\u00e3o institucional, promo\u00e7\u00f5es e atualiza\u00e7\u00f5es (com consentimento)<\/p><\/li><li class=\"\" data-start=\"2551\" data-end=\"2609\"><p class=\"\" data-start=\"2553\" data-end=\"2609\">Cumprimento de obriga\u00e7\u00f5es legais, fiscais e regulat\u00f3rias<\/p><\/li><\/ul><hr class=\"\" data-start=\"2611\" data-end=\"2614\" \/><h2 class=\"\" data-start=\"2616\" data-end=\"2648\">4. Base Legal para Tratamento<\/h2><p class=\"\" data-start=\"2650\" data-end=\"2713\">O tratamento de dados se fundamenta nas seguintes bases legais:<\/p><ul data-start=\"2715\" data-end=\"2929\"><li class=\"\" data-start=\"2715\" data-end=\"2765\"><p class=\"\" data-start=\"2717\" data-end=\"2765\"><strong data-start=\"2717\" data-end=\"2741\">Execu\u00e7\u00e3o de contrato<\/strong> (uso da plataforma CRM)<\/p><\/li><li class=\"\" data-start=\"2766\" data-end=\"2821\"><p class=\"\" data-start=\"2768\" data-end=\"2821\"><strong data-start=\"2768\" data-end=\"2785\">Consentimento<\/strong> (envio de comunica\u00e7\u00f5es e marketing)<\/p><\/li><li class=\"\" data-start=\"2822\" data-end=\"2877\"><p class=\"\" data-start=\"2824\" data-end=\"2877\"><strong data-start=\"2824\" data-end=\"2846\">Interesse leg\u00edtimo<\/strong> (melhoria cont\u00ednua do servi\u00e7o)<\/p><\/li><li class=\"\" data-start=\"2878\" data-end=\"2929\"><p class=\"\" data-start=\"2880\" data-end=\"2929\"><strong data-start=\"2880\" data-end=\"2929\">Cumprimento de obriga\u00e7\u00e3o legal ou regulat\u00f3ria<\/strong><\/p><\/li><\/ul><hr class=\"\" data-start=\"2931\" data-end=\"2934\" \/><h2 class=\"\" data-start=\"2936\" data-end=\"2967\">5. Compartilhamento de Dados<\/h2><p class=\"\" data-start=\"2969\" data-end=\"3059\">O System360 CRM <strong data-start=\"2985\" data-end=\"3051\">n\u00e3o vende ou compartilha dados com terceiros sem consentimento<\/strong>, salvo:<\/p><ul data-start=\"3061\" data-end=\"3233\"><li class=\"\" data-start=\"3061\" data-end=\"3176\"><p class=\"\" data-start=\"3063\" data-end=\"3176\">Com servi\u00e7os de terceiros essenciais (gateways de pagamento, envio de e-mails transacionais, hospedagem em nuvem)<\/p><\/li><li class=\"\" data-start=\"3177\" data-end=\"3233\"><p class=\"\" data-start=\"3179\" data-end=\"3233\">Em cumprimento a obriga\u00e7\u00f5es legais ou ordens judiciais<\/p><\/li><\/ul><hr class=\"\" data-start=\"3235\" data-end=\"3238\" \/><h2 class=\"\" data-start=\"3240\" data-end=\"3269\">6. Seguran\u00e7a da Informa\u00e7\u00e3o<\/h2><p class=\"\" data-start=\"3271\" data-end=\"3363\">Implementamos medidas rigorosas de <strong data-start=\"3306\" data-end=\"3351\">seguran\u00e7a f\u00edsica, l\u00f3gica e administrativa<\/strong>, incluindo:<\/p><ul data-start=\"3365\" data-end=\"3609\"><li class=\"\" data-start=\"3365\" data-end=\"3427\"><p class=\"\" data-start=\"3367\" data-end=\"3427\"><strong data-start=\"3367\" data-end=\"3427\">Criptografia de dados em tr\u00e2nsito (SSL\/TLS) e em repouso<\/strong><\/p><\/li><li class=\"\" data-start=\"3428\" data-end=\"3478\"><p class=\"\" data-start=\"3430\" data-end=\"3478\"><strong data-start=\"3430\" data-end=\"3478\">Backups autom\u00e1ticos e redund\u00e2ncia geogr\u00e1fica<\/strong><\/p><\/li><li class=\"\" data-start=\"3479\" data-end=\"3539\"><p class=\"\" data-start=\"3481\" data-end=\"3539\"><strong data-start=\"3481\" data-end=\"3539\">Firewalls, monitoramento cont\u00ednuo e controle de acesso<\/strong><\/p><\/li><li class=\"\" data-start=\"3540\" data-end=\"3609\"><p class=\"\" data-start=\"3542\" data-end=\"3609\"><strong data-start=\"3542\" data-end=\"3609\">Pol\u00edticas internas de privacidade e seguran\u00e7a com colaboradores<\/strong><\/p><\/li><\/ul><p class=\"\" data-start=\"3611\" data-end=\"3719\">O acesso aos dados \u00e9 restrito a profissionais autorizados e treinados, sob compromisso de confidencialidade.<\/p><hr class=\"\" data-start=\"3721\" data-end=\"3724\" \/><h2 class=\"\" data-start=\"3726\" data-end=\"3760\">7. Direitos do Titular de Dados<\/h2><p class=\"\" data-start=\"3762\" data-end=\"3831\">O titular dos dados possui os seguintes direitos, garantidos por lei:<\/p><ul data-start=\"3833\" data-end=\"4023\"><li class=\"\" data-start=\"3833\" data-end=\"3883\"><p class=\"\" data-start=\"3835\" data-end=\"3883\">Acessar, corrigir ou excluir seus dados pessoais<\/p><\/li><li class=\"\" data-start=\"3884\" data-end=\"3921\"><p class=\"\" data-start=\"3886\" data-end=\"3921\">Solicitar a portabilidade dos dados<\/p><\/li><li class=\"\" data-start=\"3922\" data-end=\"3969\"><p class=\"\" data-start=\"3924\" data-end=\"3969\">Revogar consentimentos previamente concedidos<\/p><\/li><li class=\"\" data-start=\"3970\" data-end=\"4023\"><p class=\"\" data-start=\"3972\" data-end=\"4023\">Ser informado sobre uso e tratamento dos seus dados<\/p><\/li><\/ul><p class=\"\" data-start=\"4025\" data-end=\"4122\">Para exercer qualquer desses direitos, entre em contato pelo e-mail: <strong data-start=\"4094\" data-end=\"4122\"><a rel=\"noopener\" data-start=\"4096\" data-end=\"4120\">contato@system360.com.br<\/a><\/strong><\/p><hr class=\"\" data-start=\"4124\" data-end=\"4127\" \/><h2 class=\"\" data-start=\"4129\" data-end=\"4163\">8. Reten\u00e7\u00e3o e Exclus\u00e3o de Dados<\/h2><ul data-start=\"4165\" data-end=\"4548\"><li class=\"\" data-start=\"4165\" data-end=\"4222\"><p class=\"\" data-start=\"4167\" data-end=\"4222\">Os dados ser\u00e3o mantidos enquanto a conta estiver ativa.<\/p><\/li><li class=\"\" data-start=\"4223\" data-end=\"4382\"><p class=\"\" data-start=\"4225\" data-end=\"4382\">Em caso de <strong data-start=\"4236\" data-end=\"4272\">inadimpl\u00eancia superior a 45 dias<\/strong>, a conta poder\u00e1 ser <strong data-start=\"4293\" data-end=\"4321\">exclu\u00edda permanentemente<\/strong>, com <strong data-start=\"4327\" data-end=\"4381\">remo\u00e7\u00e3o irrevers\u00edvel de todos os dados cadastrados<\/strong>.<\/p><\/li><li class=\"\" data-start=\"4383\" data-end=\"4548\"><p class=\"\" data-start=\"4385\" data-end=\"4548\">Ap\u00f3s cancelamento, os dados ser\u00e3o mantidos por at\u00e9 <strong data-start=\"4436\" data-end=\"4473\">30 dias para poss\u00edvel recupera\u00e7\u00e3o<\/strong>, mediante solicita\u00e7\u00e3o. Depois disso, ser\u00e3o <strong data-start=\"4517\" data-end=\"4547\">definitivamente eliminados<\/strong>.<\/p><\/li><\/ul><hr class=\"\" data-start=\"4550\" data-end=\"4553\" \/><h2 class=\"\" data-start=\"4555\" data-end=\"4598\">9. Cookies e Tecnologias de Rastreamento<\/h2><p class=\"\" data-start=\"4600\" data-end=\"4648\">Utilizamos cookies e tecnologias similares para:<\/p><ul data-start=\"4650\" data-end=\"4772\"><li class=\"\" data-start=\"4650\" data-end=\"4685\"><p class=\"\" data-start=\"4652\" data-end=\"4685\">Melhorar a experi\u00eancia do usu\u00e1rio<\/p><\/li><li class=\"\" data-start=\"4686\" data-end=\"4729\"><p class=\"\" data-start=\"4688\" data-end=\"4729\">Realizar an\u00e1lises de navega\u00e7\u00e3o e m\u00e9tricas<\/p><\/li><li class=\"\" data-start=\"4730\" data-end=\"4772\"><p class=\"\" data-start=\"4732\" data-end=\"4772\">Personalizar conte\u00fados e funcionalidades<\/p><\/li><\/ul><p class=\"\" data-start=\"4774\" data-end=\"4845\">O usu\u00e1rio pode controlar ou desativar cookies diretamente no navegador.<\/p><hr class=\"\" data-start=\"4847\" data-end=\"4850\" \/><h2 class=\"\" data-start=\"4852\" data-end=\"4895\">10. Transfer\u00eancia Internacional de Dados<\/h2><p class=\"\" data-start=\"4897\" data-end=\"5156\">Alguns servi\u00e7os utilizados podem operar fora do territ\u00f3rio brasileiro. Nestes casos, <strong data-start=\"4982\" data-end=\"5143\">nos certificamos de que os dados estejam protegidos por cl\u00e1usulas contratuais adequadas, n\u00edveis adequados de seguran\u00e7a e conformidade com leis internacionais<\/strong> como a GDPR.<\/p><hr class=\"\" data-start=\"5158\" data-end=\"5161\" \/><h2 class=\"\" data-start=\"5163\" data-end=\"5207\">11. Altera\u00e7\u00f5es na Pol\u00edtica de Privacidade<\/h2><p class=\"\" data-start=\"5209\" data-end=\"5404\">Reservamo-nos o direito de alterar esta pol\u00edtica a qualquer momento. As atualiza\u00e7\u00f5es ser\u00e3o comunicadas por e-mail ou via notifica\u00e7\u00e3o na plataforma. Recomendamos revis\u00e3o peri\u00f3dica deste documento.<\/p><hr class=\"\" data-start=\"5406\" data-end=\"5409\" \/><h2 class=\"\" data-start=\"5411\" data-end=\"5435\">12. Contato e D\u00favidas<\/h2><p class=\"\" data-start=\"5437\" data-end=\"5531\">Para d\u00favidas, solicita\u00e7\u00f5es ou exerc\u00edcio de direitos, entre em contato com nosso canal oficial:<\/p><p class=\"\" data-start=\"5533\" data-end=\"5564\">\ud83d\udce7 <strong data-start=\"5536\" data-end=\"5564\"><a rel=\"noopener\" data-start=\"5538\" data-end=\"5562\">contato@system360.com.br<\/a><\/strong><\/p><hr class=\"\" data-start=\"5566\" data-end=\"5569\" \/><p class=\"\" data-start=\"5571\" data-end=\"5683\"><strong data-start=\"5571\" data-end=\"5605\">TXR Solu\u00e7\u00f5es e Tecnologia Ltda<\/strong><br data-start=\"5605\" data-end=\"5608\" \/><strong data-start=\"5608\" data-end=\"5683\">System360 CRM \u2013 Gest\u00e3o Segura e Transparente para Empresas Inteligentes<\/strong><\/p>\t\t\t\t\t\t\t\t<\/div>\n\t\t\t\t<\/div>\n\t\t\t\t\t<\/div>\n\t\t\t\t<\/div>\n\t\t\t\t<section class=\"elementor-section elementor-top-section elementor-element elementor-element-1c789d3 elementor-section-boxed elementor-section-height-default elementor-section-height-default\" data-id=\"1c789d3\" data-element_type=\"section\" data-e-type=\"section\" data-settings=\"{&quot;background_background&quot;:&quot;classic&quot;}\">\n\t\t\t\t\t\t\t<div class=\"elementor-background-overlay\"><\/div>\n\t\t\t\t\t\t\t<div class=\"elementor-container elementor-column-gap-default\">\n\t\t\t\t\t<div class=\"elementor-column elementor-col-100 elementor-top-column elementor-element elementor-element-da53945 elementor-invisible\" data-id=\"da53945\" data-element_type=\"column\" data-e-type=\"column\" data-settings=\"{&quot;animation&quot;:&quot;zoomIn&quot;}\">\n\t\t\t<div class=\"elementor-widget-wrap elementor-element-populated\">\n\t\t\t\t\t\t<div class=\"elementor-element elementor-element-8d8d86c elementor-widget elementor-widget-heading\" data-id=\"8d8d86c\" data-element_type=\"widget\" data-e-type=\"widget\" data-widget_type=\"heading.default\">\n\t\t\t\t<div class=\"elementor-widget-container\">\n\t\t\t\t\t<h2 class=\"elementor-heading-title elementor-size-default\">Experimente o System360 CRM Gratuitamente \u2013 Sem Riscos, Sem Cart\u00e3o!<\/h2>\t\t\t\t<\/div>\n\t\t\t\t<\/div>\n\t\t\t\t<div class=\"elementor-element elementor-element-bf9d6a0 elementor-widget elementor-widget-text-editor\" data-id=\"bf9d6a0\" data-element_type=\"widget\" data-e-type=\"widget\" data-widget_type=\"text-editor.default\">\n\t\t\t\t<div class=\"elementor-widget-container\">\n\t\t\t\t\t\t\t\t\t<p>Descubra todo o potencial do nosso CRM com um teste 100% gratuito.<br data-start=\"218\" data-end=\"221\" \/>Sem necessidade de cart\u00e3o de cr\u00e9dito, sem compromisso \u2013 teste com calma, explore todos os recursos e veja como o System360 pode transformar a gest\u00e3o da sua empresa antes de tomar qualquer decis\u00e3o.<\/p>\t\t\t\t\t\t\t\t<\/div>\n\t\t\t\t<\/div>\n\t\t\t\t<div class=\"elementor-element elementor-element-2af8f63 elementor-align-center elementor-widget elementor-widget-button\" data-id=\"2af8f63\" data-element_type=\"widget\" data-e-type=\"widget\" data-widget_type=\"button.default\">\n\t\t\t\t<div class=\"elementor-widget-container\">\n\t\t\t\t\t\t\t\t\t<div class=\"elementor-button-wrapper\">\n\t\t\t\t\t<a class=\"elementor-button elementor-button-link elementor-size-md\" href=\"https:\/\/system360.com.br\/home\/servicos\">\n\t\t\t\t\t\t<span class=\"elementor-button-content-wrapper\">\n\t\t\t\t\t\t\t\t\t<span class=\"elementor-button-text\">testar por 14 dias<\/span>\n\t\t\t\t\t<\/span>\n\t\t\t\t\t<\/a>\n\t\t\t\t<\/div>\n\t\t\t\t\t\t\t\t<\/div>\n\t\t\t\t<\/div>\n\t\t\t\t\t<\/div>\n\t\t<\/div>\n\t\t\t\t\t<\/div>\n\t\t<\/section>\n\t\t\t\t<\/div>\n\t\t","protected":false},"excerpt":{"rendered":"<p>\ud83d\udcc4 Pol\u00edtica de Privacidade \u2013 System360 CRM \u00daltima atualiza\u00e7\u00e3o: 12\/04\/2025Respons\u00e1vel legal: TXR Solu\u00e7\u00f5es e Tecnologia LtdaCNPJ: 12.661.465\/0001-72Endere\u00e7o: Marechal Deodoro \u2013 Alagoas, BrasilE-mail para contato: contato@system360.com.br 1. Compromisso com a Privacidade A TXR Solu\u00e7\u00f5es e Tecnologia Ltda, desenvolvedora e respons\u00e1vel pelo System360 CRM, respeita e protege os dados pessoais e empresariais de todos os seus usu\u00e1rios, [&hellip;]<\/p>\n","protected":false},"author":1,"featured_media":0,"parent":0,"menu_order":0,"comment_status":"closed","ping_status":"closed","template":"","meta":{"_monsterinsights_skip_tracking":false,"_monsterinsights_sitenote_active":false,"_monsterinsights_sitenote_note":"","_monsterinsights_sitenote_category":0,"_uf_show_specific_survey":0,"_uf_disable_surveys":false,"footnotes":""},"class_list":["post-475","page","type-page","status-publish","hentry"],"aioseo_notices":[],"_links":{"self":[{"href":"https:\/\/system360.com.br\/home\/wp-json\/wp\/v2\/pages\/475","targetHints":{"allow":["GET"]}}],"collection":[{"href":"https:\/\/system360.com.br\/home\/wp-json\/wp\/v2\/pages"}],"about":[{"href":"https:\/\/system360.com.br\/home\/wp-json\/wp\/v2\/types\/page"}],"author":[{"embeddable":true,"href":"https:\/\/system360.com.br\/home\/wp-json\/wp\/v2\/users\/1"}],"replies":[{"embeddable":true,"href":"https:\/\/system360.com.br\/home\/wp-json\/wp\/v2\/comments?post=475"}],"version-history":[{"count":7,"href":"https:\/\/system360.com.br\/home\/wp-json\/wp\/v2\/pages\/475\/revisions"}],"predecessor-version":[{"id":1101,"href":"https:\/\/system360.com.br\/home\/wp-json\/wp\/v2\/pages\/475\/revisions\/1101"}],"wp:attachment":[{"href":"https:\/\/system360.com.br\/home\/wp-json\/wp\/v2\/media?parent=475"}],"curies":[{"name":"wp","href":"https:\/\/api.w.org\/{rel}","templated":true}]}}